{"id":9681,"date":"2022-11-29T10:38:23","date_gmt":"2022-11-29T08:38:23","guid":{"rendered":"https:\/\/restmec.ee\/toode\/jarelpesulaud-1550-pikad-rullid\/"},"modified":"2022-12-02T12:57:54","modified_gmt":"2022-12-02T10:57:54","slug":"jarelpesulaud-1550-pikad-rullid","status":"publish","type":"product","link":"https:\/\/restmec.ee\/fi\/toode\/jarelpesulaud-1550-pikad-rullid\/","title":{"rendered":"J\u00e4lkipesup\u00f6yt\u00e4 1550 pitkill\u00e4 rullilla"},"content":{"rendered":"<ul>\n<li>ruostumattomasta ter\u00e4ksest\u00e4 ty\u00f6taso<\/li>\n<li>ty\u00f6tason takareunassa roiskesuoja, vakiokorkeus 50\u00a0mm (mahdollista tilata 200\u00a0mm saakka)<\/li>\n<li>p\u00f6yd\u00e4ll\u00e4 on pesukoneliit\u00e4nt\u00e4 (HUOM! Liit\u00e4nt\u00e4 pesukonemerkin mukaan \u2013 asiakas toimittaa tiedon.)<\/li>\n<li>rullat ovat koko korin levyisi\u00e4<\/li>\n<li>altaan pohja on kalteva poistoaukon suuntaan<\/li>\n<li>poistoaukko \u230050<\/li>\n<li>ty\u00f6p\u00f6yd\u00e4n kehys ruostumattomasta ter\u00e4sneli\u00f6putkesta (30\u00a0x\u00a030\u00a0mm)<\/li>\n<li>p\u00f6yd\u00e4n korkeus muutettavissa s\u00e4\u00e4dett\u00e4vill\u00e4 jaloilla \u00b120\u00a0mm<\/li>\n<li>p\u00f6yt\u00e4 on varustettu alahyllyll\u00e4<\/li>\n<\/ul>\n<p><strong>J\u00e4lkipesup\u00f6yd\u00e4lle mahdollista tilata:<\/strong><\/p>\n<ul>\n<li>rei\u2019itetty alahylly<\/li>\n<li>ilman hylly\u00e4<\/li>\n<li>roskasihti<\/li>\n<li>palloventtiili<\/li>\n<\/ul>\n","protected":false},"excerpt":{"rendered":"<p>ruostumattomasta ter\u00e4ksest\u00e4 ty\u00f6taso ty\u00f6tason takareunassa roiskesuoja, vakiokorkeus 50\u00a0mm (mahdollista tilata 200\u00a0mm saakka) p\u00f6yd\u00e4ll\u00e4 on pesukoneliit\u00e4nt\u00e4 (HUOM! Liit\u00e4nt\u00e4 pesukonemerkin mukaan \u2013&#8230;<\/p>\n","protected":false},"featured_media":9629,"comment_status":"closed","ping_status":"closed","template":"","meta":{"_acf_changed":false},"product_brand":[],"product_cat":[303],"product_tag":[],"class_list":{"0":"post-9681","1":"product","2":"type-product","3":"status-publish","4":"has-post-thumbnail","6":"product_cat-jalkipesupoydat","8":"first","9":"instock","10":"shipping-taxable","11":"product-type-simple"},"acf":[],"yoast_head":"<!-- This site is optimized with the Yoast SEO plugin v27.2 - https:\/\/yoast.com\/product\/yoast-seo-wordpress\/ -->\n<title>J\u00e4lkipesup\u00f6yt\u00e4 1550 pitkill\u00e4 rullilla - Restmec<\/title>\n<meta name=\"robots\" content=\"index, follow, max-snippet:-1, max-image-preview:large, max-video-preview:-1\" \/>\n<link rel=\"canonical\" href=\"https:\/\/restmec.ee\/fi\/toode\/jarelpesulaud-1550-pikad-rullid\/\" \/>\n<meta property=\"og:locale\" content=\"fi_FI\" \/>\n<meta property=\"og:type\" content=\"article\" \/>\n<meta property=\"og:title\" content=\"J\u00e4lkipesup\u00f6yt\u00e4 1550 pitkill\u00e4 rullilla - Restmec\" \/>\n<meta property=\"og:description\" content=\"ruostumattomasta ter\u00e4ksest\u00e4 ty\u00f6taso ty\u00f6tason takareunassa roiskesuoja, vakiokorkeus 50\u00a0mm (mahdollista tilata 200\u00a0mm saakka) p\u00f6yd\u00e4ll\u00e4 on pesukoneliit\u00e4nt\u00e4 (HUOM! Liit\u00e4nt\u00e4 pesukonemerkin mukaan \u2013...\" \/>\n<meta property=\"og:url\" content=\"https:\/\/restmec.ee\/fi\/toode\/jarelpesulaud-1550-pikad-rullid\/\" \/>\n<meta property=\"og:site_name\" content=\"Restmec\" \/>\n<meta property=\"article:modified_time\" content=\"2022-12-02T10:57:54+00:00\" \/>\n<meta property=\"og:image\" content=\"https:\/\/restmec.ee\/wp-content\/uploads\/2022\/11\/JPL-1550-pikad-rullid.jpg\" \/>\n\t<meta property=\"og:image:width\" content=\"1920\" \/>\n\t<meta property=\"og:image:height\" content=\"1536\" \/>\n\t<meta property=\"og:image:type\" content=\"image\/jpeg\" \/>\n<meta name=\"twitter:card\" content=\"summary_large_image\" \/>\n<meta name=\"twitter:label1\" content=\"Arvioitu lukuaika\" \/>\n\t<meta name=\"twitter:data1\" content=\"1 minuutti\" \/>\n<script type=\"application\/ld+json\" class=\"yoast-schema-graph\">{\"@context\":\"https:\/\/schema.org\",\"@graph\":[{\"@type\":\"WebPage\",\"@id\":\"https:\/\/restmec.ee\/fi\/toode\/jarelpesulaud-1550-pikad-rullid\/\",\"url\":\"https:\/\/restmec.ee\/fi\/toode\/jarelpesulaud-1550-pikad-rullid\/\",\"name\":\"J\u00e4lkipesup\u00f6yt\u00e4 1550 pitkill\u00e4 rullilla - Restmec\",\"isPartOf\":{\"@id\":\"https:\/\/restmec.ee\/en\/#website\"},\"primaryImageOfPage\":{\"@id\":\"https:\/\/restmec.ee\/fi\/toode\/jarelpesulaud-1550-pikad-rullid\/#primaryimage\"},\"image\":{\"@id\":\"https:\/\/restmec.ee\/fi\/toode\/jarelpesulaud-1550-pikad-rullid\/#primaryimage\"},\"thumbnailUrl\":\"https:\/\/restmec.ee\/wp-content\/uploads\/2022\/11\/JPL-1550-pikad-rullid.jpg\",\"datePublished\":\"2022-11-29T08:38:23+00:00\",\"dateModified\":\"2022-12-02T10:57:54+00:00\",\"breadcrumb\":{\"@id\":\"https:\/\/restmec.ee\/fi\/toode\/jarelpesulaud-1550-pikad-rullid\/#breadcrumb\"},\"inLanguage\":\"fi\",\"potentialAction\":[{\"@type\":\"ReadAction\",\"target\":[\"https:\/\/restmec.ee\/fi\/toode\/jarelpesulaud-1550-pikad-rullid\/\"]}]},{\"@type\":\"ImageObject\",\"inLanguage\":\"fi\",\"@id\":\"https:\/\/restmec.ee\/fi\/toode\/jarelpesulaud-1550-pikad-rullid\/#primaryimage\",\"url\":\"https:\/\/restmec.ee\/wp-content\/uploads\/2022\/11\/JPL-1550-pikad-rullid.jpg\",\"contentUrl\":\"https:\/\/restmec.ee\/wp-content\/uploads\/2022\/11\/JPL-1550-pikad-rullid.jpg\",\"width\":1920,\"height\":1536},{\"@type\":\"BreadcrumbList\",\"@id\":\"https:\/\/restmec.ee\/fi\/toode\/jarelpesulaud-1550-pikad-rullid\/#breadcrumb\",\"itemListElement\":[{\"@type\":\"ListItem\",\"position\":1,\"name\":\"Home\",\"item\":\"https:\/\/restmec.ee\/fi\/\"},{\"@type\":\"ListItem\",\"position\":2,\"name\":\"Tuotteet\",\"item\":\"https:\/\/restmec.ee\/fi\/tuotteet\/\"},{\"@type\":\"ListItem\",\"position\":3,\"name\":\"J\u00e4lkipesup\u00f6yt\u00e4 1550 pitkill\u00e4 rullilla\"}]},{\"@type\":\"WebSite\",\"@id\":\"https:\/\/restmec.ee\/en\/#website\",\"url\":\"https:\/\/restmec.ee\/en\/\",\"name\":\"Restmec\",\"description\":\"Roostevabast metallist m\u00f6\u00f6bli tootmine\",\"potentialAction\":[{\"@type\":\"SearchAction\",\"target\":{\"@type\":\"EntryPoint\",\"urlTemplate\":\"https:\/\/restmec.ee\/en\/?s={search_term_string}\"},\"query-input\":{\"@type\":\"PropertyValueSpecification\",\"valueRequired\":true,\"valueName\":\"search_term_string\"}}],\"inLanguage\":\"fi\"}]}<\/script>\n<!-- \/ Yoast SEO plugin. -->","yoast_head_json":{"title":"J\u00e4lkipesup\u00f6yt\u00e4 1550 pitkill\u00e4 rullilla - Restmec","robots":{"index":"index","follow":"follow","max-snippet":"max-snippet:-1","max-image-preview":"max-image-preview:large","max-video-preview":"max-video-preview:-1"},"canonical":"https:\/\/restmec.ee\/fi\/toode\/jarelpesulaud-1550-pikad-rullid\/","og_locale":"fi_FI","og_type":"article","og_title":"J\u00e4lkipesup\u00f6yt\u00e4 1550 pitkill\u00e4 rullilla - Restmec","og_description":"ruostumattomasta ter\u00e4ksest\u00e4 ty\u00f6taso ty\u00f6tason takareunassa roiskesuoja, vakiokorkeus 50\u00a0mm (mahdollista tilata 200\u00a0mm saakka) p\u00f6yd\u00e4ll\u00e4 on pesukoneliit\u00e4nt\u00e4 (HUOM! Liit\u00e4nt\u00e4 pesukonemerkin mukaan \u2013...","og_url":"https:\/\/restmec.ee\/fi\/toode\/jarelpesulaud-1550-pikad-rullid\/","og_site_name":"Restmec","article_modified_time":"2022-12-02T10:57:54+00:00","og_image":[{"width":1920,"height":1536,"url":"https:\/\/restmec.ee\/wp-content\/uploads\/2022\/11\/JPL-1550-pikad-rullid.jpg","type":"image\/jpeg"}],"twitter_card":"summary_large_image","twitter_misc":{"Arvioitu lukuaika":"1 minuutti"},"schema":{"@context":"https:\/\/schema.org","@graph":[{"@type":"WebPage","@id":"https:\/\/restmec.ee\/fi\/toode\/jarelpesulaud-1550-pikad-rullid\/","url":"https:\/\/restmec.ee\/fi\/toode\/jarelpesulaud-1550-pikad-rullid\/","name":"J\u00e4lkipesup\u00f6yt\u00e4 1550 pitkill\u00e4 rullilla - Restmec","isPartOf":{"@id":"https:\/\/restmec.ee\/en\/#website"},"primaryImageOfPage":{"@id":"https:\/\/restmec.ee\/fi\/toode\/jarelpesulaud-1550-pikad-rullid\/#primaryimage"},"image":{"@id":"https:\/\/restmec.ee\/fi\/toode\/jarelpesulaud-1550-pikad-rullid\/#primaryimage"},"thumbnailUrl":"https:\/\/restmec.ee\/wp-content\/uploads\/2022\/11\/JPL-1550-pikad-rullid.jpg","datePublished":"2022-11-29T08:38:23+00:00","dateModified":"2022-12-02T10:57:54+00:00","breadcrumb":{"@id":"https:\/\/restmec.ee\/fi\/toode\/jarelpesulaud-1550-pikad-rullid\/#breadcrumb"},"inLanguage":"fi","potentialAction":[{"@type":"ReadAction","target":["https:\/\/restmec.ee\/fi\/toode\/jarelpesulaud-1550-pikad-rullid\/"]}]},{"@type":"ImageObject","inLanguage":"fi","@id":"https:\/\/restmec.ee\/fi\/toode\/jarelpesulaud-1550-pikad-rullid\/#primaryimage","url":"https:\/\/restmec.ee\/wp-content\/uploads\/2022\/11\/JPL-1550-pikad-rullid.jpg","contentUrl":"https:\/\/restmec.ee\/wp-content\/uploads\/2022\/11\/JPL-1550-pikad-rullid.jpg","width":1920,"height":1536},{"@type":"BreadcrumbList","@id":"https:\/\/restmec.ee\/fi\/toode\/jarelpesulaud-1550-pikad-rullid\/#breadcrumb","itemListElement":[{"@type":"ListItem","position":1,"name":"Home","item":"https:\/\/restmec.ee\/fi\/"},{"@type":"ListItem","position":2,"name":"Tuotteet","item":"https:\/\/restmec.ee\/fi\/tuotteet\/"},{"@type":"ListItem","position":3,"name":"J\u00e4lkipesup\u00f6yt\u00e4 1550 pitkill\u00e4 rullilla"}]},{"@type":"WebSite","@id":"https:\/\/restmec.ee\/en\/#website","url":"https:\/\/restmec.ee\/en\/","name":"Restmec","description":"Roostevabast metallist m\u00f6\u00f6bli tootmine","potentialAction":[{"@type":"SearchAction","target":{"@type":"EntryPoint","urlTemplate":"https:\/\/restmec.ee\/en\/?s={search_term_string}"},"query-input":{"@type":"PropertyValueSpecification","valueRequired":true,"valueName":"search_term_string"}}],"inLanguage":"fi"}]}},"_links":{"self":[{"href":"https:\/\/restmec.ee\/fi\/wp-json\/wp\/v2\/product\/9681","targetHints":{"allow":["GET"]}}],"collection":[{"href":"https:\/\/restmec.ee\/fi\/wp-json\/wp\/v2\/product"}],"about":[{"href":"https:\/\/restmec.ee\/fi\/wp-json\/wp\/v2\/types\/product"}],"replies":[{"embeddable":true,"href":"https:\/\/restmec.ee\/fi\/wp-json\/wp\/v2\/comments?post=9681"}],"wp:featuredmedia":[{"embeddable":true,"href":"https:\/\/restmec.ee\/fi\/wp-json\/wp\/v2\/media\/9629"}],"wp:attachment":[{"href":"https:\/\/restmec.ee\/fi\/wp-json\/wp\/v2\/media?parent=9681"}],"wp:term":[{"taxonomy":"product_brand","embeddable":true,"href":"https:\/\/restmec.ee\/fi\/wp-json\/wp\/v2\/product_brand?post=9681"},{"taxonomy":"product_cat","embeddable":true,"href":"https:\/\/restmec.ee\/fi\/wp-json\/wp\/v2\/product_cat?post=9681"},{"taxonomy":"product_tag","embeddable":true,"href":"https:\/\/restmec.ee\/fi\/wp-json\/wp\/v2\/product_tag?post=9681"}],"curies":[{"name":"wp","href":"https:\/\/api.w.org\/{rel}","templated":true}]}}