{"id":8829,"date":"2022-09-30T11:02:34","date_gmt":"2022-09-30T08:02:34","guid":{"rendered":"https:\/\/restmec.ee\/toode\/gn-karu-togi-gn-1-1x8\/"},"modified":"2025-11-04T11:27:04","modified_gmt":"2025-11-04T09:27:04","slug":"gn-karu-togi-gn-1-1x8","status":"publish","type":"product","link":"https:\/\/restmec.ee\/fi\/toode\/gn-karu-togi-gn-1-1x8\/","title":{"rendered":"GN vaunu Togi GN 1\/1\u00d78"},"content":{"rendered":"<ul>\n<li>rakenne ruostumattomasta ter\u00e4ksest\u00e4<\/li>\n<li>johteet 8 kpl GN 1\/1 -astialle<\/li>\n<li>ruostumaton yl\u00e4taso vaunussa<\/li>\n<li>nelj\u00e4st\u00e4 py\u00f6r\u00e4st\u00e4 kaksi on jarrullisia<\/li>\n<li><strong>Huom!<\/strong> Mahdollista tilata johteiden p\u00e4\u00e4h\u00e4n korokkeet, jotka est\u00e4v\u00e4t astian pois liukumisen kuljetuksen aikana!<\/li>\n<\/ul>\n<p><a href=\"https:\/\/restmec.ee\/wp-content\/uploads\/2022\/09\/GN-Togi-382x542x850-2D.pdf\">Tekninen piirustus PDF-tiedosto<\/a><\/p>\n<p>&nbsp;<\/p>\n","protected":false},"excerpt":{"rendered":"<p>rakenne ruostumattomasta ter\u00e4ksest\u00e4 johteet 8 kpl GN 1\/1 -astialle ruostumaton yl\u00e4taso vaunussa nelj\u00e4st\u00e4 py\u00f6r\u00e4st\u00e4 kaksi on jarrullisia Huom! Mahdollista tilata&#8230;<\/p>\n","protected":false},"featured_media":8820,"comment_status":"closed","ping_status":"closed","template":"","meta":{"_acf_changed":false},"product_brand":[],"product_cat":[364],"product_tag":[],"class_list":{"0":"post-8829","1":"product","2":"type-product","3":"status-publish","4":"has-post-thumbnail","6":"product_cat-gn-vaunut","8":"first","9":"instock","10":"shipping-taxable","11":"product-type-simple"},"acf":[],"yoast_head":"<!-- This site is optimized with the Yoast SEO plugin v27.2 - https:\/\/yoast.com\/product\/yoast-seo-wordpress\/ -->\n<title>GN vaunu Togi GN 1\/1\u00d78 - Restmec<\/title>\n<meta name=\"robots\" content=\"index, follow, max-snippet:-1, max-image-preview:large, max-video-preview:-1\" \/>\n<link rel=\"canonical\" href=\"https:\/\/restmec.ee\/fi\/toode\/gn-karu-togi-gn-1-1x8\/\" \/>\n<meta property=\"og:locale\" content=\"fi_FI\" \/>\n<meta property=\"og:type\" content=\"article\" \/>\n<meta property=\"og:title\" content=\"GN vaunu Togi GN 1\/1\u00d78 - Restmec\" \/>\n<meta property=\"og:description\" content=\"rakenne ruostumattomasta ter\u00e4ksest\u00e4 johteet 8 kpl GN 1\/1 -astialle ruostumaton yl\u00e4taso vaunussa nelj\u00e4st\u00e4 py\u00f6r\u00e4st\u00e4 kaksi on jarrullisia Huom! Mahdollista tilata...\" \/>\n<meta property=\"og:url\" content=\"https:\/\/restmec.ee\/fi\/toode\/gn-karu-togi-gn-1-1x8\/\" \/>\n<meta property=\"og:site_name\" content=\"Restmec\" \/>\n<meta property=\"article:modified_time\" content=\"2025-11-04T09:27:04+00:00\" \/>\n<meta property=\"og:image\" content=\"https:\/\/restmec.ee\/wp-content\/uploads\/2022\/09\/GN-Togi-372x542x850.jpg\" \/>\n\t<meta property=\"og:image:width\" content=\"1920\" \/>\n\t<meta property=\"og:image:height\" content=\"1536\" \/>\n\t<meta property=\"og:image:type\" content=\"image\/jpeg\" \/>\n<meta name=\"twitter:card\" content=\"summary_large_image\" \/>\n<meta name=\"twitter:label1\" content=\"Arvioitu lukuaika\" \/>\n\t<meta name=\"twitter:data1\" content=\"1 minuutti\" \/>\n<script type=\"application\/ld+json\" class=\"yoast-schema-graph\">{\"@context\":\"https:\/\/schema.org\",\"@graph\":[{\"@type\":\"WebPage\",\"@id\":\"https:\/\/restmec.ee\/fi\/toode\/gn-karu-togi-gn-1-1x8\/\",\"url\":\"https:\/\/restmec.ee\/fi\/toode\/gn-karu-togi-gn-1-1x8\/\",\"name\":\"GN vaunu Togi GN 1\/1\u00d78 - Restmec\",\"isPartOf\":{\"@id\":\"https:\/\/restmec.ee\/en\/#website\"},\"primaryImageOfPage\":{\"@id\":\"https:\/\/restmec.ee\/fi\/toode\/gn-karu-togi-gn-1-1x8\/#primaryimage\"},\"image\":{\"@id\":\"https:\/\/restmec.ee\/fi\/toode\/gn-karu-togi-gn-1-1x8\/#primaryimage\"},\"thumbnailUrl\":\"https:\/\/restmec.ee\/wp-content\/uploads\/2022\/09\/GN-Togi-372x542x850.jpg\",\"datePublished\":\"2022-09-30T08:02:34+00:00\",\"dateModified\":\"2025-11-04T09:27:04+00:00\",\"breadcrumb\":{\"@id\":\"https:\/\/restmec.ee\/fi\/toode\/gn-karu-togi-gn-1-1x8\/#breadcrumb\"},\"inLanguage\":\"fi\",\"potentialAction\":[{\"@type\":\"ReadAction\",\"target\":[\"https:\/\/restmec.ee\/fi\/toode\/gn-karu-togi-gn-1-1x8\/\"]}]},{\"@type\":\"ImageObject\",\"inLanguage\":\"fi\",\"@id\":\"https:\/\/restmec.ee\/fi\/toode\/gn-karu-togi-gn-1-1x8\/#primaryimage\",\"url\":\"https:\/\/restmec.ee\/wp-content\/uploads\/2022\/09\/GN-Togi-372x542x850.jpg\",\"contentUrl\":\"https:\/\/restmec.ee\/wp-content\/uploads\/2022\/09\/GN-Togi-372x542x850.jpg\",\"width\":1920,\"height\":1536},{\"@type\":\"BreadcrumbList\",\"@id\":\"https:\/\/restmec.ee\/fi\/toode\/gn-karu-togi-gn-1-1x8\/#breadcrumb\",\"itemListElement\":[{\"@type\":\"ListItem\",\"position\":1,\"name\":\"Home\",\"item\":\"https:\/\/restmec.ee\/fi\/\"},{\"@type\":\"ListItem\",\"position\":2,\"name\":\"Tuotteet\",\"item\":\"https:\/\/restmec.ee\/fi\/tuotteet\/\"},{\"@type\":\"ListItem\",\"position\":3,\"name\":\"GN vaunu Togi GN 1\/1\u00d78\"}]},{\"@type\":\"WebSite\",\"@id\":\"https:\/\/restmec.ee\/en\/#website\",\"url\":\"https:\/\/restmec.ee\/en\/\",\"name\":\"Restmec\",\"description\":\"Roostevabast metallist m\u00f6\u00f6bli tootmine\",\"potentialAction\":[{\"@type\":\"SearchAction\",\"target\":{\"@type\":\"EntryPoint\",\"urlTemplate\":\"https:\/\/restmec.ee\/en\/?s={search_term_string}\"},\"query-input\":{\"@type\":\"PropertyValueSpecification\",\"valueRequired\":true,\"valueName\":\"search_term_string\"}}],\"inLanguage\":\"fi\"}]}<\/script>\n<!-- \/ Yoast SEO plugin. -->","yoast_head_json":{"title":"GN vaunu Togi GN 1\/1\u00d78 - Restmec","robots":{"index":"index","follow":"follow","max-snippet":"max-snippet:-1","max-image-preview":"max-image-preview:large","max-video-preview":"max-video-preview:-1"},"canonical":"https:\/\/restmec.ee\/fi\/toode\/gn-karu-togi-gn-1-1x8\/","og_locale":"fi_FI","og_type":"article","og_title":"GN vaunu Togi GN 1\/1\u00d78 - Restmec","og_description":"rakenne ruostumattomasta ter\u00e4ksest\u00e4 johteet 8 kpl GN 1\/1 -astialle ruostumaton yl\u00e4taso vaunussa nelj\u00e4st\u00e4 py\u00f6r\u00e4st\u00e4 kaksi on jarrullisia Huom! Mahdollista tilata...","og_url":"https:\/\/restmec.ee\/fi\/toode\/gn-karu-togi-gn-1-1x8\/","og_site_name":"Restmec","article_modified_time":"2025-11-04T09:27:04+00:00","og_image":[{"width":1920,"height":1536,"url":"https:\/\/restmec.ee\/wp-content\/uploads\/2022\/09\/GN-Togi-372x542x850.jpg","type":"image\/jpeg"}],"twitter_card":"summary_large_image","twitter_misc":{"Arvioitu lukuaika":"1 minuutti"},"schema":{"@context":"https:\/\/schema.org","@graph":[{"@type":"WebPage","@id":"https:\/\/restmec.ee\/fi\/toode\/gn-karu-togi-gn-1-1x8\/","url":"https:\/\/restmec.ee\/fi\/toode\/gn-karu-togi-gn-1-1x8\/","name":"GN vaunu Togi GN 1\/1\u00d78 - Restmec","isPartOf":{"@id":"https:\/\/restmec.ee\/en\/#website"},"primaryImageOfPage":{"@id":"https:\/\/restmec.ee\/fi\/toode\/gn-karu-togi-gn-1-1x8\/#primaryimage"},"image":{"@id":"https:\/\/restmec.ee\/fi\/toode\/gn-karu-togi-gn-1-1x8\/#primaryimage"},"thumbnailUrl":"https:\/\/restmec.ee\/wp-content\/uploads\/2022\/09\/GN-Togi-372x542x850.jpg","datePublished":"2022-09-30T08:02:34+00:00","dateModified":"2025-11-04T09:27:04+00:00","breadcrumb":{"@id":"https:\/\/restmec.ee\/fi\/toode\/gn-karu-togi-gn-1-1x8\/#breadcrumb"},"inLanguage":"fi","potentialAction":[{"@type":"ReadAction","target":["https:\/\/restmec.ee\/fi\/toode\/gn-karu-togi-gn-1-1x8\/"]}]},{"@type":"ImageObject","inLanguage":"fi","@id":"https:\/\/restmec.ee\/fi\/toode\/gn-karu-togi-gn-1-1x8\/#primaryimage","url":"https:\/\/restmec.ee\/wp-content\/uploads\/2022\/09\/GN-Togi-372x542x850.jpg","contentUrl":"https:\/\/restmec.ee\/wp-content\/uploads\/2022\/09\/GN-Togi-372x542x850.jpg","width":1920,"height":1536},{"@type":"BreadcrumbList","@id":"https:\/\/restmec.ee\/fi\/toode\/gn-karu-togi-gn-1-1x8\/#breadcrumb","itemListElement":[{"@type":"ListItem","position":1,"name":"Home","item":"https:\/\/restmec.ee\/fi\/"},{"@type":"ListItem","position":2,"name":"Tuotteet","item":"https:\/\/restmec.ee\/fi\/tuotteet\/"},{"@type":"ListItem","position":3,"name":"GN vaunu Togi GN 1\/1\u00d78"}]},{"@type":"WebSite","@id":"https:\/\/restmec.ee\/en\/#website","url":"https:\/\/restmec.ee\/en\/","name":"Restmec","description":"Roostevabast metallist m\u00f6\u00f6bli tootmine","potentialAction":[{"@type":"SearchAction","target":{"@type":"EntryPoint","urlTemplate":"https:\/\/restmec.ee\/en\/?s={search_term_string}"},"query-input":{"@type":"PropertyValueSpecification","valueRequired":true,"valueName":"search_term_string"}}],"inLanguage":"fi"}]}},"_links":{"self":[{"href":"https:\/\/restmec.ee\/fi\/wp-json\/wp\/v2\/product\/8829","targetHints":{"allow":["GET"]}}],"collection":[{"href":"https:\/\/restmec.ee\/fi\/wp-json\/wp\/v2\/product"}],"about":[{"href":"https:\/\/restmec.ee\/fi\/wp-json\/wp\/v2\/types\/product"}],"replies":[{"embeddable":true,"href":"https:\/\/restmec.ee\/fi\/wp-json\/wp\/v2\/comments?post=8829"}],"wp:featuredmedia":[{"embeddable":true,"href":"https:\/\/restmec.ee\/fi\/wp-json\/wp\/v2\/media\/8820"}],"wp:attachment":[{"href":"https:\/\/restmec.ee\/fi\/wp-json\/wp\/v2\/media?parent=8829"}],"wp:term":[{"taxonomy":"product_brand","embeddable":true,"href":"https:\/\/restmec.ee\/fi\/wp-json\/wp\/v2\/product_brand?post=8829"},{"taxonomy":"product_cat","embeddable":true,"href":"https:\/\/restmec.ee\/fi\/wp-json\/wp\/v2\/product_cat?post=8829"},{"taxonomy":"product_tag","embeddable":true,"href":"https:\/\/restmec.ee\/fi\/wp-json\/wp\/v2\/product_tag?post=8829"}],"curies":[{"name":"wp","href":"https:\/\/api.w.org\/{rel}","templated":true}]}}