{"id":8274,"date":"2020-09-07T11:14:32","date_gmt":"2020-09-07T08:14:32","guid":{"rendered":"https:\/\/restmec.ee\/toode\/kulmsuvend-pza-s-2000\/"},"modified":"2023-03-29T10:33:59","modified_gmt":"2023-03-29T07:33:59","slug":"kulmsuvend-pza-s-2000","status":"publish","type":"product","link":"https:\/\/restmec.ee\/fi\/toode\/kulmsuvend-pza-s-2000\/","title":{"rendered":"Sein\u00e4lle asetettava kylm\u00e4allas PZA S 2000"},"content":{"rendered":"<ul>\n<li>sein\u00e4lle asetettava kylm\u00e4allas, tarkoitettu elintarvikkeiden s\u00e4ilytt\u00e4miseen<\/li>\n<li>kylm\u00e4allas, koko (10 x) GN 1\/6-150<\/li>\n<li>kylm\u00e4altaan peitt\u00e4\u00e4 ruostumattomasta ter\u00e4ksest\u00e4 kansi<\/li>\n<li>allas viem\u00e4riliit\u00e4nn\u00e4ll\u00e4<\/li>\n<li>sis\u00e4\u00e4nrakennettu kylm\u00e4kone<\/li>\n<li>mekaaninen termostaatti<\/li>\n<\/ul>\n<p><a href=\"https:\/\/restmec.ee\/wp-content\/uploads\/2020\/09\/PZA-S-2000-dimetric-1.pdf\">Tekninen piirustus PDF-tiedosto<\/a><\/p>\n","protected":false},"excerpt":{"rendered":"<p>sein\u00e4lle asetettava kylm\u00e4allas, tarkoitettu elintarvikkeiden s\u00e4ilytt\u00e4miseen kylm\u00e4allas, koko (10 x) GN 1\/6-150 kylm\u00e4altaan peitt\u00e4\u00e4 ruostumattomasta ter\u00e4ksest\u00e4 kansi allas viem\u00e4riliit\u00e4nn\u00e4ll\u00e4 sis\u00e4\u00e4nrakennettu&#8230;<\/p>\n","protected":false},"featured_media":8243,"comment_status":"closed","ping_status":"closed","template":"","meta":{"_acf_changed":false},"product_brand":[],"product_cat":[385],"product_tag":[],"class_list":{"0":"post-8274","1":"product","2":"type-product","3":"status-publish","4":"has-post-thumbnail","6":"product_cat-kylmaaltaat","8":"first","9":"instock","10":"shipping-taxable","11":"product-type-simple"},"acf":[],"yoast_head":"<!-- This site is optimized with the Yoast SEO plugin v27.2 - https:\/\/yoast.com\/product\/yoast-seo-wordpress\/ -->\n<title>Sein\u00e4lle asetettava kylm\u00e4allas PZA S 2000 - Restmec<\/title>\n<meta name=\"robots\" content=\"index, follow, max-snippet:-1, max-image-preview:large, max-video-preview:-1\" \/>\n<link rel=\"canonical\" href=\"https:\/\/restmec.ee\/fi\/toode\/kulmsuvend-pza-s-2000\/\" \/>\n<meta property=\"og:locale\" content=\"fi_FI\" \/>\n<meta property=\"og:type\" content=\"article\" \/>\n<meta property=\"og:title\" content=\"Sein\u00e4lle asetettava kylm\u00e4allas PZA S 2000 - Restmec\" \/>\n<meta property=\"og:description\" content=\"sein\u00e4lle asetettava kylm\u00e4allas, tarkoitettu elintarvikkeiden s\u00e4ilytt\u00e4miseen kylm\u00e4allas, koko (10 x) GN 1\/6-150 kylm\u00e4altaan peitt\u00e4\u00e4 ruostumattomasta ter\u00e4ksest\u00e4 kansi allas viem\u00e4riliit\u00e4nn\u00e4ll\u00e4 sis\u00e4\u00e4nrakennettu...\" \/>\n<meta property=\"og:url\" content=\"https:\/\/restmec.ee\/fi\/toode\/kulmsuvend-pza-s-2000\/\" \/>\n<meta property=\"og:site_name\" content=\"Restmec\" \/>\n<meta property=\"article:modified_time\" content=\"2023-03-29T07:33:59+00:00\" \/>\n<meta property=\"og:image\" content=\"https:\/\/restmec.ee\/wp-content\/uploads\/2020\/09\/PZA-S-2000.jpg\" \/>\n\t<meta property=\"og:image:width\" content=\"5275\" \/>\n\t<meta property=\"og:image:height\" content=\"2967\" \/>\n\t<meta property=\"og:image:type\" content=\"image\/jpeg\" \/>\n<meta name=\"twitter:card\" content=\"summary_large_image\" \/>\n<meta name=\"twitter:label1\" content=\"Arvioitu lukuaika\" \/>\n\t<meta name=\"twitter:data1\" content=\"1 minuutti\" \/>\n<script type=\"application\/ld+json\" class=\"yoast-schema-graph\">{\"@context\":\"https:\/\/schema.org\",\"@graph\":[{\"@type\":\"WebPage\",\"@id\":\"https:\/\/restmec.ee\/fi\/toode\/kulmsuvend-pza-s-2000\/\",\"url\":\"https:\/\/restmec.ee\/fi\/toode\/kulmsuvend-pza-s-2000\/\",\"name\":\"Sein\u00e4lle asetettava kylm\u00e4allas PZA S 2000 - Restmec\",\"isPartOf\":{\"@id\":\"https:\/\/restmec.ee\/en\/#website\"},\"primaryImageOfPage\":{\"@id\":\"https:\/\/restmec.ee\/fi\/toode\/kulmsuvend-pza-s-2000\/#primaryimage\"},\"image\":{\"@id\":\"https:\/\/restmec.ee\/fi\/toode\/kulmsuvend-pza-s-2000\/#primaryimage\"},\"thumbnailUrl\":\"https:\/\/restmec.ee\/wp-content\/uploads\/2020\/09\/PZA-S-2000.jpg\",\"datePublished\":\"2020-09-07T08:14:32+00:00\",\"dateModified\":\"2023-03-29T07:33:59+00:00\",\"breadcrumb\":{\"@id\":\"https:\/\/restmec.ee\/fi\/toode\/kulmsuvend-pza-s-2000\/#breadcrumb\"},\"inLanguage\":\"fi\",\"potentialAction\":[{\"@type\":\"ReadAction\",\"target\":[\"https:\/\/restmec.ee\/fi\/toode\/kulmsuvend-pza-s-2000\/\"]}]},{\"@type\":\"ImageObject\",\"inLanguage\":\"fi\",\"@id\":\"https:\/\/restmec.ee\/fi\/toode\/kulmsuvend-pza-s-2000\/#primaryimage\",\"url\":\"https:\/\/restmec.ee\/wp-content\/uploads\/2020\/09\/PZA-S-2000.jpg\",\"contentUrl\":\"https:\/\/restmec.ee\/wp-content\/uploads\/2020\/09\/PZA-S-2000.jpg\",\"width\":5275,\"height\":2967},{\"@type\":\"BreadcrumbList\",\"@id\":\"https:\/\/restmec.ee\/fi\/toode\/kulmsuvend-pza-s-2000\/#breadcrumb\",\"itemListElement\":[{\"@type\":\"ListItem\",\"position\":1,\"name\":\"Home\",\"item\":\"https:\/\/restmec.ee\/fi\/\"},{\"@type\":\"ListItem\",\"position\":2,\"name\":\"Tuotteet\",\"item\":\"https:\/\/restmec.ee\/fi\/tuotteet\/\"},{\"@type\":\"ListItem\",\"position\":3,\"name\":\"Sein\u00e4lle asetettava kylm\u00e4allas PZA S 2000\"}]},{\"@type\":\"WebSite\",\"@id\":\"https:\/\/restmec.ee\/en\/#website\",\"url\":\"https:\/\/restmec.ee\/en\/\",\"name\":\"Restmec\",\"description\":\"Roostevabast metallist m\u00f6\u00f6bli tootmine\",\"potentialAction\":[{\"@type\":\"SearchAction\",\"target\":{\"@type\":\"EntryPoint\",\"urlTemplate\":\"https:\/\/restmec.ee\/en\/?s={search_term_string}\"},\"query-input\":{\"@type\":\"PropertyValueSpecification\",\"valueRequired\":true,\"valueName\":\"search_term_string\"}}],\"inLanguage\":\"fi\"}]}<\/script>\n<!-- \/ Yoast SEO plugin. -->","yoast_head_json":{"title":"Sein\u00e4lle asetettava kylm\u00e4allas PZA S 2000 - Restmec","robots":{"index":"index","follow":"follow","max-snippet":"max-snippet:-1","max-image-preview":"max-image-preview:large","max-video-preview":"max-video-preview:-1"},"canonical":"https:\/\/restmec.ee\/fi\/toode\/kulmsuvend-pza-s-2000\/","og_locale":"fi_FI","og_type":"article","og_title":"Sein\u00e4lle asetettava kylm\u00e4allas PZA S 2000 - Restmec","og_description":"sein\u00e4lle asetettava kylm\u00e4allas, tarkoitettu elintarvikkeiden s\u00e4ilytt\u00e4miseen kylm\u00e4allas, koko (10 x) GN 1\/6-150 kylm\u00e4altaan peitt\u00e4\u00e4 ruostumattomasta ter\u00e4ksest\u00e4 kansi allas viem\u00e4riliit\u00e4nn\u00e4ll\u00e4 sis\u00e4\u00e4nrakennettu...","og_url":"https:\/\/restmec.ee\/fi\/toode\/kulmsuvend-pza-s-2000\/","og_site_name":"Restmec","article_modified_time":"2023-03-29T07:33:59+00:00","og_image":[{"width":5275,"height":2967,"url":"https:\/\/restmec.ee\/wp-content\/uploads\/2020\/09\/PZA-S-2000.jpg","type":"image\/jpeg"}],"twitter_card":"summary_large_image","twitter_misc":{"Arvioitu lukuaika":"1 minuutti"},"schema":{"@context":"https:\/\/schema.org","@graph":[{"@type":"WebPage","@id":"https:\/\/restmec.ee\/fi\/toode\/kulmsuvend-pza-s-2000\/","url":"https:\/\/restmec.ee\/fi\/toode\/kulmsuvend-pza-s-2000\/","name":"Sein\u00e4lle asetettava kylm\u00e4allas PZA S 2000 - Restmec","isPartOf":{"@id":"https:\/\/restmec.ee\/en\/#website"},"primaryImageOfPage":{"@id":"https:\/\/restmec.ee\/fi\/toode\/kulmsuvend-pza-s-2000\/#primaryimage"},"image":{"@id":"https:\/\/restmec.ee\/fi\/toode\/kulmsuvend-pza-s-2000\/#primaryimage"},"thumbnailUrl":"https:\/\/restmec.ee\/wp-content\/uploads\/2020\/09\/PZA-S-2000.jpg","datePublished":"2020-09-07T08:14:32+00:00","dateModified":"2023-03-29T07:33:59+00:00","breadcrumb":{"@id":"https:\/\/restmec.ee\/fi\/toode\/kulmsuvend-pza-s-2000\/#breadcrumb"},"inLanguage":"fi","potentialAction":[{"@type":"ReadAction","target":["https:\/\/restmec.ee\/fi\/toode\/kulmsuvend-pza-s-2000\/"]}]},{"@type":"ImageObject","inLanguage":"fi","@id":"https:\/\/restmec.ee\/fi\/toode\/kulmsuvend-pza-s-2000\/#primaryimage","url":"https:\/\/restmec.ee\/wp-content\/uploads\/2020\/09\/PZA-S-2000.jpg","contentUrl":"https:\/\/restmec.ee\/wp-content\/uploads\/2020\/09\/PZA-S-2000.jpg","width":5275,"height":2967},{"@type":"BreadcrumbList","@id":"https:\/\/restmec.ee\/fi\/toode\/kulmsuvend-pza-s-2000\/#breadcrumb","itemListElement":[{"@type":"ListItem","position":1,"name":"Home","item":"https:\/\/restmec.ee\/fi\/"},{"@type":"ListItem","position":2,"name":"Tuotteet","item":"https:\/\/restmec.ee\/fi\/tuotteet\/"},{"@type":"ListItem","position":3,"name":"Sein\u00e4lle asetettava kylm\u00e4allas PZA S 2000"}]},{"@type":"WebSite","@id":"https:\/\/restmec.ee\/en\/#website","url":"https:\/\/restmec.ee\/en\/","name":"Restmec","description":"Roostevabast metallist m\u00f6\u00f6bli tootmine","potentialAction":[{"@type":"SearchAction","target":{"@type":"EntryPoint","urlTemplate":"https:\/\/restmec.ee\/en\/?s={search_term_string}"},"query-input":{"@type":"PropertyValueSpecification","valueRequired":true,"valueName":"search_term_string"}}],"inLanguage":"fi"}]}},"_links":{"self":[{"href":"https:\/\/restmec.ee\/fi\/wp-json\/wp\/v2\/product\/8274","targetHints":{"allow":["GET"]}}],"collection":[{"href":"https:\/\/restmec.ee\/fi\/wp-json\/wp\/v2\/product"}],"about":[{"href":"https:\/\/restmec.ee\/fi\/wp-json\/wp\/v2\/types\/product"}],"replies":[{"embeddable":true,"href":"https:\/\/restmec.ee\/fi\/wp-json\/wp\/v2\/comments?post=8274"}],"wp:featuredmedia":[{"embeddable":true,"href":"https:\/\/restmec.ee\/fi\/wp-json\/wp\/v2\/media\/8243"}],"wp:attachment":[{"href":"https:\/\/restmec.ee\/fi\/wp-json\/wp\/v2\/media?parent=8274"}],"wp:term":[{"taxonomy":"product_brand","embeddable":true,"href":"https:\/\/restmec.ee\/fi\/wp-json\/wp\/v2\/product_brand?post=8274"},{"taxonomy":"product_cat","embeddable":true,"href":"https:\/\/restmec.ee\/fi\/wp-json\/wp\/v2\/product_cat?post=8274"},{"taxonomy":"product_tag","embeddable":true,"href":"https:\/\/restmec.ee\/fi\/wp-json\/wp\/v2\/product_tag?post=8274"}],"curies":[{"name":"wp","href":"https:\/\/api.w.org\/{rel}","templated":true}]}}