{"id":7770,"date":"2020-07-02T10:33:56","date_gmt":"2020-07-02T07:33:56","guid":{"rendered":"https:\/\/restmec.ee\/toode\/seinariiul-2\/"},"modified":"2022-11-01T14:54:07","modified_gmt":"2022-11-01T12:54:07","slug":"seinariiul-2","status":"publish","type":"product","link":"https:\/\/restmec.ee\/fi\/toode\/seinariiul-2\/","title":{"rendered":"Sein\u00e4hylly SR 2TP"},"content":{"rendered":"<ul>\n<li>ruostumattomasta ter\u00e4ksest\u00e4 valmistettu sein\u00e4hylly<\/li>\n<li>tasopinnat on valmistettu 1,0 mm:n ruostumattomasta ter\u00e4ksest\u00e4<\/li>\n<li>takareuna 30\u00a0mm<\/li>\n<li>portaattomasti s\u00e4\u00e4dett\u00e4v\u00e4t hyllynkannattimet ja sein\u00e4kiskot on valmistettu alumiinista<\/li>\n<li>vakiosyvyydet ovat 300, 400 ja 500\u00a0mm<\/li>\n<li>hyllyjen m\u00e4\u00e4r\u00e4 yhdess\u00e4 moduulissa tilaajan toiveiden mukaisesti<\/li>\n<li>vakiohyllynkannattimen korkeus 300, 600, 900\u00a0mm jne.<\/li>\n<li>sein\u00e4hyllyn pituus 300\u20132900\u00a0mm<\/li>\n<li>alumiinisten kiskojen ja kannattimien tilalla on mahdollista tilata my\u00f6s sein\u00e4kiinnitteiset ruostumattomasta ter\u00e4ksest\u00e4 valmistetut hyllynkannattimet<\/li>\n<\/ul>\n<p>Ilmoita tilauksessa:<\/p>\n<ul>\n<li>tasopintojen m\u00e4\u00e4r\u00e4<\/li>\n<li>kannattimien tyyppi (alumiini tai ruostumaton ter\u00e4s)<\/li>\n<\/ul>\n<p><a href=\"https:\/\/restmec.ee\/wp-content\/uploads\/2020\/07\/SR-2TP-dimetric.pdf\">Tekninen piirustus PDF-tiedosto<\/a><\/p>\n","protected":false},"excerpt":{"rendered":"<p>ruostumattomasta ter\u00e4ksest\u00e4 valmistettu sein\u00e4hylly tasopinnat on valmistettu 1,0 mm:n ruostumattomasta ter\u00e4ksest\u00e4 takareuna 30\u00a0mm portaattomasti s\u00e4\u00e4dett\u00e4v\u00e4t hyllynkannattimet ja sein\u00e4kiskot on valmistettu&#8230;<\/p>\n","protected":false},"featured_media":7707,"comment_status":"closed","ping_status":"closed","template":"","meta":{"_acf_changed":false},"product_brand":[],"product_cat":[380],"product_tag":[],"class_list":{"0":"post-7770","1":"product","2":"type-product","3":"status-publish","4":"has-post-thumbnail","6":"product_cat-seinahyllyt","8":"first","9":"instock","10":"shipping-taxable","11":"product-type-simple"},"acf":[],"yoast_head":"<!-- This site is optimized with the Yoast SEO plugin v27.2 - https:\/\/yoast.com\/product\/yoast-seo-wordpress\/ -->\n<title>Sein\u00e4hylly SR 2TP - Restmec<\/title>\n<meta name=\"robots\" content=\"index, follow, max-snippet:-1, max-image-preview:large, max-video-preview:-1\" \/>\n<link rel=\"canonical\" href=\"https:\/\/restmec.ee\/fi\/toode\/seinariiul-2\/\" \/>\n<meta property=\"og:locale\" content=\"fi_FI\" \/>\n<meta property=\"og:type\" content=\"article\" \/>\n<meta property=\"og:title\" content=\"Sein\u00e4hylly SR 2TP - Restmec\" \/>\n<meta property=\"og:description\" content=\"ruostumattomasta ter\u00e4ksest\u00e4 valmistettu sein\u00e4hylly tasopinnat on valmistettu 1,0 mm:n ruostumattomasta ter\u00e4ksest\u00e4 takareuna 30\u00a0mm portaattomasti s\u00e4\u00e4dett\u00e4v\u00e4t hyllynkannattimet ja sein\u00e4kiskot on valmistettu...\" \/>\n<meta property=\"og:url\" content=\"https:\/\/restmec.ee\/fi\/toode\/seinariiul-2\/\" \/>\n<meta property=\"og:site_name\" content=\"Restmec\" \/>\n<meta property=\"article:modified_time\" content=\"2022-11-01T12:54:07+00:00\" \/>\n<meta property=\"og:image\" content=\"https:\/\/restmec.ee\/wp-content\/uploads\/2020\/07\/SR-2TP-1.jpg\" \/>\n\t<meta property=\"og:image:width\" content=\"2000\" \/>\n\t<meta property=\"og:image:height\" content=\"1125\" \/>\n\t<meta property=\"og:image:type\" content=\"image\/jpeg\" \/>\n<meta name=\"twitter:card\" content=\"summary_large_image\" \/>\n<meta name=\"twitter:label1\" content=\"Arvioitu lukuaika\" \/>\n\t<meta name=\"twitter:data1\" content=\"1 minuutti\" \/>\n<script type=\"application\/ld+json\" class=\"yoast-schema-graph\">{\"@context\":\"https:\/\/schema.org\",\"@graph\":[{\"@type\":\"WebPage\",\"@id\":\"https:\/\/restmec.ee\/fi\/toode\/seinariiul-2\/\",\"url\":\"https:\/\/restmec.ee\/fi\/toode\/seinariiul-2\/\",\"name\":\"Sein\u00e4hylly SR 2TP - Restmec\",\"isPartOf\":{\"@id\":\"https:\/\/restmec.ee\/en\/#website\"},\"primaryImageOfPage\":{\"@id\":\"https:\/\/restmec.ee\/fi\/toode\/seinariiul-2\/#primaryimage\"},\"image\":{\"@id\":\"https:\/\/restmec.ee\/fi\/toode\/seinariiul-2\/#primaryimage\"},\"thumbnailUrl\":\"https:\/\/restmec.ee\/wp-content\/uploads\/2020\/07\/SR-2TP-1.jpg\",\"datePublished\":\"2020-07-02T07:33:56+00:00\",\"dateModified\":\"2022-11-01T12:54:07+00:00\",\"breadcrumb\":{\"@id\":\"https:\/\/restmec.ee\/fi\/toode\/seinariiul-2\/#breadcrumb\"},\"inLanguage\":\"fi\",\"potentialAction\":[{\"@type\":\"ReadAction\",\"target\":[\"https:\/\/restmec.ee\/fi\/toode\/seinariiul-2\/\"]}]},{\"@type\":\"ImageObject\",\"inLanguage\":\"fi\",\"@id\":\"https:\/\/restmec.ee\/fi\/toode\/seinariiul-2\/#primaryimage\",\"url\":\"https:\/\/restmec.ee\/wp-content\/uploads\/2020\/07\/SR-2TP-1.jpg\",\"contentUrl\":\"https:\/\/restmec.ee\/wp-content\/uploads\/2020\/07\/SR-2TP-1.jpg\",\"width\":2000,\"height\":1125},{\"@type\":\"BreadcrumbList\",\"@id\":\"https:\/\/restmec.ee\/fi\/toode\/seinariiul-2\/#breadcrumb\",\"itemListElement\":[{\"@type\":\"ListItem\",\"position\":1,\"name\":\"Home\",\"item\":\"https:\/\/restmec.ee\/fi\/\"},{\"@type\":\"ListItem\",\"position\":2,\"name\":\"Tuotteet\",\"item\":\"https:\/\/restmec.ee\/fi\/tuotteet\/\"},{\"@type\":\"ListItem\",\"position\":3,\"name\":\"Sein\u00e4hylly SR 2TP\"}]},{\"@type\":\"WebSite\",\"@id\":\"https:\/\/restmec.ee\/en\/#website\",\"url\":\"https:\/\/restmec.ee\/en\/\",\"name\":\"Restmec\",\"description\":\"Roostevabast metallist m\u00f6\u00f6bli tootmine\",\"potentialAction\":[{\"@type\":\"SearchAction\",\"target\":{\"@type\":\"EntryPoint\",\"urlTemplate\":\"https:\/\/restmec.ee\/en\/?s={search_term_string}\"},\"query-input\":{\"@type\":\"PropertyValueSpecification\",\"valueRequired\":true,\"valueName\":\"search_term_string\"}}],\"inLanguage\":\"fi\"}]}<\/script>\n<!-- \/ Yoast SEO plugin. -->","yoast_head_json":{"title":"Sein\u00e4hylly SR 2TP - Restmec","robots":{"index":"index","follow":"follow","max-snippet":"max-snippet:-1","max-image-preview":"max-image-preview:large","max-video-preview":"max-video-preview:-1"},"canonical":"https:\/\/restmec.ee\/fi\/toode\/seinariiul-2\/","og_locale":"fi_FI","og_type":"article","og_title":"Sein\u00e4hylly SR 2TP - Restmec","og_description":"ruostumattomasta ter\u00e4ksest\u00e4 valmistettu sein\u00e4hylly tasopinnat on valmistettu 1,0 mm:n ruostumattomasta ter\u00e4ksest\u00e4 takareuna 30\u00a0mm portaattomasti s\u00e4\u00e4dett\u00e4v\u00e4t hyllynkannattimet ja sein\u00e4kiskot on valmistettu...","og_url":"https:\/\/restmec.ee\/fi\/toode\/seinariiul-2\/","og_site_name":"Restmec","article_modified_time":"2022-11-01T12:54:07+00:00","og_image":[{"width":2000,"height":1125,"url":"https:\/\/restmec.ee\/wp-content\/uploads\/2020\/07\/SR-2TP-1.jpg","type":"image\/jpeg"}],"twitter_card":"summary_large_image","twitter_misc":{"Arvioitu lukuaika":"1 minuutti"},"schema":{"@context":"https:\/\/schema.org","@graph":[{"@type":"WebPage","@id":"https:\/\/restmec.ee\/fi\/toode\/seinariiul-2\/","url":"https:\/\/restmec.ee\/fi\/toode\/seinariiul-2\/","name":"Sein\u00e4hylly SR 2TP - Restmec","isPartOf":{"@id":"https:\/\/restmec.ee\/en\/#website"},"primaryImageOfPage":{"@id":"https:\/\/restmec.ee\/fi\/toode\/seinariiul-2\/#primaryimage"},"image":{"@id":"https:\/\/restmec.ee\/fi\/toode\/seinariiul-2\/#primaryimage"},"thumbnailUrl":"https:\/\/restmec.ee\/wp-content\/uploads\/2020\/07\/SR-2TP-1.jpg","datePublished":"2020-07-02T07:33:56+00:00","dateModified":"2022-11-01T12:54:07+00:00","breadcrumb":{"@id":"https:\/\/restmec.ee\/fi\/toode\/seinariiul-2\/#breadcrumb"},"inLanguage":"fi","potentialAction":[{"@type":"ReadAction","target":["https:\/\/restmec.ee\/fi\/toode\/seinariiul-2\/"]}]},{"@type":"ImageObject","inLanguage":"fi","@id":"https:\/\/restmec.ee\/fi\/toode\/seinariiul-2\/#primaryimage","url":"https:\/\/restmec.ee\/wp-content\/uploads\/2020\/07\/SR-2TP-1.jpg","contentUrl":"https:\/\/restmec.ee\/wp-content\/uploads\/2020\/07\/SR-2TP-1.jpg","width":2000,"height":1125},{"@type":"BreadcrumbList","@id":"https:\/\/restmec.ee\/fi\/toode\/seinariiul-2\/#breadcrumb","itemListElement":[{"@type":"ListItem","position":1,"name":"Home","item":"https:\/\/restmec.ee\/fi\/"},{"@type":"ListItem","position":2,"name":"Tuotteet","item":"https:\/\/restmec.ee\/fi\/tuotteet\/"},{"@type":"ListItem","position":3,"name":"Sein\u00e4hylly SR 2TP"}]},{"@type":"WebSite","@id":"https:\/\/restmec.ee\/en\/#website","url":"https:\/\/restmec.ee\/en\/","name":"Restmec","description":"Roostevabast metallist m\u00f6\u00f6bli tootmine","potentialAction":[{"@type":"SearchAction","target":{"@type":"EntryPoint","urlTemplate":"https:\/\/restmec.ee\/en\/?s={search_term_string}"},"query-input":{"@type":"PropertyValueSpecification","valueRequired":true,"valueName":"search_term_string"}}],"inLanguage":"fi"}]}},"_links":{"self":[{"href":"https:\/\/restmec.ee\/fi\/wp-json\/wp\/v2\/product\/7770","targetHints":{"allow":["GET"]}}],"collection":[{"href":"https:\/\/restmec.ee\/fi\/wp-json\/wp\/v2\/product"}],"about":[{"href":"https:\/\/restmec.ee\/fi\/wp-json\/wp\/v2\/types\/product"}],"replies":[{"embeddable":true,"href":"https:\/\/restmec.ee\/fi\/wp-json\/wp\/v2\/comments?post=7770"}],"wp:featuredmedia":[{"embeddable":true,"href":"https:\/\/restmec.ee\/fi\/wp-json\/wp\/v2\/media\/7707"}],"wp:attachment":[{"href":"https:\/\/restmec.ee\/fi\/wp-json\/wp\/v2\/media?parent=7770"}],"wp:term":[{"taxonomy":"product_brand","embeddable":true,"href":"https:\/\/restmec.ee\/fi\/wp-json\/wp\/v2\/product_brand?post=7770"},{"taxonomy":"product_cat","embeddable":true,"href":"https:\/\/restmec.ee\/fi\/wp-json\/wp\/v2\/product_cat?post=7770"},{"taxonomy":"product_tag","embeddable":true,"href":"https:\/\/restmec.ee\/fi\/wp-json\/wp\/v2\/product_tag?post=7770"}],"curies":[{"name":"wp","href":"https:\/\/api.w.org\/{rel}","templated":true}]}}