{"id":7664,"date":"2020-06-25T18:51:16","date_gmt":"2020-06-25T15:51:16","guid":{"rendered":"https:\/\/restmec.ee\/toode\/kulmbufee-ktv-ad-1-6gn\/"},"modified":"2022-08-26T09:05:50","modified_gmt":"2022-08-26T06:05:50","slug":"kulmbufee-ktv-ad-1-6gn","status":"publish","type":"product","link":"https:\/\/restmec.ee\/fi\/toode\/kulmbufee-ktv-ad-1-6gn\/","title":{"rendered":"Kylm\u00e4tarjoiluvaunu KTV AD 2\u20266 GN"},"content":{"rendered":"<ul>\n<li>s\u00e4\u00e4dett\u00e4v\u00e4ll\u00e4 korkeudella<\/li>\n<li>kysy tiedot s\u00e4\u00e4dett\u00e4vyytt\u00e4 koskien valmistajalta<\/li>\n<\/ul>\n","protected":false},"excerpt":{"rendered":"<p>s\u00e4\u00e4dett\u00e4v\u00e4ll\u00e4 korkeudella kysy tiedot s\u00e4\u00e4dett\u00e4vyytt\u00e4 koskien valmistajalta<\/p>\n","protected":false},"featured_media":7587,"comment_status":"closed","ping_status":"closed","template":"","meta":{"_acf_changed":false},"product_brand":[],"product_cat":[236],"product_tag":[],"class_list":{"0":"post-7664","1":"product","2":"type-product","3":"status-publish","4":"has-post-thumbnail","6":"product_cat-kylmatarjoiluvaunut","8":"first","9":"instock","10":"shipping-taxable","11":"product-type-simple"},"acf":[],"yoast_head":"<!-- This site is optimized with the Yoast SEO plugin v27.2 - https:\/\/yoast.com\/product\/yoast-seo-wordpress\/ -->\n<title>Kylm\u00e4tarjoiluvaunu KTV AD 2\u20266 GN - Restmec<\/title>\n<meta name=\"robots\" content=\"index, follow, max-snippet:-1, max-image-preview:large, max-video-preview:-1\" \/>\n<link rel=\"canonical\" href=\"https:\/\/restmec.ee\/fi\/toode\/kulmbufee-ktv-ad-1-6gn\/\" \/>\n<meta property=\"og:locale\" content=\"fi_FI\" \/>\n<meta property=\"og:type\" content=\"article\" \/>\n<meta property=\"og:title\" content=\"Kylm\u00e4tarjoiluvaunu KTV AD 2\u20266 GN - Restmec\" \/>\n<meta property=\"og:description\" content=\"s\u00e4\u00e4dett\u00e4v\u00e4ll\u00e4 korkeudella kysy tiedot s\u00e4\u00e4dett\u00e4vyytt\u00e4 koskien valmistajalta\" \/>\n<meta property=\"og:url\" content=\"https:\/\/restmec.ee\/fi\/toode\/kulmbufee-ktv-ad-1-6gn\/\" \/>\n<meta property=\"og:site_name\" content=\"Restmec\" \/>\n<meta property=\"article:modified_time\" content=\"2022-08-26T06:05:50+00:00\" \/>\n<meta property=\"og:image\" content=\"https:\/\/restmec.ee\/wp-content\/uploads\/2020\/06\/KTV-AD_3GN.jpg\" \/>\n\t<meta property=\"og:image:width\" content=\"5275\" \/>\n\t<meta property=\"og:image:height\" content=\"2967\" \/>\n\t<meta property=\"og:image:type\" content=\"image\/jpeg\" \/>\n<meta name=\"twitter:card\" content=\"summary_large_image\" \/>\n<script type=\"application\/ld+json\" class=\"yoast-schema-graph\">{\"@context\":\"https:\/\/schema.org\",\"@graph\":[{\"@type\":\"WebPage\",\"@id\":\"https:\/\/restmec.ee\/fi\/toode\/kulmbufee-ktv-ad-1-6gn\/\",\"url\":\"https:\/\/restmec.ee\/fi\/toode\/kulmbufee-ktv-ad-1-6gn\/\",\"name\":\"Kylm\u00e4tarjoiluvaunu KTV AD 2\u20266 GN - Restmec\",\"isPartOf\":{\"@id\":\"https:\/\/restmec.ee\/en\/#website\"},\"primaryImageOfPage\":{\"@id\":\"https:\/\/restmec.ee\/fi\/toode\/kulmbufee-ktv-ad-1-6gn\/#primaryimage\"},\"image\":{\"@id\":\"https:\/\/restmec.ee\/fi\/toode\/kulmbufee-ktv-ad-1-6gn\/#primaryimage\"},\"thumbnailUrl\":\"https:\/\/restmec.ee\/wp-content\/uploads\/2020\/06\/KTV-AD_3GN.jpg\",\"datePublished\":\"2020-06-25T15:51:16+00:00\",\"dateModified\":\"2022-08-26T06:05:50+00:00\",\"breadcrumb\":{\"@id\":\"https:\/\/restmec.ee\/fi\/toode\/kulmbufee-ktv-ad-1-6gn\/#breadcrumb\"},\"inLanguage\":\"fi\",\"potentialAction\":[{\"@type\":\"ReadAction\",\"target\":[\"https:\/\/restmec.ee\/fi\/toode\/kulmbufee-ktv-ad-1-6gn\/\"]}]},{\"@type\":\"ImageObject\",\"inLanguage\":\"fi\",\"@id\":\"https:\/\/restmec.ee\/fi\/toode\/kulmbufee-ktv-ad-1-6gn\/#primaryimage\",\"url\":\"https:\/\/restmec.ee\/wp-content\/uploads\/2020\/06\/KTV-AD_3GN.jpg\",\"contentUrl\":\"https:\/\/restmec.ee\/wp-content\/uploads\/2020\/06\/KTV-AD_3GN.jpg\",\"width\":5275,\"height\":2967},{\"@type\":\"BreadcrumbList\",\"@id\":\"https:\/\/restmec.ee\/fi\/toode\/kulmbufee-ktv-ad-1-6gn\/#breadcrumb\",\"itemListElement\":[{\"@type\":\"ListItem\",\"position\":1,\"name\":\"Home\",\"item\":\"https:\/\/restmec.ee\/fi\/\"},{\"@type\":\"ListItem\",\"position\":2,\"name\":\"Tuotteet\",\"item\":\"https:\/\/restmec.ee\/fi\/tuotteet\/\"},{\"@type\":\"ListItem\",\"position\":3,\"name\":\"Kylm\u00e4tarjoiluvaunu KTV AD 2\u20266 GN\"}]},{\"@type\":\"WebSite\",\"@id\":\"https:\/\/restmec.ee\/en\/#website\",\"url\":\"https:\/\/restmec.ee\/en\/\",\"name\":\"Restmec\",\"description\":\"Roostevabast metallist m\u00f6\u00f6bli tootmine\",\"potentialAction\":[{\"@type\":\"SearchAction\",\"target\":{\"@type\":\"EntryPoint\",\"urlTemplate\":\"https:\/\/restmec.ee\/en\/?s={search_term_string}\"},\"query-input\":{\"@type\":\"PropertyValueSpecification\",\"valueRequired\":true,\"valueName\":\"search_term_string\"}}],\"inLanguage\":\"fi\"}]}<\/script>\n<!-- \/ Yoast SEO plugin. -->","yoast_head_json":{"title":"Kylm\u00e4tarjoiluvaunu KTV AD 2\u20266 GN - Restmec","robots":{"index":"index","follow":"follow","max-snippet":"max-snippet:-1","max-image-preview":"max-image-preview:large","max-video-preview":"max-video-preview:-1"},"canonical":"https:\/\/restmec.ee\/fi\/toode\/kulmbufee-ktv-ad-1-6gn\/","og_locale":"fi_FI","og_type":"article","og_title":"Kylm\u00e4tarjoiluvaunu KTV AD 2\u20266 GN - Restmec","og_description":"s\u00e4\u00e4dett\u00e4v\u00e4ll\u00e4 korkeudella kysy tiedot s\u00e4\u00e4dett\u00e4vyytt\u00e4 koskien valmistajalta","og_url":"https:\/\/restmec.ee\/fi\/toode\/kulmbufee-ktv-ad-1-6gn\/","og_site_name":"Restmec","article_modified_time":"2022-08-26T06:05:50+00:00","og_image":[{"width":5275,"height":2967,"url":"https:\/\/restmec.ee\/wp-content\/uploads\/2020\/06\/KTV-AD_3GN.jpg","type":"image\/jpeg"}],"twitter_card":"summary_large_image","schema":{"@context":"https:\/\/schema.org","@graph":[{"@type":"WebPage","@id":"https:\/\/restmec.ee\/fi\/toode\/kulmbufee-ktv-ad-1-6gn\/","url":"https:\/\/restmec.ee\/fi\/toode\/kulmbufee-ktv-ad-1-6gn\/","name":"Kylm\u00e4tarjoiluvaunu KTV AD 2\u20266 GN - Restmec","isPartOf":{"@id":"https:\/\/restmec.ee\/en\/#website"},"primaryImageOfPage":{"@id":"https:\/\/restmec.ee\/fi\/toode\/kulmbufee-ktv-ad-1-6gn\/#primaryimage"},"image":{"@id":"https:\/\/restmec.ee\/fi\/toode\/kulmbufee-ktv-ad-1-6gn\/#primaryimage"},"thumbnailUrl":"https:\/\/restmec.ee\/wp-content\/uploads\/2020\/06\/KTV-AD_3GN.jpg","datePublished":"2020-06-25T15:51:16+00:00","dateModified":"2022-08-26T06:05:50+00:00","breadcrumb":{"@id":"https:\/\/restmec.ee\/fi\/toode\/kulmbufee-ktv-ad-1-6gn\/#breadcrumb"},"inLanguage":"fi","potentialAction":[{"@type":"ReadAction","target":["https:\/\/restmec.ee\/fi\/toode\/kulmbufee-ktv-ad-1-6gn\/"]}]},{"@type":"ImageObject","inLanguage":"fi","@id":"https:\/\/restmec.ee\/fi\/toode\/kulmbufee-ktv-ad-1-6gn\/#primaryimage","url":"https:\/\/restmec.ee\/wp-content\/uploads\/2020\/06\/KTV-AD_3GN.jpg","contentUrl":"https:\/\/restmec.ee\/wp-content\/uploads\/2020\/06\/KTV-AD_3GN.jpg","width":5275,"height":2967},{"@type":"BreadcrumbList","@id":"https:\/\/restmec.ee\/fi\/toode\/kulmbufee-ktv-ad-1-6gn\/#breadcrumb","itemListElement":[{"@type":"ListItem","position":1,"name":"Home","item":"https:\/\/restmec.ee\/fi\/"},{"@type":"ListItem","position":2,"name":"Tuotteet","item":"https:\/\/restmec.ee\/fi\/tuotteet\/"},{"@type":"ListItem","position":3,"name":"Kylm\u00e4tarjoiluvaunu KTV AD 2\u20266 GN"}]},{"@type":"WebSite","@id":"https:\/\/restmec.ee\/en\/#website","url":"https:\/\/restmec.ee\/en\/","name":"Restmec","description":"Roostevabast metallist m\u00f6\u00f6bli tootmine","potentialAction":[{"@type":"SearchAction","target":{"@type":"EntryPoint","urlTemplate":"https:\/\/restmec.ee\/en\/?s={search_term_string}"},"query-input":{"@type":"PropertyValueSpecification","valueRequired":true,"valueName":"search_term_string"}}],"inLanguage":"fi"}]}},"_links":{"self":[{"href":"https:\/\/restmec.ee\/fi\/wp-json\/wp\/v2\/product\/7664","targetHints":{"allow":["GET"]}}],"collection":[{"href":"https:\/\/restmec.ee\/fi\/wp-json\/wp\/v2\/product"}],"about":[{"href":"https:\/\/restmec.ee\/fi\/wp-json\/wp\/v2\/types\/product"}],"replies":[{"embeddable":true,"href":"https:\/\/restmec.ee\/fi\/wp-json\/wp\/v2\/comments?post=7664"}],"wp:featuredmedia":[{"embeddable":true,"href":"https:\/\/restmec.ee\/fi\/wp-json\/wp\/v2\/media\/7587"}],"wp:attachment":[{"href":"https:\/\/restmec.ee\/fi\/wp-json\/wp\/v2\/media?parent=7664"}],"wp:term":[{"taxonomy":"product_brand","embeddable":true,"href":"https:\/\/restmec.ee\/fi\/wp-json\/wp\/v2\/product_brand?post=7664"},{"taxonomy":"product_cat","embeddable":true,"href":"https:\/\/restmec.ee\/fi\/wp-json\/wp\/v2\/product_cat?post=7664"},{"taxonomy":"product_tag","embeddable":true,"href":"https:\/\/restmec.ee\/fi\/wp-json\/wp\/v2\/product_tag?post=7664"}],"curies":[{"name":"wp","href":"https:\/\/api.w.org\/{rel}","templated":true}]}}