{"id":7656,"date":"2020-03-11T14:38:54","date_gmt":"2020-03-11T12:38:54","guid":{"rendered":"https:\/\/restmec.ee\/toode\/lk-lisa-sooja-tasapinnaga\/"},"modified":"2020-07-20T13:08:12","modified_gmt":"2020-07-20T10:08:12","slug":"lk-lisa-sooja-tasapinnaga","status":"publish","type":"product","link":"https:\/\/restmec.ee\/fi\/toode\/lk-lisa-sooja-tasapinnaga\/","title":{"rendered":"LK:n lis\u00e4 \u2013 L\u00e4mmityksell\u00e4 ty\u00f6taso"},"content":{"rendered":"<ul>\n<li>tuotekoodi LK LT<\/li>\n<li>mitoiltaan 800 \u2026 2000 mm:n LK\u00a0LT-kaappeihin<\/li>\n<\/ul>\n","protected":false},"excerpt":{"rendered":"<p>tuotekoodi LK LT mitoiltaan 800 \u2026 2000 mm:n LK\u00a0LT-kaappeihin<\/p>\n","protected":false},"featured_media":13190,"comment_status":"closed","ping_status":"closed","template":"","meta":{"_acf_changed":false},"product_brand":[],"product_cat":[233],"product_tag":[],"class_list":{"0":"post-7656","1":"product","2":"type-product","3":"status-publish","4":"has-post-thumbnail","6":"product_cat-lampokaapit","8":"first","9":"instock","10":"shipping-taxable","11":"product-type-simple"},"acf":[],"yoast_head":"<!-- This site is optimized with the Yoast SEO plugin v27.2 - https:\/\/yoast.com\/product\/yoast-seo-wordpress\/ -->\n<title>LK:n lis\u00e4 \u2013 L\u00e4mmityksell\u00e4 ty\u00f6taso - Restmec<\/title>\n<meta name=\"robots\" content=\"index, follow, max-snippet:-1, max-image-preview:large, max-video-preview:-1\" \/>\n<link rel=\"canonical\" href=\"https:\/\/restmec.ee\/toode\/lk-lisa-sooja-tasapinnaga\/?lang=fi\" \/>\n<meta property=\"og:locale\" content=\"fi_FI\" \/>\n<meta property=\"og:type\" content=\"article\" \/>\n<meta property=\"og:title\" content=\"LK:n lis\u00e4 \u2013 L\u00e4mmityksell\u00e4 ty\u00f6taso - Restmec\" \/>\n<meta property=\"og:description\" content=\"tuotekoodi LK LT mitoiltaan 800 \u2026 2000 mm:n LK\u00a0LT-kaappeihin\" \/>\n<meta property=\"og:url\" content=\"https:\/\/restmec.ee\/toode\/lk-lisa-sooja-tasapinnaga\/?lang=fi\" \/>\n<meta property=\"og:site_name\" content=\"Restmec\" \/>\n<meta property=\"article:modified_time\" content=\"2020-07-20T10:08:12+00:00\" \/>\n<meta property=\"og:image\" content=\"https:\/\/restmec.ee\/wp-content\/uploads\/2020\/03\/LK-LT-820-800x650x900.jpg\" \/>\n\t<meta property=\"og:image:width\" content=\"5275\" \/>\n\t<meta property=\"og:image:height\" content=\"2967\" \/>\n\t<meta property=\"og:image:type\" content=\"image\/jpeg\" \/>\n<meta name=\"twitter:card\" content=\"summary_large_image\" \/>\n<script type=\"application\/ld+json\" class=\"yoast-schema-graph\">{\"@context\":\"https:\/\/schema.org\",\"@graph\":[{\"@type\":\"WebPage\",\"@id\":\"https:\/\/restmec.ee\/toode\/lk-lisa-sooja-tasapinnaga\/?lang=fi\",\"url\":\"https:\/\/restmec.ee\/toode\/lk-lisa-sooja-tasapinnaga\/?lang=fi\",\"name\":\"LK:n lis\u00e4 \u2013 L\u00e4mmityksell\u00e4 ty\u00f6taso - Restmec\",\"isPartOf\":{\"@id\":\"https:\/\/restmec.ee\/en\/#website\"},\"primaryImageOfPage\":{\"@id\":\"https:\/\/restmec.ee\/toode\/lk-lisa-sooja-tasapinnaga\/?lang=fi#primaryimage\"},\"image\":{\"@id\":\"https:\/\/restmec.ee\/toode\/lk-lisa-sooja-tasapinnaga\/?lang=fi#primaryimage\"},\"thumbnailUrl\":\"https:\/\/restmec.ee\/wp-content\/uploads\/2020\/03\/LK-LT-820-800x650x900-1-scaled.jpg\",\"datePublished\":\"2020-03-11T12:38:54+00:00\",\"dateModified\":\"2020-07-20T10:08:12+00:00\",\"breadcrumb\":{\"@id\":\"https:\/\/restmec.ee\/toode\/lk-lisa-sooja-tasapinnaga\/?lang=fi#breadcrumb\"},\"inLanguage\":\"fi\",\"potentialAction\":[{\"@type\":\"ReadAction\",\"target\":[\"https:\/\/restmec.ee\/toode\/lk-lisa-sooja-tasapinnaga\/?lang=fi\"]}]},{\"@type\":\"ImageObject\",\"inLanguage\":\"fi\",\"@id\":\"https:\/\/restmec.ee\/toode\/lk-lisa-sooja-tasapinnaga\/?lang=fi#primaryimage\",\"url\":\"https:\/\/restmec.ee\/wp-content\/uploads\/2020\/03\/LK-LT-820-800x650x900-1-scaled.jpg\",\"contentUrl\":\"https:\/\/restmec.ee\/wp-content\/uploads\/2020\/03\/LK-LT-820-800x650x900-1-scaled.jpg\",\"width\":2560,\"height\":1440},{\"@type\":\"BreadcrumbList\",\"@id\":\"https:\/\/restmec.ee\/toode\/lk-lisa-sooja-tasapinnaga\/?lang=fi#breadcrumb\",\"itemListElement\":[{\"@type\":\"ListItem\",\"position\":1,\"name\":\"Home\",\"item\":\"https:\/\/restmec.ee\/fi\/\"},{\"@type\":\"ListItem\",\"position\":2,\"name\":\"Tuotteet\",\"item\":\"https:\/\/restmec.ee\/fi\/tuotteet\/\"},{\"@type\":\"ListItem\",\"position\":3,\"name\":\"LK:n lis\u00e4 \u2013 L\u00e4mmityksell\u00e4 ty\u00f6taso\"}]},{\"@type\":\"WebSite\",\"@id\":\"https:\/\/restmec.ee\/en\/#website\",\"url\":\"https:\/\/restmec.ee\/en\/\",\"name\":\"Restmec\",\"description\":\"Roostevabast metallist m\u00f6\u00f6bli tootmine\",\"potentialAction\":[{\"@type\":\"SearchAction\",\"target\":{\"@type\":\"EntryPoint\",\"urlTemplate\":\"https:\/\/restmec.ee\/en\/?s={search_term_string}\"},\"query-input\":{\"@type\":\"PropertyValueSpecification\",\"valueRequired\":true,\"valueName\":\"search_term_string\"}}],\"inLanguage\":\"fi\"}]}<\/script>\n<!-- \/ Yoast SEO plugin. -->","yoast_head_json":{"title":"LK:n lis\u00e4 \u2013 L\u00e4mmityksell\u00e4 ty\u00f6taso - Restmec","robots":{"index":"index","follow":"follow","max-snippet":"max-snippet:-1","max-image-preview":"max-image-preview:large","max-video-preview":"max-video-preview:-1"},"canonical":"https:\/\/restmec.ee\/toode\/lk-lisa-sooja-tasapinnaga\/?lang=fi","og_locale":"fi_FI","og_type":"article","og_title":"LK:n lis\u00e4 \u2013 L\u00e4mmityksell\u00e4 ty\u00f6taso - Restmec","og_description":"tuotekoodi LK LT mitoiltaan 800 \u2026 2000 mm:n LK\u00a0LT-kaappeihin","og_url":"https:\/\/restmec.ee\/toode\/lk-lisa-sooja-tasapinnaga\/?lang=fi","og_site_name":"Restmec","article_modified_time":"2020-07-20T10:08:12+00:00","og_image":[{"width":5275,"height":2967,"url":"https:\/\/restmec.ee\/wp-content\/uploads\/2020\/03\/LK-LT-820-800x650x900.jpg","type":"image\/jpeg"}],"twitter_card":"summary_large_image","schema":{"@context":"https:\/\/schema.org","@graph":[{"@type":"WebPage","@id":"https:\/\/restmec.ee\/toode\/lk-lisa-sooja-tasapinnaga\/?lang=fi","url":"https:\/\/restmec.ee\/toode\/lk-lisa-sooja-tasapinnaga\/?lang=fi","name":"LK:n lis\u00e4 \u2013 L\u00e4mmityksell\u00e4 ty\u00f6taso - Restmec","isPartOf":{"@id":"https:\/\/restmec.ee\/en\/#website"},"primaryImageOfPage":{"@id":"https:\/\/restmec.ee\/toode\/lk-lisa-sooja-tasapinnaga\/?lang=fi#primaryimage"},"image":{"@id":"https:\/\/restmec.ee\/toode\/lk-lisa-sooja-tasapinnaga\/?lang=fi#primaryimage"},"thumbnailUrl":"https:\/\/restmec.ee\/wp-content\/uploads\/2020\/03\/LK-LT-820-800x650x900-1-scaled.jpg","datePublished":"2020-03-11T12:38:54+00:00","dateModified":"2020-07-20T10:08:12+00:00","breadcrumb":{"@id":"https:\/\/restmec.ee\/toode\/lk-lisa-sooja-tasapinnaga\/?lang=fi#breadcrumb"},"inLanguage":"fi","potentialAction":[{"@type":"ReadAction","target":["https:\/\/restmec.ee\/toode\/lk-lisa-sooja-tasapinnaga\/?lang=fi"]}]},{"@type":"ImageObject","inLanguage":"fi","@id":"https:\/\/restmec.ee\/toode\/lk-lisa-sooja-tasapinnaga\/?lang=fi#primaryimage","url":"https:\/\/restmec.ee\/wp-content\/uploads\/2020\/03\/LK-LT-820-800x650x900-1-scaled.jpg","contentUrl":"https:\/\/restmec.ee\/wp-content\/uploads\/2020\/03\/LK-LT-820-800x650x900-1-scaled.jpg","width":2560,"height":1440},{"@type":"BreadcrumbList","@id":"https:\/\/restmec.ee\/toode\/lk-lisa-sooja-tasapinnaga\/?lang=fi#breadcrumb","itemListElement":[{"@type":"ListItem","position":1,"name":"Home","item":"https:\/\/restmec.ee\/fi\/"},{"@type":"ListItem","position":2,"name":"Tuotteet","item":"https:\/\/restmec.ee\/fi\/tuotteet\/"},{"@type":"ListItem","position":3,"name":"LK:n lis\u00e4 \u2013 L\u00e4mmityksell\u00e4 ty\u00f6taso"}]},{"@type":"WebSite","@id":"https:\/\/restmec.ee\/en\/#website","url":"https:\/\/restmec.ee\/en\/","name":"Restmec","description":"Roostevabast metallist m\u00f6\u00f6bli tootmine","potentialAction":[{"@type":"SearchAction","target":{"@type":"EntryPoint","urlTemplate":"https:\/\/restmec.ee\/en\/?s={search_term_string}"},"query-input":{"@type":"PropertyValueSpecification","valueRequired":true,"valueName":"search_term_string"}}],"inLanguage":"fi"}]}},"_links":{"self":[{"href":"https:\/\/restmec.ee\/fi\/wp-json\/wp\/v2\/product\/7656","targetHints":{"allow":["GET"]}}],"collection":[{"href":"https:\/\/restmec.ee\/fi\/wp-json\/wp\/v2\/product"}],"about":[{"href":"https:\/\/restmec.ee\/fi\/wp-json\/wp\/v2\/types\/product"}],"replies":[{"embeddable":true,"href":"https:\/\/restmec.ee\/fi\/wp-json\/wp\/v2\/comments?post=7656"}],"wp:featuredmedia":[{"embeddable":true,"href":"https:\/\/restmec.ee\/fi\/wp-json\/wp\/v2\/media\/13190"}],"wp:attachment":[{"href":"https:\/\/restmec.ee\/fi\/wp-json\/wp\/v2\/media?parent=7656"}],"wp:term":[{"taxonomy":"product_brand","embeddable":true,"href":"https:\/\/restmec.ee\/fi\/wp-json\/wp\/v2\/product_brand?post=7656"},{"taxonomy":"product_cat","embeddable":true,"href":"https:\/\/restmec.ee\/fi\/wp-json\/wp\/v2\/product_cat?post=7656"},{"taxonomy":"product_tag","embeddable":true,"href":"https:\/\/restmec.ee\/fi\/wp-json\/wp\/v2\/product_tag?post=7656"}],"curies":[{"name":"wp","href":"https:\/\/api.w.org\/{rel}","templated":true}]}}