{"id":6794,"date":"2019-10-17T13:57:39","date_gmt":"2019-10-17T10:57:39","guid":{"rendered":"https:\/\/restmec.ee\/toode\/toolaua-moodul-kapp-ub-ksk-403\/"},"modified":"2019-11-29T12:50:25","modified_gmt":"2019-11-29T10:50:25","slug":"toolaua-moodul-kapp-ub-ksk-403","status":"publish","type":"product","link":"https:\/\/restmec.ee\/fi\/toode\/toolaua-moodul-kapp-ub-ksk-403\/","title":{"rendered":"Ty\u00f6p\u00f6yd\u00e4n moduulikaappi UB KSK 403"},"content":{"rendered":"<ul>\n<li>valmistettu ruostumattomasta ter\u00e4ksest\u00e4<\/li>\n<li>moduuli laatikostolla<\/li>\n<li>moduulien sijoittelu helposti muutettavissa<\/li>\n<li>moduuleja on mahdollista yhdist\u00e4\u00e4 yhden ty\u00f6tason alla, lis\u00e4ksi ne sopivat kylm\u00e4vetolaatikoston pidennykseksi<\/li>\n<li>laatikot GN-mitoissa<\/li>\n<li>ty\u00f6p\u00f6yd\u00e4n korkeus muutettavissa s\u00e4\u00e4dett\u00e4vill\u00e4 jaloilla v\u00e4lill\u00e4 855\u2013915 mm<\/li>\n<li><strong>Ty\u00f6p\u00f6yd\u00e4n moduulille mahdollista tilata:<\/strong>\n<ul>\n<li>moduuleja yhdist\u00e4v\u00e4 taso (yhden ty\u00f6tason alla on mahdollista yhdist\u00e4\u00e4 erilaiset moduulit)<\/li>\n<li>allas<\/li>\n<li>takasein\u00e4n asentamisen mahdollisuus (merkitt\u00e4v\u00e4 tilaukseen)<\/li>\n<\/ul>\n<\/li>\n<\/ul>\n<p><a href=\"https:\/\/restmec.ee\/wp-content\/uploads\/2019\/10\/UB-KSK-403-dimetric.pdf\">Tekninen piirustus PDF-tiedosto<\/a><\/p>\n","protected":false},"excerpt":{"rendered":"<p>valmistettu ruostumattomasta ter\u00e4ksest\u00e4 moduuli laatikostolla moduulien sijoittelu helposti muutettavissa moduuleja on mahdollista yhdist\u00e4\u00e4 yhden ty\u00f6tason alla, lis\u00e4ksi ne sopivat kylm\u00e4vetolaatikoston&#8230;<\/p>\n","protected":false},"featured_media":4168,"comment_status":"closed","ping_status":"closed","template":"","meta":{"_acf_changed":false},"product_brand":[],"product_cat":[281],"product_tag":[],"class_list":{"0":"post-6794","1":"product","2":"type-product","3":"status-publish","4":"has-post-thumbnail","6":"product_cat-tyopoydan-moduulikaapit-laatikostolla","8":"first","9":"instock","10":"shipping-taxable","11":"product-type-simple"},"acf":[],"yoast_head":"<!-- This site is optimized with the Yoast SEO plugin v27.2 - https:\/\/yoast.com\/product\/yoast-seo-wordpress\/ -->\n<title>Ty\u00f6p\u00f6yd\u00e4n moduulikaappi UB KSK 403 - Restmec<\/title>\n<meta name=\"robots\" content=\"index, follow, max-snippet:-1, max-image-preview:large, max-video-preview:-1\" \/>\n<link rel=\"canonical\" href=\"https:\/\/restmec.ee\/fi\/toode\/toolaua-moodul-kapp-ub-ksk-403\/\" \/>\n<meta property=\"og:locale\" content=\"fi_FI\" \/>\n<meta property=\"og:type\" content=\"article\" \/>\n<meta property=\"og:title\" content=\"Ty\u00f6p\u00f6yd\u00e4n moduulikaappi UB KSK 403 - Restmec\" \/>\n<meta property=\"og:description\" content=\"valmistettu ruostumattomasta ter\u00e4ksest\u00e4 moduuli laatikostolla moduulien sijoittelu helposti muutettavissa moduuleja on mahdollista yhdist\u00e4\u00e4 yhden ty\u00f6tason alla, lis\u00e4ksi ne sopivat kylm\u00e4vetolaatikoston...\" \/>\n<meta property=\"og:url\" content=\"https:\/\/restmec.ee\/fi\/toode\/toolaua-moodul-kapp-ub-ksk-403\/\" \/>\n<meta property=\"og:site_name\" content=\"Restmec\" \/>\n<meta property=\"article:modified_time\" content=\"2019-11-29T10:50:25+00:00\" \/>\n<meta property=\"og:image\" content=\"https:\/\/restmec.ee\/wp-content\/uploads\/2019\/10\/UB-KSK-403.jpg\" \/>\n\t<meta property=\"og:image:width\" content=\"5275\" \/>\n\t<meta property=\"og:image:height\" content=\"2967\" \/>\n\t<meta property=\"og:image:type\" content=\"image\/jpeg\" \/>\n<meta name=\"twitter:card\" content=\"summary_large_image\" \/>\n<script type=\"application\/ld+json\" class=\"yoast-schema-graph\">{\"@context\":\"https:\/\/schema.org\",\"@graph\":[{\"@type\":\"WebPage\",\"@id\":\"https:\/\/restmec.ee\/fi\/toode\/toolaua-moodul-kapp-ub-ksk-403\/\",\"url\":\"https:\/\/restmec.ee\/fi\/toode\/toolaua-moodul-kapp-ub-ksk-403\/\",\"name\":\"Ty\u00f6p\u00f6yd\u00e4n moduulikaappi UB KSK 403 - Restmec\",\"isPartOf\":{\"@id\":\"https:\/\/restmec.ee\/en\/#website\"},\"primaryImageOfPage\":{\"@id\":\"https:\/\/restmec.ee\/fi\/toode\/toolaua-moodul-kapp-ub-ksk-403\/#primaryimage\"},\"image\":{\"@id\":\"https:\/\/restmec.ee\/fi\/toode\/toolaua-moodul-kapp-ub-ksk-403\/#primaryimage\"},\"thumbnailUrl\":\"https:\/\/restmec.ee\/wp-content\/uploads\/2019\/10\/UB-KSK-403.jpg\",\"datePublished\":\"2019-10-17T10:57:39+00:00\",\"dateModified\":\"2019-11-29T10:50:25+00:00\",\"breadcrumb\":{\"@id\":\"https:\/\/restmec.ee\/fi\/toode\/toolaua-moodul-kapp-ub-ksk-403\/#breadcrumb\"},\"inLanguage\":\"fi\",\"potentialAction\":[{\"@type\":\"ReadAction\",\"target\":[\"https:\/\/restmec.ee\/fi\/toode\/toolaua-moodul-kapp-ub-ksk-403\/\"]}]},{\"@type\":\"ImageObject\",\"inLanguage\":\"fi\",\"@id\":\"https:\/\/restmec.ee\/fi\/toode\/toolaua-moodul-kapp-ub-ksk-403\/#primaryimage\",\"url\":\"https:\/\/restmec.ee\/wp-content\/uploads\/2019\/10\/UB-KSK-403.jpg\",\"contentUrl\":\"https:\/\/restmec.ee\/wp-content\/uploads\/2019\/10\/UB-KSK-403.jpg\",\"width\":5275,\"height\":2967},{\"@type\":\"BreadcrumbList\",\"@id\":\"https:\/\/restmec.ee\/fi\/toode\/toolaua-moodul-kapp-ub-ksk-403\/#breadcrumb\",\"itemListElement\":[{\"@type\":\"ListItem\",\"position\":1,\"name\":\"Home\",\"item\":\"https:\/\/restmec.ee\/fi\/\"},{\"@type\":\"ListItem\",\"position\":2,\"name\":\"Tuotteet\",\"item\":\"https:\/\/restmec.ee\/fi\/tuotteet\/\"},{\"@type\":\"ListItem\",\"position\":3,\"name\":\"Ty\u00f6p\u00f6yd\u00e4n moduulikaappi UB KSK 403\"}]},{\"@type\":\"WebSite\",\"@id\":\"https:\/\/restmec.ee\/en\/#website\",\"url\":\"https:\/\/restmec.ee\/en\/\",\"name\":\"Restmec\",\"description\":\"Roostevabast metallist m\u00f6\u00f6bli tootmine\",\"potentialAction\":[{\"@type\":\"SearchAction\",\"target\":{\"@type\":\"EntryPoint\",\"urlTemplate\":\"https:\/\/restmec.ee\/en\/?s={search_term_string}\"},\"query-input\":{\"@type\":\"PropertyValueSpecification\",\"valueRequired\":true,\"valueName\":\"search_term_string\"}}],\"inLanguage\":\"fi\"}]}<\/script>\n<!-- \/ Yoast SEO plugin. -->","yoast_head_json":{"title":"Ty\u00f6p\u00f6yd\u00e4n moduulikaappi UB KSK 403 - Restmec","robots":{"index":"index","follow":"follow","max-snippet":"max-snippet:-1","max-image-preview":"max-image-preview:large","max-video-preview":"max-video-preview:-1"},"canonical":"https:\/\/restmec.ee\/fi\/toode\/toolaua-moodul-kapp-ub-ksk-403\/","og_locale":"fi_FI","og_type":"article","og_title":"Ty\u00f6p\u00f6yd\u00e4n moduulikaappi UB KSK 403 - Restmec","og_description":"valmistettu ruostumattomasta ter\u00e4ksest\u00e4 moduuli laatikostolla moduulien sijoittelu helposti muutettavissa moduuleja on mahdollista yhdist\u00e4\u00e4 yhden ty\u00f6tason alla, lis\u00e4ksi ne sopivat kylm\u00e4vetolaatikoston...","og_url":"https:\/\/restmec.ee\/fi\/toode\/toolaua-moodul-kapp-ub-ksk-403\/","og_site_name":"Restmec","article_modified_time":"2019-11-29T10:50:25+00:00","og_image":[{"width":5275,"height":2967,"url":"https:\/\/restmec.ee\/wp-content\/uploads\/2019\/10\/UB-KSK-403.jpg","type":"image\/jpeg"}],"twitter_card":"summary_large_image","schema":{"@context":"https:\/\/schema.org","@graph":[{"@type":"WebPage","@id":"https:\/\/restmec.ee\/fi\/toode\/toolaua-moodul-kapp-ub-ksk-403\/","url":"https:\/\/restmec.ee\/fi\/toode\/toolaua-moodul-kapp-ub-ksk-403\/","name":"Ty\u00f6p\u00f6yd\u00e4n moduulikaappi UB KSK 403 - Restmec","isPartOf":{"@id":"https:\/\/restmec.ee\/en\/#website"},"primaryImageOfPage":{"@id":"https:\/\/restmec.ee\/fi\/toode\/toolaua-moodul-kapp-ub-ksk-403\/#primaryimage"},"image":{"@id":"https:\/\/restmec.ee\/fi\/toode\/toolaua-moodul-kapp-ub-ksk-403\/#primaryimage"},"thumbnailUrl":"https:\/\/restmec.ee\/wp-content\/uploads\/2019\/10\/UB-KSK-403.jpg","datePublished":"2019-10-17T10:57:39+00:00","dateModified":"2019-11-29T10:50:25+00:00","breadcrumb":{"@id":"https:\/\/restmec.ee\/fi\/toode\/toolaua-moodul-kapp-ub-ksk-403\/#breadcrumb"},"inLanguage":"fi","potentialAction":[{"@type":"ReadAction","target":["https:\/\/restmec.ee\/fi\/toode\/toolaua-moodul-kapp-ub-ksk-403\/"]}]},{"@type":"ImageObject","inLanguage":"fi","@id":"https:\/\/restmec.ee\/fi\/toode\/toolaua-moodul-kapp-ub-ksk-403\/#primaryimage","url":"https:\/\/restmec.ee\/wp-content\/uploads\/2019\/10\/UB-KSK-403.jpg","contentUrl":"https:\/\/restmec.ee\/wp-content\/uploads\/2019\/10\/UB-KSK-403.jpg","width":5275,"height":2967},{"@type":"BreadcrumbList","@id":"https:\/\/restmec.ee\/fi\/toode\/toolaua-moodul-kapp-ub-ksk-403\/#breadcrumb","itemListElement":[{"@type":"ListItem","position":1,"name":"Home","item":"https:\/\/restmec.ee\/fi\/"},{"@type":"ListItem","position":2,"name":"Tuotteet","item":"https:\/\/restmec.ee\/fi\/tuotteet\/"},{"@type":"ListItem","position":3,"name":"Ty\u00f6p\u00f6yd\u00e4n moduulikaappi UB KSK 403"}]},{"@type":"WebSite","@id":"https:\/\/restmec.ee\/en\/#website","url":"https:\/\/restmec.ee\/en\/","name":"Restmec","description":"Roostevabast metallist m\u00f6\u00f6bli tootmine","potentialAction":[{"@type":"SearchAction","target":{"@type":"EntryPoint","urlTemplate":"https:\/\/restmec.ee\/en\/?s={search_term_string}"},"query-input":{"@type":"PropertyValueSpecification","valueRequired":true,"valueName":"search_term_string"}}],"inLanguage":"fi"}]}},"_links":{"self":[{"href":"https:\/\/restmec.ee\/fi\/wp-json\/wp\/v2\/product\/6794","targetHints":{"allow":["GET"]}}],"collection":[{"href":"https:\/\/restmec.ee\/fi\/wp-json\/wp\/v2\/product"}],"about":[{"href":"https:\/\/restmec.ee\/fi\/wp-json\/wp\/v2\/types\/product"}],"replies":[{"embeddable":true,"href":"https:\/\/restmec.ee\/fi\/wp-json\/wp\/v2\/comments?post=6794"}],"wp:featuredmedia":[{"embeddable":true,"href":"https:\/\/restmec.ee\/fi\/wp-json\/wp\/v2\/media\/4168"}],"wp:attachment":[{"href":"https:\/\/restmec.ee\/fi\/wp-json\/wp\/v2\/media?parent=6794"}],"wp:term":[{"taxonomy":"product_brand","embeddable":true,"href":"https:\/\/restmec.ee\/fi\/wp-json\/wp\/v2\/product_brand?post=6794"},{"taxonomy":"product_cat","embeddable":true,"href":"https:\/\/restmec.ee\/fi\/wp-json\/wp\/v2\/product_cat?post=6794"},{"taxonomy":"product_tag","embeddable":true,"href":"https:\/\/restmec.ee\/fi\/wp-json\/wp\/v2\/product_tag?post=6794"}],"curies":[{"name":"wp","href":"https:\/\/api.w.org\/{rel}","templated":true}]}}