{"id":6741,"date":"2019-05-24T14:10:27","date_gmt":"2019-05-24T11:10:27","guid":{"rendered":"https:\/\/restmec.ee\/toode\/eelpesulauad-suure-vanniga-epl\/"},"modified":"2022-11-15T12:11:43","modified_gmt":"2022-11-15T10:11:43","slug":"eelpesulauad-suure-vanniga-epl","status":"publish","type":"product","link":"https:\/\/restmec.ee\/fi\/toode\/eelpesulauad-suure-vanniga-epl\/","title":{"rendered":"Esipesup\u00f6yt\u00e4 suurella altaalla EPLV"},"content":{"rendered":"<ul>\n<li>allas ruostumatonta ter\u00e4st\u00e4<\/li>\n<li>ty\u00f6tason takareunassa roiskesuoja, vakiokorkeus 50mm (mahdollista tilata 200mm saakka)<\/li>\n<li>p\u00f6yd\u00e4ll\u00e4 on pesukoneliit\u00e4nt\u00e4 (HUOM! Liit\u00e4nt\u00e4 pesukonemerkin mukaan \u2013 asiakas toimittaa tiedon.)<\/li>\n<li>roskasihdill\u00e4 varustettu pesuallas<\/li>\n<li>korien ohjausurat<\/li>\n<li>ty\u00f6p\u00f6yd\u00e4n kehys ruostumattomasta ter\u00e4ksest\u00e4 neli\u00f6putkea (30x30mm)<\/li>\n<li>p\u00f6yd\u00e4n korkeus muutettavissa s\u00e4\u00e4dett\u00e4vill\u00e4 jaloilla \u00b120mm<\/li>\n<li><strong>Esipesup\u00f6yd\u00e4lle mahdollista tilata:<\/strong>\n<ul>\n<li>palloventtiili viem\u00e4riliit\u00e4nn\u00e4n sulkemiseksi<\/li>\n<li>sile\u00e4 alahylly<\/li>\n<li>rei\u2019itetty alahylly<\/li>\n<li>ilman hylly\u00e4<\/li>\n<\/ul>\n<\/li>\n<\/ul>\n<p><a href=\"https:\/\/restmec.ee\/wp-content\/uploads\/2019\/05\/EPVL-600-2500mm-dimetric.pdf\">Tekninen piirustus PDF-tiedosto<\/a><\/p>\n","protected":false},"excerpt":{"rendered":"<p>allas ruostumatonta ter\u00e4st\u00e4 ty\u00f6tason takareunassa roiskesuoja, vakiokorkeus 50mm (mahdollista tilata 200mm saakka) p\u00f6yd\u00e4ll\u00e4 on pesukoneliit\u00e4nt\u00e4 (HUOM! Liit\u00e4nt\u00e4 pesukonemerkin mukaan \u2013&#8230;<\/p>\n","protected":false},"featured_media":3385,"comment_status":"closed","ping_status":"closed","template":"","meta":{"_acf_changed":false},"product_brand":[],"product_cat":[301],"product_tag":[],"class_list":{"0":"post-6741","1":"product","2":"type-product","3":"status-publish","4":"has-post-thumbnail","6":"product_cat-esipesupoydat","8":"first","9":"instock","10":"shipping-taxable","11":"product-type-simple"},"acf":[],"yoast_head":"<!-- This site is optimized with the Yoast SEO plugin v27.2 - https:\/\/yoast.com\/product\/yoast-seo-wordpress\/ -->\n<title>Esipesup\u00f6yt\u00e4 suurella altaalla EPLV - Restmec<\/title>\n<meta name=\"robots\" content=\"index, follow, max-snippet:-1, max-image-preview:large, max-video-preview:-1\" \/>\n<link rel=\"canonical\" href=\"https:\/\/restmec.ee\/fi\/toode\/eelpesulauad-suure-vanniga-epl\/\" \/>\n<meta property=\"og:locale\" content=\"fi_FI\" \/>\n<meta property=\"og:type\" content=\"article\" \/>\n<meta property=\"og:title\" content=\"Esipesup\u00f6yt\u00e4 suurella altaalla EPLV - Restmec\" \/>\n<meta property=\"og:description\" content=\"allas ruostumatonta ter\u00e4st\u00e4 ty\u00f6tason takareunassa roiskesuoja, vakiokorkeus 50mm (mahdollista tilata 200mm saakka) p\u00f6yd\u00e4ll\u00e4 on pesukoneliit\u00e4nt\u00e4 (HUOM! Liit\u00e4nt\u00e4 pesukonemerkin mukaan \u2013...\" \/>\n<meta property=\"og:url\" content=\"https:\/\/restmec.ee\/fi\/toode\/eelpesulauad-suure-vanniga-epl\/\" \/>\n<meta property=\"og:site_name\" content=\"Restmec\" \/>\n<meta property=\"article:modified_time\" content=\"2022-11-15T10:11:43+00:00\" \/>\n<meta property=\"og:image\" content=\"https:\/\/restmec.ee\/wp-content\/uploads\/2019\/05\/EPVL.jpg\" \/>\n\t<meta property=\"og:image:width\" content=\"2100\" \/>\n\t<meta property=\"og:image:height\" content=\"1181\" \/>\n\t<meta property=\"og:image:type\" content=\"image\/jpeg\" \/>\n<meta name=\"twitter:card\" content=\"summary_large_image\" \/>\n<meta name=\"twitter:label1\" content=\"Arvioitu lukuaika\" \/>\n\t<meta name=\"twitter:data1\" content=\"1 minuutti\" \/>\n<script type=\"application\/ld+json\" class=\"yoast-schema-graph\">{\"@context\":\"https:\/\/schema.org\",\"@graph\":[{\"@type\":\"WebPage\",\"@id\":\"https:\/\/restmec.ee\/fi\/toode\/eelpesulauad-suure-vanniga-epl\/\",\"url\":\"https:\/\/restmec.ee\/fi\/toode\/eelpesulauad-suure-vanniga-epl\/\",\"name\":\"Esipesup\u00f6yt\u00e4 suurella altaalla EPLV - Restmec\",\"isPartOf\":{\"@id\":\"https:\/\/restmec.ee\/en\/#website\"},\"primaryImageOfPage\":{\"@id\":\"https:\/\/restmec.ee\/fi\/toode\/eelpesulauad-suure-vanniga-epl\/#primaryimage\"},\"image\":{\"@id\":\"https:\/\/restmec.ee\/fi\/toode\/eelpesulauad-suure-vanniga-epl\/#primaryimage\"},\"thumbnailUrl\":\"https:\/\/restmec.ee\/wp-content\/uploads\/2019\/05\/EPVL.jpg\",\"datePublished\":\"2019-05-24T11:10:27+00:00\",\"dateModified\":\"2022-11-15T10:11:43+00:00\",\"breadcrumb\":{\"@id\":\"https:\/\/restmec.ee\/fi\/toode\/eelpesulauad-suure-vanniga-epl\/#breadcrumb\"},\"inLanguage\":\"fi\",\"potentialAction\":[{\"@type\":\"ReadAction\",\"target\":[\"https:\/\/restmec.ee\/fi\/toode\/eelpesulauad-suure-vanniga-epl\/\"]}]},{\"@type\":\"ImageObject\",\"inLanguage\":\"fi\",\"@id\":\"https:\/\/restmec.ee\/fi\/toode\/eelpesulauad-suure-vanniga-epl\/#primaryimage\",\"url\":\"https:\/\/restmec.ee\/wp-content\/uploads\/2019\/05\/EPVL.jpg\",\"contentUrl\":\"https:\/\/restmec.ee\/wp-content\/uploads\/2019\/05\/EPVL.jpg\",\"width\":2100,\"height\":1181},{\"@type\":\"BreadcrumbList\",\"@id\":\"https:\/\/restmec.ee\/fi\/toode\/eelpesulauad-suure-vanniga-epl\/#breadcrumb\",\"itemListElement\":[{\"@type\":\"ListItem\",\"position\":1,\"name\":\"Home\",\"item\":\"https:\/\/restmec.ee\/fi\/\"},{\"@type\":\"ListItem\",\"position\":2,\"name\":\"Tuotteet\",\"item\":\"https:\/\/restmec.ee\/fi\/tuotteet\/\"},{\"@type\":\"ListItem\",\"position\":3,\"name\":\"Esipesup\u00f6yt\u00e4 suurella altaalla EPLV\"}]},{\"@type\":\"WebSite\",\"@id\":\"https:\/\/restmec.ee\/en\/#website\",\"url\":\"https:\/\/restmec.ee\/en\/\",\"name\":\"Restmec\",\"description\":\"Roostevabast metallist m\u00f6\u00f6bli tootmine\",\"potentialAction\":[{\"@type\":\"SearchAction\",\"target\":{\"@type\":\"EntryPoint\",\"urlTemplate\":\"https:\/\/restmec.ee\/en\/?s={search_term_string}\"},\"query-input\":{\"@type\":\"PropertyValueSpecification\",\"valueRequired\":true,\"valueName\":\"search_term_string\"}}],\"inLanguage\":\"fi\"}]}<\/script>\n<!-- \/ Yoast SEO plugin. -->","yoast_head_json":{"title":"Esipesup\u00f6yt\u00e4 suurella altaalla EPLV - Restmec","robots":{"index":"index","follow":"follow","max-snippet":"max-snippet:-1","max-image-preview":"max-image-preview:large","max-video-preview":"max-video-preview:-1"},"canonical":"https:\/\/restmec.ee\/fi\/toode\/eelpesulauad-suure-vanniga-epl\/","og_locale":"fi_FI","og_type":"article","og_title":"Esipesup\u00f6yt\u00e4 suurella altaalla EPLV - Restmec","og_description":"allas ruostumatonta ter\u00e4st\u00e4 ty\u00f6tason takareunassa roiskesuoja, vakiokorkeus 50mm (mahdollista tilata 200mm saakka) p\u00f6yd\u00e4ll\u00e4 on pesukoneliit\u00e4nt\u00e4 (HUOM! Liit\u00e4nt\u00e4 pesukonemerkin mukaan \u2013...","og_url":"https:\/\/restmec.ee\/fi\/toode\/eelpesulauad-suure-vanniga-epl\/","og_site_name":"Restmec","article_modified_time":"2022-11-15T10:11:43+00:00","og_image":[{"width":2100,"height":1181,"url":"https:\/\/restmec.ee\/wp-content\/uploads\/2019\/05\/EPVL.jpg","type":"image\/jpeg"}],"twitter_card":"summary_large_image","twitter_misc":{"Arvioitu lukuaika":"1 minuutti"},"schema":{"@context":"https:\/\/schema.org","@graph":[{"@type":"WebPage","@id":"https:\/\/restmec.ee\/fi\/toode\/eelpesulauad-suure-vanniga-epl\/","url":"https:\/\/restmec.ee\/fi\/toode\/eelpesulauad-suure-vanniga-epl\/","name":"Esipesup\u00f6yt\u00e4 suurella altaalla EPLV - Restmec","isPartOf":{"@id":"https:\/\/restmec.ee\/en\/#website"},"primaryImageOfPage":{"@id":"https:\/\/restmec.ee\/fi\/toode\/eelpesulauad-suure-vanniga-epl\/#primaryimage"},"image":{"@id":"https:\/\/restmec.ee\/fi\/toode\/eelpesulauad-suure-vanniga-epl\/#primaryimage"},"thumbnailUrl":"https:\/\/restmec.ee\/wp-content\/uploads\/2019\/05\/EPVL.jpg","datePublished":"2019-05-24T11:10:27+00:00","dateModified":"2022-11-15T10:11:43+00:00","breadcrumb":{"@id":"https:\/\/restmec.ee\/fi\/toode\/eelpesulauad-suure-vanniga-epl\/#breadcrumb"},"inLanguage":"fi","potentialAction":[{"@type":"ReadAction","target":["https:\/\/restmec.ee\/fi\/toode\/eelpesulauad-suure-vanniga-epl\/"]}]},{"@type":"ImageObject","inLanguage":"fi","@id":"https:\/\/restmec.ee\/fi\/toode\/eelpesulauad-suure-vanniga-epl\/#primaryimage","url":"https:\/\/restmec.ee\/wp-content\/uploads\/2019\/05\/EPVL.jpg","contentUrl":"https:\/\/restmec.ee\/wp-content\/uploads\/2019\/05\/EPVL.jpg","width":2100,"height":1181},{"@type":"BreadcrumbList","@id":"https:\/\/restmec.ee\/fi\/toode\/eelpesulauad-suure-vanniga-epl\/#breadcrumb","itemListElement":[{"@type":"ListItem","position":1,"name":"Home","item":"https:\/\/restmec.ee\/fi\/"},{"@type":"ListItem","position":2,"name":"Tuotteet","item":"https:\/\/restmec.ee\/fi\/tuotteet\/"},{"@type":"ListItem","position":3,"name":"Esipesup\u00f6yt\u00e4 suurella altaalla EPLV"}]},{"@type":"WebSite","@id":"https:\/\/restmec.ee\/en\/#website","url":"https:\/\/restmec.ee\/en\/","name":"Restmec","description":"Roostevabast metallist m\u00f6\u00f6bli tootmine","potentialAction":[{"@type":"SearchAction","target":{"@type":"EntryPoint","urlTemplate":"https:\/\/restmec.ee\/en\/?s={search_term_string}"},"query-input":{"@type":"PropertyValueSpecification","valueRequired":true,"valueName":"search_term_string"}}],"inLanguage":"fi"}]}},"_links":{"self":[{"href":"https:\/\/restmec.ee\/fi\/wp-json\/wp\/v2\/product\/6741","targetHints":{"allow":["GET"]}}],"collection":[{"href":"https:\/\/restmec.ee\/fi\/wp-json\/wp\/v2\/product"}],"about":[{"href":"https:\/\/restmec.ee\/fi\/wp-json\/wp\/v2\/types\/product"}],"replies":[{"embeddable":true,"href":"https:\/\/restmec.ee\/fi\/wp-json\/wp\/v2\/comments?post=6741"}],"wp:featuredmedia":[{"embeddable":true,"href":"https:\/\/restmec.ee\/fi\/wp-json\/wp\/v2\/media\/3385"}],"wp:attachment":[{"href":"https:\/\/restmec.ee\/fi\/wp-json\/wp\/v2\/media?parent=6741"}],"wp:term":[{"taxonomy":"product_brand","embeddable":true,"href":"https:\/\/restmec.ee\/fi\/wp-json\/wp\/v2\/product_brand?post=6741"},{"taxonomy":"product_cat","embeddable":true,"href":"https:\/\/restmec.ee\/fi\/wp-json\/wp\/v2\/product_cat?post=6741"},{"taxonomy":"product_tag","embeddable":true,"href":"https:\/\/restmec.ee\/fi\/wp-json\/wp\/v2\/product_tag?post=6741"}],"curies":[{"name":"wp","href":"https:\/\/api.w.org\/{rel}","templated":true}]}}