{"id":6668,"date":"2019-05-23T15:02:31","date_gmt":"2019-05-23T12:02:31","guid":{"rendered":"https:\/\/restmec.ee\/toode\/porandariiul-pr\/"},"modified":"2020-05-07T08:55:00","modified_gmt":"2020-05-07T05:55:00","slug":"porandariiul-pr","status":"publish","type":"product","link":"https:\/\/restmec.ee\/fi\/toode\/porandariiul-pr\/","title":{"rendered":"Lattiahylly PR"},"content":{"rendered":"<ul>\n<li>lattiahyllyn tasot kiinni hitsattu<\/li>\n<li>v\u00e4lihyllyt ruostumattomasta ter\u00e4ksest\u00e4 paksuudeltaan 1,0mm<\/li>\n<li>v\u00e4lihyllyjen m\u00e4\u00e4r\u00e4 tilaajan toiveiden mukaan<\/li>\n<li>jalat ruostumatonta neli\u00f6putkea (30x30mm)<\/li>\n<li>hyllyn korkeus muutettavissa s\u00e4\u00e4dett\u00e4vill\u00e4 jaloilla \u00b120mm<\/li>\n<li>vakiosyvyydet: 300mm, 400mm, 500mm ja 600mm<\/li>\n<li>vakiokorkeus 1800mm<\/li>\n<\/ul>\n<p><a href=\"https:\/\/restmec.ee\/wp-content\/uploads\/2019\/05\/PR-dimetric.pdf\">Tekninen piirustus PDF-tiedosto<\/a><\/p>\n","protected":false},"excerpt":{"rendered":"<p>lattiahyllyn tasot kiinni hitsattu v\u00e4lihyllyt ruostumattomasta ter\u00e4ksest\u00e4 paksuudeltaan 1,0mm v\u00e4lihyllyjen m\u00e4\u00e4r\u00e4 tilaajan toiveiden mukaan jalat ruostumatonta neli\u00f6putkea (30x30mm) hyllyn korkeus&#8230;<\/p>\n","protected":false},"featured_media":3350,"comment_status":"closed","ping_status":"closed","template":"","meta":{"_acf_changed":false},"product_brand":[],"product_cat":[287],"product_tag":[],"class_list":{"0":"post-6668","1":"product","2":"type-product","3":"status-publish","4":"has-post-thumbnail","6":"product_cat-lattiahyllyt","8":"first","9":"instock","10":"shipping-taxable","11":"product-type-simple"},"acf":[],"yoast_head":"<!-- This site is optimized with the Yoast SEO plugin v27.2 - https:\/\/yoast.com\/product\/yoast-seo-wordpress\/ -->\n<title>Lattiahylly PR - Restmec<\/title>\n<meta name=\"robots\" content=\"index, follow, max-snippet:-1, max-image-preview:large, max-video-preview:-1\" \/>\n<link rel=\"canonical\" href=\"https:\/\/restmec.ee\/fi\/toode\/porandariiul-pr\/\" \/>\n<meta property=\"og:locale\" content=\"fi_FI\" \/>\n<meta property=\"og:type\" content=\"article\" \/>\n<meta property=\"og:title\" content=\"Lattiahylly PR - Restmec\" \/>\n<meta property=\"og:description\" content=\"lattiahyllyn tasot kiinni hitsattu v\u00e4lihyllyt ruostumattomasta ter\u00e4ksest\u00e4 paksuudeltaan 1,0mm v\u00e4lihyllyjen m\u00e4\u00e4r\u00e4 tilaajan toiveiden mukaan jalat ruostumatonta neli\u00f6putkea (30x30mm) hyllyn korkeus...\" \/>\n<meta property=\"og:url\" content=\"https:\/\/restmec.ee\/fi\/toode\/porandariiul-pr\/\" \/>\n<meta property=\"og:site_name\" content=\"Restmec\" \/>\n<meta property=\"article:modified_time\" content=\"2020-05-07T05:55:00+00:00\" \/>\n<meta property=\"og:image\" content=\"https:\/\/restmec.ee\/wp-content\/uploads\/2019\/05\/PR.jpg\" \/>\n\t<meta property=\"og:image:width\" content=\"2100\" \/>\n\t<meta property=\"og:image:height\" content=\"1181\" \/>\n\t<meta property=\"og:image:type\" content=\"image\/jpeg\" \/>\n<meta name=\"twitter:card\" content=\"summary_large_image\" \/>\n<script type=\"application\/ld+json\" class=\"yoast-schema-graph\">{\"@context\":\"https:\/\/schema.org\",\"@graph\":[{\"@type\":\"WebPage\",\"@id\":\"https:\/\/restmec.ee\/fi\/toode\/porandariiul-pr\/\",\"url\":\"https:\/\/restmec.ee\/fi\/toode\/porandariiul-pr\/\",\"name\":\"Lattiahylly PR - Restmec\",\"isPartOf\":{\"@id\":\"https:\/\/restmec.ee\/en\/#website\"},\"primaryImageOfPage\":{\"@id\":\"https:\/\/restmec.ee\/fi\/toode\/porandariiul-pr\/#primaryimage\"},\"image\":{\"@id\":\"https:\/\/restmec.ee\/fi\/toode\/porandariiul-pr\/#primaryimage\"},\"thumbnailUrl\":\"https:\/\/restmec.ee\/wp-content\/uploads\/2019\/05\/PR.jpg\",\"datePublished\":\"2019-05-23T12:02:31+00:00\",\"dateModified\":\"2020-05-07T05:55:00+00:00\",\"breadcrumb\":{\"@id\":\"https:\/\/restmec.ee\/fi\/toode\/porandariiul-pr\/#breadcrumb\"},\"inLanguage\":\"fi\",\"potentialAction\":[{\"@type\":\"ReadAction\",\"target\":[\"https:\/\/restmec.ee\/fi\/toode\/porandariiul-pr\/\"]}]},{\"@type\":\"ImageObject\",\"inLanguage\":\"fi\",\"@id\":\"https:\/\/restmec.ee\/fi\/toode\/porandariiul-pr\/#primaryimage\",\"url\":\"https:\/\/restmec.ee\/wp-content\/uploads\/2019\/05\/PR.jpg\",\"contentUrl\":\"https:\/\/restmec.ee\/wp-content\/uploads\/2019\/05\/PR.jpg\",\"width\":2100,\"height\":1181},{\"@type\":\"BreadcrumbList\",\"@id\":\"https:\/\/restmec.ee\/fi\/toode\/porandariiul-pr\/#breadcrumb\",\"itemListElement\":[{\"@type\":\"ListItem\",\"position\":1,\"name\":\"Home\",\"item\":\"https:\/\/restmec.ee\/fi\/\"},{\"@type\":\"ListItem\",\"position\":2,\"name\":\"Tuotteet\",\"item\":\"https:\/\/restmec.ee\/fi\/tuotteet\/\"},{\"@type\":\"ListItem\",\"position\":3,\"name\":\"Lattiahylly PR\"}]},{\"@type\":\"WebSite\",\"@id\":\"https:\/\/restmec.ee\/en\/#website\",\"url\":\"https:\/\/restmec.ee\/en\/\",\"name\":\"Restmec\",\"description\":\"Roostevabast metallist m\u00f6\u00f6bli tootmine\",\"potentialAction\":[{\"@type\":\"SearchAction\",\"target\":{\"@type\":\"EntryPoint\",\"urlTemplate\":\"https:\/\/restmec.ee\/en\/?s={search_term_string}\"},\"query-input\":{\"@type\":\"PropertyValueSpecification\",\"valueRequired\":true,\"valueName\":\"search_term_string\"}}],\"inLanguage\":\"fi\"}]}<\/script>\n<!-- \/ Yoast SEO plugin. -->","yoast_head_json":{"title":"Lattiahylly PR - Restmec","robots":{"index":"index","follow":"follow","max-snippet":"max-snippet:-1","max-image-preview":"max-image-preview:large","max-video-preview":"max-video-preview:-1"},"canonical":"https:\/\/restmec.ee\/fi\/toode\/porandariiul-pr\/","og_locale":"fi_FI","og_type":"article","og_title":"Lattiahylly PR - Restmec","og_description":"lattiahyllyn tasot kiinni hitsattu v\u00e4lihyllyt ruostumattomasta ter\u00e4ksest\u00e4 paksuudeltaan 1,0mm v\u00e4lihyllyjen m\u00e4\u00e4r\u00e4 tilaajan toiveiden mukaan jalat ruostumatonta neli\u00f6putkea (30x30mm) hyllyn korkeus...","og_url":"https:\/\/restmec.ee\/fi\/toode\/porandariiul-pr\/","og_site_name":"Restmec","article_modified_time":"2020-05-07T05:55:00+00:00","og_image":[{"width":2100,"height":1181,"url":"https:\/\/restmec.ee\/wp-content\/uploads\/2019\/05\/PR.jpg","type":"image\/jpeg"}],"twitter_card":"summary_large_image","schema":{"@context":"https:\/\/schema.org","@graph":[{"@type":"WebPage","@id":"https:\/\/restmec.ee\/fi\/toode\/porandariiul-pr\/","url":"https:\/\/restmec.ee\/fi\/toode\/porandariiul-pr\/","name":"Lattiahylly PR - Restmec","isPartOf":{"@id":"https:\/\/restmec.ee\/en\/#website"},"primaryImageOfPage":{"@id":"https:\/\/restmec.ee\/fi\/toode\/porandariiul-pr\/#primaryimage"},"image":{"@id":"https:\/\/restmec.ee\/fi\/toode\/porandariiul-pr\/#primaryimage"},"thumbnailUrl":"https:\/\/restmec.ee\/wp-content\/uploads\/2019\/05\/PR.jpg","datePublished":"2019-05-23T12:02:31+00:00","dateModified":"2020-05-07T05:55:00+00:00","breadcrumb":{"@id":"https:\/\/restmec.ee\/fi\/toode\/porandariiul-pr\/#breadcrumb"},"inLanguage":"fi","potentialAction":[{"@type":"ReadAction","target":["https:\/\/restmec.ee\/fi\/toode\/porandariiul-pr\/"]}]},{"@type":"ImageObject","inLanguage":"fi","@id":"https:\/\/restmec.ee\/fi\/toode\/porandariiul-pr\/#primaryimage","url":"https:\/\/restmec.ee\/wp-content\/uploads\/2019\/05\/PR.jpg","contentUrl":"https:\/\/restmec.ee\/wp-content\/uploads\/2019\/05\/PR.jpg","width":2100,"height":1181},{"@type":"BreadcrumbList","@id":"https:\/\/restmec.ee\/fi\/toode\/porandariiul-pr\/#breadcrumb","itemListElement":[{"@type":"ListItem","position":1,"name":"Home","item":"https:\/\/restmec.ee\/fi\/"},{"@type":"ListItem","position":2,"name":"Tuotteet","item":"https:\/\/restmec.ee\/fi\/tuotteet\/"},{"@type":"ListItem","position":3,"name":"Lattiahylly PR"}]},{"@type":"WebSite","@id":"https:\/\/restmec.ee\/en\/#website","url":"https:\/\/restmec.ee\/en\/","name":"Restmec","description":"Roostevabast metallist m\u00f6\u00f6bli tootmine","potentialAction":[{"@type":"SearchAction","target":{"@type":"EntryPoint","urlTemplate":"https:\/\/restmec.ee\/en\/?s={search_term_string}"},"query-input":{"@type":"PropertyValueSpecification","valueRequired":true,"valueName":"search_term_string"}}],"inLanguage":"fi"}]}},"_links":{"self":[{"href":"https:\/\/restmec.ee\/fi\/wp-json\/wp\/v2\/product\/6668","targetHints":{"allow":["GET"]}}],"collection":[{"href":"https:\/\/restmec.ee\/fi\/wp-json\/wp\/v2\/product"}],"about":[{"href":"https:\/\/restmec.ee\/fi\/wp-json\/wp\/v2\/types\/product"}],"replies":[{"embeddable":true,"href":"https:\/\/restmec.ee\/fi\/wp-json\/wp\/v2\/comments?post=6668"}],"wp:featuredmedia":[{"embeddable":true,"href":"https:\/\/restmec.ee\/fi\/wp-json\/wp\/v2\/media\/3350"}],"wp:attachment":[{"href":"https:\/\/restmec.ee\/fi\/wp-json\/wp\/v2\/media?parent=6668"}],"wp:term":[{"taxonomy":"product_brand","embeddable":true,"href":"https:\/\/restmec.ee\/fi\/wp-json\/wp\/v2\/product_brand?post=6668"},{"taxonomy":"product_cat","embeddable":true,"href":"https:\/\/restmec.ee\/fi\/wp-json\/wp\/v2\/product_cat?post=6668"},{"taxonomy":"product_tag","embeddable":true,"href":"https:\/\/restmec.ee\/fi\/wp-json\/wp\/v2\/product_tag?post=6668"}],"curies":[{"name":"wp","href":"https:\/\/api.w.org\/{rel}","templated":true}]}}