{"id":6654,"date":"2018-11-26T12:05:15","date_gmt":"2018-11-26T10:05:15","guid":{"rendered":"https:\/\/restmec.ee\/toode\/koristuskapp\/"},"modified":"2020-12-01T14:38:17","modified_gmt":"2020-12-01T12:38:17","slug":"koristuskapp","status":"publish","type":"product","link":"https:\/\/restmec.ee\/fi\/toode\/koristuskapp\/","title":{"rendered":"Siivousv\u00e4linekaappi KVK600"},"content":{"rendered":"<ul>\n<li>ruostumattomasta ter\u00e4ksest\u00e4 siivousv\u00e4linekaappi<\/li>\n<li>takakyljess\u00e4 varaus putkille<\/li>\n<li>pohjassa sile\u00e4 ja rei\u2019itetty hylly, molemmat irrotettavat<\/li>\n<li>vakiovarusteena harjatelineet (3 kpl)<\/li>\n<li>kaapin korkeus muutettavissa s\u00e4\u00e4dett\u00e4vill\u00e4 jaloilla \u00b120mm<\/li>\n<li><strong>Kaapille mahdollista lis\u00e4ksi tilata:<\/strong>\n<ul>\n<li>sein\u00e4kiinnitteinen pesuallas (380*350*140mm)<\/li>\n<li>takasein\u00e4<\/li>\n<li>takasein\u00e4llisen kaapin pesuallas kiinnitetty kaappiin<\/li>\n<li>putkikierukka\/s\u00e4hk\u00f6inen pyyhekuivain<\/li>\n<li>sein\u00e4hyllyt anodisoidusta alumiinista kannakkein (syvyys 200mm)<\/li>\n<\/ul>\n<\/li>\n<\/ul>\n<p><a href=\"https:\/\/restmec.ee\/wp-content\/uploads\/2018\/11\/KVK-600x600x2000-P-dimetric-1.pdf\">Tekninen piirustus PDF-tiedosto<\/a><\/p>\n","protected":false},"excerpt":{"rendered":"<p>ruostumattomasta ter\u00e4ksest\u00e4 siivousv\u00e4linekaappi takakyljess\u00e4 varaus putkille pohjassa sile\u00e4 ja rei\u2019itetty hylly, molemmat irrotettavat vakiovarusteena harjatelineet (3 kpl) kaapin korkeus muutettavissa&#8230;<\/p>\n","protected":false},"featured_media":5104,"comment_status":"closed","ping_status":"closed","template":"","meta":{"_acf_changed":false},"product_brand":[],"product_cat":[319],"product_tag":[],"class_list":{"0":"post-6654","1":"product","2":"type-product","3":"status-publish","4":"has-post-thumbnail","6":"product_cat-siivousvalinekaapit","8":"first","9":"instock","10":"shipping-taxable","11":"product-type-simple"},"acf":[],"yoast_head":"<!-- This site is optimized with the Yoast SEO plugin v27.2 - https:\/\/yoast.com\/product\/yoast-seo-wordpress\/ -->\n<title>Siivousv\u00e4linekaappi KVK600 - Restmec<\/title>\n<meta name=\"robots\" content=\"index, follow, max-snippet:-1, max-image-preview:large, max-video-preview:-1\" \/>\n<link rel=\"canonical\" href=\"https:\/\/restmec.ee\/fi\/toode\/koristuskapp\/\" \/>\n<meta property=\"og:locale\" content=\"fi_FI\" \/>\n<meta property=\"og:type\" content=\"article\" \/>\n<meta property=\"og:title\" content=\"Siivousv\u00e4linekaappi KVK600 - Restmec\" \/>\n<meta property=\"og:description\" content=\"ruostumattomasta ter\u00e4ksest\u00e4 siivousv\u00e4linekaappi takakyljess\u00e4 varaus putkille pohjassa sile\u00e4 ja rei\u2019itetty hylly, molemmat irrotettavat vakiovarusteena harjatelineet (3 kpl) kaapin korkeus muutettavissa...\" \/>\n<meta property=\"og:url\" content=\"https:\/\/restmec.ee\/fi\/toode\/koristuskapp\/\" \/>\n<meta property=\"og:site_name\" content=\"Restmec\" \/>\n<meta property=\"article:modified_time\" content=\"2020-12-01T12:38:17+00:00\" \/>\n<meta property=\"og:image\" content=\"https:\/\/restmec.ee\/wp-content\/uploads\/2018\/11\/KVK.jpg\" \/>\n\t<meta property=\"og:image:width\" content=\"2100\" \/>\n\t<meta property=\"og:image:height\" content=\"1181\" \/>\n\t<meta property=\"og:image:type\" content=\"image\/jpeg\" \/>\n<meta name=\"twitter:card\" content=\"summary_large_image\" \/>\n<script type=\"application\/ld+json\" class=\"yoast-schema-graph\">{\"@context\":\"https:\/\/schema.org\",\"@graph\":[{\"@type\":\"WebPage\",\"@id\":\"https:\/\/restmec.ee\/fi\/toode\/koristuskapp\/\",\"url\":\"https:\/\/restmec.ee\/fi\/toode\/koristuskapp\/\",\"name\":\"Siivousv\u00e4linekaappi KVK600 - Restmec\",\"isPartOf\":{\"@id\":\"https:\/\/restmec.ee\/en\/#website\"},\"primaryImageOfPage\":{\"@id\":\"https:\/\/restmec.ee\/fi\/toode\/koristuskapp\/#primaryimage\"},\"image\":{\"@id\":\"https:\/\/restmec.ee\/fi\/toode\/koristuskapp\/#primaryimage\"},\"thumbnailUrl\":\"https:\/\/restmec.ee\/wp-content\/uploads\/2018\/11\/KVK.jpg\",\"datePublished\":\"2018-11-26T10:05:15+00:00\",\"dateModified\":\"2020-12-01T12:38:17+00:00\",\"breadcrumb\":{\"@id\":\"https:\/\/restmec.ee\/fi\/toode\/koristuskapp\/#breadcrumb\"},\"inLanguage\":\"fi\",\"potentialAction\":[{\"@type\":\"ReadAction\",\"target\":[\"https:\/\/restmec.ee\/fi\/toode\/koristuskapp\/\"]}]},{\"@type\":\"ImageObject\",\"inLanguage\":\"fi\",\"@id\":\"https:\/\/restmec.ee\/fi\/toode\/koristuskapp\/#primaryimage\",\"url\":\"https:\/\/restmec.ee\/wp-content\/uploads\/2018\/11\/KVK.jpg\",\"contentUrl\":\"https:\/\/restmec.ee\/wp-content\/uploads\/2018\/11\/KVK.jpg\",\"width\":2100,\"height\":1181},{\"@type\":\"BreadcrumbList\",\"@id\":\"https:\/\/restmec.ee\/fi\/toode\/koristuskapp\/#breadcrumb\",\"itemListElement\":[{\"@type\":\"ListItem\",\"position\":1,\"name\":\"Home\",\"item\":\"https:\/\/restmec.ee\/fi\/\"},{\"@type\":\"ListItem\",\"position\":2,\"name\":\"Tuotteet\",\"item\":\"https:\/\/restmec.ee\/fi\/tuotteet\/\"},{\"@type\":\"ListItem\",\"position\":3,\"name\":\"Siivousv\u00e4linekaappi KVK600\"}]},{\"@type\":\"WebSite\",\"@id\":\"https:\/\/restmec.ee\/en\/#website\",\"url\":\"https:\/\/restmec.ee\/en\/\",\"name\":\"Restmec\",\"description\":\"Roostevabast metallist m\u00f6\u00f6bli tootmine\",\"potentialAction\":[{\"@type\":\"SearchAction\",\"target\":{\"@type\":\"EntryPoint\",\"urlTemplate\":\"https:\/\/restmec.ee\/en\/?s={search_term_string}\"},\"query-input\":{\"@type\":\"PropertyValueSpecification\",\"valueRequired\":true,\"valueName\":\"search_term_string\"}}],\"inLanguage\":\"fi\"}]}<\/script>\n<!-- \/ Yoast SEO plugin. -->","yoast_head_json":{"title":"Siivousv\u00e4linekaappi KVK600 - Restmec","robots":{"index":"index","follow":"follow","max-snippet":"max-snippet:-1","max-image-preview":"max-image-preview:large","max-video-preview":"max-video-preview:-1"},"canonical":"https:\/\/restmec.ee\/fi\/toode\/koristuskapp\/","og_locale":"fi_FI","og_type":"article","og_title":"Siivousv\u00e4linekaappi KVK600 - Restmec","og_description":"ruostumattomasta ter\u00e4ksest\u00e4 siivousv\u00e4linekaappi takakyljess\u00e4 varaus putkille pohjassa sile\u00e4 ja rei\u2019itetty hylly, molemmat irrotettavat vakiovarusteena harjatelineet (3 kpl) kaapin korkeus muutettavissa...","og_url":"https:\/\/restmec.ee\/fi\/toode\/koristuskapp\/","og_site_name":"Restmec","article_modified_time":"2020-12-01T12:38:17+00:00","og_image":[{"width":2100,"height":1181,"url":"https:\/\/restmec.ee\/wp-content\/uploads\/2018\/11\/KVK.jpg","type":"image\/jpeg"}],"twitter_card":"summary_large_image","schema":{"@context":"https:\/\/schema.org","@graph":[{"@type":"WebPage","@id":"https:\/\/restmec.ee\/fi\/toode\/koristuskapp\/","url":"https:\/\/restmec.ee\/fi\/toode\/koristuskapp\/","name":"Siivousv\u00e4linekaappi KVK600 - Restmec","isPartOf":{"@id":"https:\/\/restmec.ee\/en\/#website"},"primaryImageOfPage":{"@id":"https:\/\/restmec.ee\/fi\/toode\/koristuskapp\/#primaryimage"},"image":{"@id":"https:\/\/restmec.ee\/fi\/toode\/koristuskapp\/#primaryimage"},"thumbnailUrl":"https:\/\/restmec.ee\/wp-content\/uploads\/2018\/11\/KVK.jpg","datePublished":"2018-11-26T10:05:15+00:00","dateModified":"2020-12-01T12:38:17+00:00","breadcrumb":{"@id":"https:\/\/restmec.ee\/fi\/toode\/koristuskapp\/#breadcrumb"},"inLanguage":"fi","potentialAction":[{"@type":"ReadAction","target":["https:\/\/restmec.ee\/fi\/toode\/koristuskapp\/"]}]},{"@type":"ImageObject","inLanguage":"fi","@id":"https:\/\/restmec.ee\/fi\/toode\/koristuskapp\/#primaryimage","url":"https:\/\/restmec.ee\/wp-content\/uploads\/2018\/11\/KVK.jpg","contentUrl":"https:\/\/restmec.ee\/wp-content\/uploads\/2018\/11\/KVK.jpg","width":2100,"height":1181},{"@type":"BreadcrumbList","@id":"https:\/\/restmec.ee\/fi\/toode\/koristuskapp\/#breadcrumb","itemListElement":[{"@type":"ListItem","position":1,"name":"Home","item":"https:\/\/restmec.ee\/fi\/"},{"@type":"ListItem","position":2,"name":"Tuotteet","item":"https:\/\/restmec.ee\/fi\/tuotteet\/"},{"@type":"ListItem","position":3,"name":"Siivousv\u00e4linekaappi KVK600"}]},{"@type":"WebSite","@id":"https:\/\/restmec.ee\/en\/#website","url":"https:\/\/restmec.ee\/en\/","name":"Restmec","description":"Roostevabast metallist m\u00f6\u00f6bli tootmine","potentialAction":[{"@type":"SearchAction","target":{"@type":"EntryPoint","urlTemplate":"https:\/\/restmec.ee\/en\/?s={search_term_string}"},"query-input":{"@type":"PropertyValueSpecification","valueRequired":true,"valueName":"search_term_string"}}],"inLanguage":"fi"}]}},"_links":{"self":[{"href":"https:\/\/restmec.ee\/fi\/wp-json\/wp\/v2\/product\/6654","targetHints":{"allow":["GET"]}}],"collection":[{"href":"https:\/\/restmec.ee\/fi\/wp-json\/wp\/v2\/product"}],"about":[{"href":"https:\/\/restmec.ee\/fi\/wp-json\/wp\/v2\/types\/product"}],"replies":[{"embeddable":true,"href":"https:\/\/restmec.ee\/fi\/wp-json\/wp\/v2\/comments?post=6654"}],"wp:featuredmedia":[{"embeddable":true,"href":"https:\/\/restmec.ee\/fi\/wp-json\/wp\/v2\/media\/5104"}],"wp:attachment":[{"href":"https:\/\/restmec.ee\/fi\/wp-json\/wp\/v2\/media?parent=6654"}],"wp:term":[{"taxonomy":"product_brand","embeddable":true,"href":"https:\/\/restmec.ee\/fi\/wp-json\/wp\/v2\/product_brand?post=6654"},{"taxonomy":"product_cat","embeddable":true,"href":"https:\/\/restmec.ee\/fi\/wp-json\/wp\/v2\/product_cat?post=6654"},{"taxonomy":"product_tag","embeddable":true,"href":"https:\/\/restmec.ee\/fi\/wp-json\/wp\/v2\/product_tag?post=6654"}],"curies":[{"name":"wp","href":"https:\/\/api.w.org\/{rel}","templated":true}]}}