{"id":6612,"date":"2019-02-01T14:17:29","date_gmt":"2019-02-01T12:17:29","guid":{"rendered":"https:\/\/restmec.ee\/toode\/ulatasapind-utp-g-soojalamp\/"},"modified":"2022-12-06T12:10:09","modified_gmt":"2022-12-06T10:10:09","slug":"ulatasapind-utp-g-soojalamp","status":"publish","type":"product","link":"https:\/\/restmec.ee\/fi\/toode\/ulatasapind-utp-g-soojalamp\/","title":{"rendered":"Yl\u00e4taso lasilla ja l\u00e4mp\u00f6lampuilla UTP G SL"},"content":{"rendered":"<ul>\n<li>rakenne ruostumattomasta ter\u00e4ksest\u00e4<\/li>\n<li>mahdollisuus tilata asennettuna tuotteelle tai j\u00e4lkiasentaa olemassa olevalle tuotteelle<\/li>\n<li>l\u00e4mp\u00f6lamput tason alla<\/li>\n<li>suora karkaistu lasi<\/li>\n<li><strong>Yl\u00e4taso mahdollista tilata:<\/strong>\n<ul>\n<li>erilaisin mitoin<\/li>\n<\/ul>\n<\/li>\n<\/ul>\n<p><a href=\"https:\/\/restmec.ee\/wp-content\/uploads\/2019\/02\/UTP-G-SL-dimetric.pdf\">Tekninen piirustus PDF-tiedosto<\/a><\/p>\n","protected":false},"excerpt":{"rendered":"<p>rakenne ruostumattomasta ter\u00e4ksest\u00e4 mahdollisuus tilata asennettuna tuotteelle tai j\u00e4lkiasentaa olemassa olevalle tuotteelle l\u00e4mp\u00f6lamput tason alla suora karkaistu lasi Yl\u00e4taso mahdollista&#8230;<\/p>\n","protected":false},"featured_media":9827,"comment_status":"closed","ping_status":"closed","template":"","meta":{"_acf_changed":false},"product_brand":[],"product_cat":[333],"product_tag":[],"class_list":{"0":"post-6612","1":"product","2":"type-product","3":"status-publish","4":"has-post-thumbnail","6":"product_cat-ylatasot","8":"first","9":"instock","10":"shipping-taxable","11":"product-type-simple"},"acf":[],"yoast_head":"<!-- This site is optimized with the Yoast SEO plugin v27.2 - https:\/\/yoast.com\/product\/yoast-seo-wordpress\/ -->\n<title>Yl\u00e4taso lasilla ja l\u00e4mp\u00f6lampuilla UTP G SL - Restmec<\/title>\n<meta name=\"robots\" content=\"index, follow, max-snippet:-1, max-image-preview:large, max-video-preview:-1\" \/>\n<link rel=\"canonical\" href=\"https:\/\/restmec.ee\/fi\/toode\/ulatasapind-utp-g-soojalamp\/\" \/>\n<meta property=\"og:locale\" content=\"fi_FI\" \/>\n<meta property=\"og:type\" content=\"article\" \/>\n<meta property=\"og:title\" content=\"Yl\u00e4taso lasilla ja l\u00e4mp\u00f6lampuilla UTP G SL - Restmec\" \/>\n<meta property=\"og:description\" content=\"rakenne ruostumattomasta ter\u00e4ksest\u00e4 mahdollisuus tilata asennettuna tuotteelle tai j\u00e4lkiasentaa olemassa olevalle tuotteelle l\u00e4mp\u00f6lamput tason alla suora karkaistu lasi Yl\u00e4taso mahdollista...\" \/>\n<meta property=\"og:url\" content=\"https:\/\/restmec.ee\/fi\/toode\/ulatasapind-utp-g-soojalamp\/\" \/>\n<meta property=\"og:site_name\" content=\"Restmec\" \/>\n<meta property=\"article:modified_time\" content=\"2022-12-06T10:10:09+00:00\" \/>\n<meta property=\"og:image\" content=\"https:\/\/restmec.ee\/wp-content\/uploads\/2019\/02\/UTP-G-SL-scaled.jpg\" \/>\n\t<meta property=\"og:image:width\" content=\"2560\" \/>\n\t<meta property=\"og:image:height\" content=\"1440\" \/>\n\t<meta property=\"og:image:type\" content=\"image\/jpeg\" \/>\n<meta name=\"twitter:card\" content=\"summary_large_image\" \/>\n<meta name=\"twitter:label1\" content=\"Arvioitu lukuaika\" \/>\n\t<meta name=\"twitter:data1\" content=\"1 minuutti\" \/>\n<script type=\"application\/ld+json\" class=\"yoast-schema-graph\">{\"@context\":\"https:\/\/schema.org\",\"@graph\":[{\"@type\":\"WebPage\",\"@id\":\"https:\/\/restmec.ee\/fi\/toode\/ulatasapind-utp-g-soojalamp\/\",\"url\":\"https:\/\/restmec.ee\/fi\/toode\/ulatasapind-utp-g-soojalamp\/\",\"name\":\"Yl\u00e4taso lasilla ja l\u00e4mp\u00f6lampuilla UTP G SL - Restmec\",\"isPartOf\":{\"@id\":\"https:\/\/restmec.ee\/en\/#website\"},\"primaryImageOfPage\":{\"@id\":\"https:\/\/restmec.ee\/fi\/toode\/ulatasapind-utp-g-soojalamp\/#primaryimage\"},\"image\":{\"@id\":\"https:\/\/restmec.ee\/fi\/toode\/ulatasapind-utp-g-soojalamp\/#primaryimage\"},\"thumbnailUrl\":\"https:\/\/restmec.ee\/wp-content\/uploads\/2019\/02\/UTP-G-SL-scaled.jpg\",\"datePublished\":\"2019-02-01T12:17:29+00:00\",\"dateModified\":\"2022-12-06T10:10:09+00:00\",\"breadcrumb\":{\"@id\":\"https:\/\/restmec.ee\/fi\/toode\/ulatasapind-utp-g-soojalamp\/#breadcrumb\"},\"inLanguage\":\"fi\",\"potentialAction\":[{\"@type\":\"ReadAction\",\"target\":[\"https:\/\/restmec.ee\/fi\/toode\/ulatasapind-utp-g-soojalamp\/\"]}]},{\"@type\":\"ImageObject\",\"inLanguage\":\"fi\",\"@id\":\"https:\/\/restmec.ee\/fi\/toode\/ulatasapind-utp-g-soojalamp\/#primaryimage\",\"url\":\"https:\/\/restmec.ee\/wp-content\/uploads\/2019\/02\/UTP-G-SL-scaled.jpg\",\"contentUrl\":\"https:\/\/restmec.ee\/wp-content\/uploads\/2019\/02\/UTP-G-SL-scaled.jpg\",\"width\":2560,\"height\":1440},{\"@type\":\"BreadcrumbList\",\"@id\":\"https:\/\/restmec.ee\/fi\/toode\/ulatasapind-utp-g-soojalamp\/#breadcrumb\",\"itemListElement\":[{\"@type\":\"ListItem\",\"position\":1,\"name\":\"Home\",\"item\":\"https:\/\/restmec.ee\/fi\/\"},{\"@type\":\"ListItem\",\"position\":2,\"name\":\"Tuotteet\",\"item\":\"https:\/\/restmec.ee\/fi\/tuotteet\/\"},{\"@type\":\"ListItem\",\"position\":3,\"name\":\"Yl\u00e4taso lasilla ja l\u00e4mp\u00f6lampuilla UTP G SL\"}]},{\"@type\":\"WebSite\",\"@id\":\"https:\/\/restmec.ee\/en\/#website\",\"url\":\"https:\/\/restmec.ee\/en\/\",\"name\":\"Restmec\",\"description\":\"Roostevabast metallist m\u00f6\u00f6bli tootmine\",\"potentialAction\":[{\"@type\":\"SearchAction\",\"target\":{\"@type\":\"EntryPoint\",\"urlTemplate\":\"https:\/\/restmec.ee\/en\/?s={search_term_string}\"},\"query-input\":{\"@type\":\"PropertyValueSpecification\",\"valueRequired\":true,\"valueName\":\"search_term_string\"}}],\"inLanguage\":\"fi\"}]}<\/script>\n<!-- \/ Yoast SEO plugin. -->","yoast_head_json":{"title":"Yl\u00e4taso lasilla ja l\u00e4mp\u00f6lampuilla UTP G SL - Restmec","robots":{"index":"index","follow":"follow","max-snippet":"max-snippet:-1","max-image-preview":"max-image-preview:large","max-video-preview":"max-video-preview:-1"},"canonical":"https:\/\/restmec.ee\/fi\/toode\/ulatasapind-utp-g-soojalamp\/","og_locale":"fi_FI","og_type":"article","og_title":"Yl\u00e4taso lasilla ja l\u00e4mp\u00f6lampuilla UTP G SL - Restmec","og_description":"rakenne ruostumattomasta ter\u00e4ksest\u00e4 mahdollisuus tilata asennettuna tuotteelle tai j\u00e4lkiasentaa olemassa olevalle tuotteelle l\u00e4mp\u00f6lamput tason alla suora karkaistu lasi Yl\u00e4taso mahdollista...","og_url":"https:\/\/restmec.ee\/fi\/toode\/ulatasapind-utp-g-soojalamp\/","og_site_name":"Restmec","article_modified_time":"2022-12-06T10:10:09+00:00","og_image":[{"width":2560,"height":1440,"url":"https:\/\/restmec.ee\/wp-content\/uploads\/2019\/02\/UTP-G-SL-scaled.jpg","type":"image\/jpeg"}],"twitter_card":"summary_large_image","twitter_misc":{"Arvioitu lukuaika":"1 minuutti"},"schema":{"@context":"https:\/\/schema.org","@graph":[{"@type":"WebPage","@id":"https:\/\/restmec.ee\/fi\/toode\/ulatasapind-utp-g-soojalamp\/","url":"https:\/\/restmec.ee\/fi\/toode\/ulatasapind-utp-g-soojalamp\/","name":"Yl\u00e4taso lasilla ja l\u00e4mp\u00f6lampuilla UTP G SL - Restmec","isPartOf":{"@id":"https:\/\/restmec.ee\/en\/#website"},"primaryImageOfPage":{"@id":"https:\/\/restmec.ee\/fi\/toode\/ulatasapind-utp-g-soojalamp\/#primaryimage"},"image":{"@id":"https:\/\/restmec.ee\/fi\/toode\/ulatasapind-utp-g-soojalamp\/#primaryimage"},"thumbnailUrl":"https:\/\/restmec.ee\/wp-content\/uploads\/2019\/02\/UTP-G-SL-scaled.jpg","datePublished":"2019-02-01T12:17:29+00:00","dateModified":"2022-12-06T10:10:09+00:00","breadcrumb":{"@id":"https:\/\/restmec.ee\/fi\/toode\/ulatasapind-utp-g-soojalamp\/#breadcrumb"},"inLanguage":"fi","potentialAction":[{"@type":"ReadAction","target":["https:\/\/restmec.ee\/fi\/toode\/ulatasapind-utp-g-soojalamp\/"]}]},{"@type":"ImageObject","inLanguage":"fi","@id":"https:\/\/restmec.ee\/fi\/toode\/ulatasapind-utp-g-soojalamp\/#primaryimage","url":"https:\/\/restmec.ee\/wp-content\/uploads\/2019\/02\/UTP-G-SL-scaled.jpg","contentUrl":"https:\/\/restmec.ee\/wp-content\/uploads\/2019\/02\/UTP-G-SL-scaled.jpg","width":2560,"height":1440},{"@type":"BreadcrumbList","@id":"https:\/\/restmec.ee\/fi\/toode\/ulatasapind-utp-g-soojalamp\/#breadcrumb","itemListElement":[{"@type":"ListItem","position":1,"name":"Home","item":"https:\/\/restmec.ee\/fi\/"},{"@type":"ListItem","position":2,"name":"Tuotteet","item":"https:\/\/restmec.ee\/fi\/tuotteet\/"},{"@type":"ListItem","position":3,"name":"Yl\u00e4taso lasilla ja l\u00e4mp\u00f6lampuilla UTP G SL"}]},{"@type":"WebSite","@id":"https:\/\/restmec.ee\/en\/#website","url":"https:\/\/restmec.ee\/en\/","name":"Restmec","description":"Roostevabast metallist m\u00f6\u00f6bli tootmine","potentialAction":[{"@type":"SearchAction","target":{"@type":"EntryPoint","urlTemplate":"https:\/\/restmec.ee\/en\/?s={search_term_string}"},"query-input":{"@type":"PropertyValueSpecification","valueRequired":true,"valueName":"search_term_string"}}],"inLanguage":"fi"}]}},"_links":{"self":[{"href":"https:\/\/restmec.ee\/fi\/wp-json\/wp\/v2\/product\/6612","targetHints":{"allow":["GET"]}}],"collection":[{"href":"https:\/\/restmec.ee\/fi\/wp-json\/wp\/v2\/product"}],"about":[{"href":"https:\/\/restmec.ee\/fi\/wp-json\/wp\/v2\/types\/product"}],"replies":[{"embeddable":true,"href":"https:\/\/restmec.ee\/fi\/wp-json\/wp\/v2\/comments?post=6612"}],"wp:featuredmedia":[{"embeddable":true,"href":"https:\/\/restmec.ee\/fi\/wp-json\/wp\/v2\/media\/9827"}],"wp:attachment":[{"href":"https:\/\/restmec.ee\/fi\/wp-json\/wp\/v2\/media?parent=6612"}],"wp:term":[{"taxonomy":"product_brand","embeddable":true,"href":"https:\/\/restmec.ee\/fi\/wp-json\/wp\/v2\/product_brand?post=6612"},{"taxonomy":"product_cat","embeddable":true,"href":"https:\/\/restmec.ee\/fi\/wp-json\/wp\/v2\/product_cat?post=6612"},{"taxonomy":"product_tag","embeddable":true,"href":"https:\/\/restmec.ee\/fi\/wp-json\/wp\/v2\/product_tag?post=6612"}],"curies":[{"name":"wp","href":"https:\/\/api.w.org\/{rel}","templated":true}]}}