{"id":6556,"date":"2018-11-02T10:26:02","date_gmt":"2018-11-02T08:26:02","guid":{"rendered":"https:\/\/restmec.ee\/toode\/ventkubu-lakke\/"},"modified":"2019-11-27T14:40:55","modified_gmt":"2019-11-27T12:40:55","slug":"ventkubu-lakke","status":"publish","type":"product","link":"https:\/\/restmec.ee\/fi\/toode\/ventkubu-lakke\/","title":{"rendered":"H\u00f6yrykupu kattoon"},"content":{"rendered":"<ul>\n<li>valmistettu ruostumattomasta ter\u00e4ksest\u00e4<\/li>\n<li>poistaa uunin k\u00e4yt\u00f6st\u00e4 aiheutuvan h\u00f6yryn (esim. oven avaamisen aikana)<\/li>\n<li>mahdollisuus tilata suodattimella tai ilman (suodattimen tyyppi ja sijainti tilauksen mukaan)<\/li>\n<li>ruostumattomat labyrinttisuodattimet<\/li>\n<li>suodattimien sijainti kuvun keskell\u00e4<\/li>\n<li>suodattimellisella kuvulla helposti irrotettava rasvanker\u00e4ysastia<\/li>\n<li>vakiomitat: 800, 1200, 1600, 2000, 2400, 2920<\/li>\n<\/ul>\n<p><a href=\"https:\/\/restmec.ee\/wp-content\/uploads\/2018\/11\/Ventkubu-lakke-Ax900x400.pdf\">Tekninen piirustus PDF-tiedosto<\/a><\/p>\n<p><a href=\"https:\/\/restmec.ee\/wp-content\/uploads\/2018\/11\/Filtri-m\u00f5\u00f5dud.pdf\">Suodattimien tekninen piirustus PDF-tiedosto<\/a><\/p>\n","protected":false},"excerpt":{"rendered":"<p>valmistettu ruostumattomasta ter\u00e4ksest\u00e4 poistaa uunin k\u00e4yt\u00f6st\u00e4 aiheutuvan h\u00f6yryn (esim. oven avaamisen aikana) mahdollisuus tilata suodattimella tai ilman (suodattimen tyyppi ja&#8230;<\/p>\n","protected":false},"featured_media":3764,"comment_status":"closed","ping_status":"closed","template":"","meta":{"_acf_changed":false},"product_brand":[],"product_cat":[217],"product_tag":[],"class_list":{"0":"post-6556","1":"product","2":"type-product","3":"status-publish","4":"has-post-thumbnail","6":"product_cat-hoyrykupu-kattoon","8":"first","9":"instock","10":"shipping-taxable","11":"product-type-simple"},"acf":[],"yoast_head":"<!-- This site is optimized with the Yoast SEO plugin v27.2 - https:\/\/yoast.com\/product\/yoast-seo-wordpress\/ -->\n<title>H\u00f6yrykupu kattoon - Restmec<\/title>\n<meta name=\"robots\" content=\"index, follow, max-snippet:-1, max-image-preview:large, max-video-preview:-1\" \/>\n<link rel=\"canonical\" href=\"https:\/\/restmec.ee\/fi\/toode\/ventkubu-lakke\/\" \/>\n<meta property=\"og:locale\" content=\"fi_FI\" \/>\n<meta property=\"og:type\" content=\"article\" \/>\n<meta property=\"og:title\" content=\"H\u00f6yrykupu kattoon - Restmec\" \/>\n<meta property=\"og:description\" content=\"valmistettu ruostumattomasta ter\u00e4ksest\u00e4 poistaa uunin k\u00e4yt\u00f6st\u00e4 aiheutuvan h\u00f6yryn (esim. oven avaamisen aikana) mahdollisuus tilata suodattimella tai ilman (suodattimen tyyppi ja...\" \/>\n<meta property=\"og:url\" content=\"https:\/\/restmec.ee\/fi\/toode\/ventkubu-lakke\/\" \/>\n<meta property=\"og:site_name\" content=\"Restmec\" \/>\n<meta property=\"article:modified_time\" content=\"2019-11-27T12:40:55+00:00\" \/>\n<meta property=\"og:image\" content=\"https:\/\/restmec.ee\/wp-content\/uploads\/2018\/11\/Kubu-lakke-filtriga.jpg\" \/>\n\t<meta property=\"og:image:width\" content=\"2621\" \/>\n\t<meta property=\"og:image:height\" content=\"2025\" \/>\n\t<meta property=\"og:image:type\" content=\"image\/jpeg\" \/>\n<meta name=\"twitter:card\" content=\"summary_large_image\" \/>\n<script type=\"application\/ld+json\" class=\"yoast-schema-graph\">{\"@context\":\"https:\/\/schema.org\",\"@graph\":[{\"@type\":\"WebPage\",\"@id\":\"https:\/\/restmec.ee\/fi\/toode\/ventkubu-lakke\/\",\"url\":\"https:\/\/restmec.ee\/fi\/toode\/ventkubu-lakke\/\",\"name\":\"H\u00f6yrykupu kattoon - Restmec\",\"isPartOf\":{\"@id\":\"https:\/\/restmec.ee\/en\/#website\"},\"primaryImageOfPage\":{\"@id\":\"https:\/\/restmec.ee\/fi\/toode\/ventkubu-lakke\/#primaryimage\"},\"image\":{\"@id\":\"https:\/\/restmec.ee\/fi\/toode\/ventkubu-lakke\/#primaryimage\"},\"thumbnailUrl\":\"https:\/\/restmec.ee\/wp-content\/uploads\/2018\/11\/Kubu-lakke-filtriga.jpg\",\"datePublished\":\"2018-11-02T08:26:02+00:00\",\"dateModified\":\"2019-11-27T12:40:55+00:00\",\"breadcrumb\":{\"@id\":\"https:\/\/restmec.ee\/fi\/toode\/ventkubu-lakke\/#breadcrumb\"},\"inLanguage\":\"fi\",\"potentialAction\":[{\"@type\":\"ReadAction\",\"target\":[\"https:\/\/restmec.ee\/fi\/toode\/ventkubu-lakke\/\"]}]},{\"@type\":\"ImageObject\",\"inLanguage\":\"fi\",\"@id\":\"https:\/\/restmec.ee\/fi\/toode\/ventkubu-lakke\/#primaryimage\",\"url\":\"https:\/\/restmec.ee\/wp-content\/uploads\/2018\/11\/Kubu-lakke-filtriga.jpg\",\"contentUrl\":\"https:\/\/restmec.ee\/wp-content\/uploads\/2018\/11\/Kubu-lakke-filtriga.jpg\",\"width\":2621,\"height\":2025},{\"@type\":\"BreadcrumbList\",\"@id\":\"https:\/\/restmec.ee\/fi\/toode\/ventkubu-lakke\/#breadcrumb\",\"itemListElement\":[{\"@type\":\"ListItem\",\"position\":1,\"name\":\"Home\",\"item\":\"https:\/\/restmec.ee\/fi\/\"},{\"@type\":\"ListItem\",\"position\":2,\"name\":\"Tuotteet\",\"item\":\"https:\/\/restmec.ee\/fi\/tuotteet\/\"},{\"@type\":\"ListItem\",\"position\":3,\"name\":\"H\u00f6yrykupu kattoon\"}]},{\"@type\":\"WebSite\",\"@id\":\"https:\/\/restmec.ee\/en\/#website\",\"url\":\"https:\/\/restmec.ee\/en\/\",\"name\":\"Restmec\",\"description\":\"Roostevabast metallist m\u00f6\u00f6bli tootmine\",\"potentialAction\":[{\"@type\":\"SearchAction\",\"target\":{\"@type\":\"EntryPoint\",\"urlTemplate\":\"https:\/\/restmec.ee\/en\/?s={search_term_string}\"},\"query-input\":{\"@type\":\"PropertyValueSpecification\",\"valueRequired\":true,\"valueName\":\"search_term_string\"}}],\"inLanguage\":\"fi\"}]}<\/script>\n<!-- \/ Yoast SEO plugin. -->","yoast_head_json":{"title":"H\u00f6yrykupu kattoon - Restmec","robots":{"index":"index","follow":"follow","max-snippet":"max-snippet:-1","max-image-preview":"max-image-preview:large","max-video-preview":"max-video-preview:-1"},"canonical":"https:\/\/restmec.ee\/fi\/toode\/ventkubu-lakke\/","og_locale":"fi_FI","og_type":"article","og_title":"H\u00f6yrykupu kattoon - Restmec","og_description":"valmistettu ruostumattomasta ter\u00e4ksest\u00e4 poistaa uunin k\u00e4yt\u00f6st\u00e4 aiheutuvan h\u00f6yryn (esim. oven avaamisen aikana) mahdollisuus tilata suodattimella tai ilman (suodattimen tyyppi ja...","og_url":"https:\/\/restmec.ee\/fi\/toode\/ventkubu-lakke\/","og_site_name":"Restmec","article_modified_time":"2019-11-27T12:40:55+00:00","og_image":[{"width":2621,"height":2025,"url":"https:\/\/restmec.ee\/wp-content\/uploads\/2018\/11\/Kubu-lakke-filtriga.jpg","type":"image\/jpeg"}],"twitter_card":"summary_large_image","schema":{"@context":"https:\/\/schema.org","@graph":[{"@type":"WebPage","@id":"https:\/\/restmec.ee\/fi\/toode\/ventkubu-lakke\/","url":"https:\/\/restmec.ee\/fi\/toode\/ventkubu-lakke\/","name":"H\u00f6yrykupu kattoon - Restmec","isPartOf":{"@id":"https:\/\/restmec.ee\/en\/#website"},"primaryImageOfPage":{"@id":"https:\/\/restmec.ee\/fi\/toode\/ventkubu-lakke\/#primaryimage"},"image":{"@id":"https:\/\/restmec.ee\/fi\/toode\/ventkubu-lakke\/#primaryimage"},"thumbnailUrl":"https:\/\/restmec.ee\/wp-content\/uploads\/2018\/11\/Kubu-lakke-filtriga.jpg","datePublished":"2018-11-02T08:26:02+00:00","dateModified":"2019-11-27T12:40:55+00:00","breadcrumb":{"@id":"https:\/\/restmec.ee\/fi\/toode\/ventkubu-lakke\/#breadcrumb"},"inLanguage":"fi","potentialAction":[{"@type":"ReadAction","target":["https:\/\/restmec.ee\/fi\/toode\/ventkubu-lakke\/"]}]},{"@type":"ImageObject","inLanguage":"fi","@id":"https:\/\/restmec.ee\/fi\/toode\/ventkubu-lakke\/#primaryimage","url":"https:\/\/restmec.ee\/wp-content\/uploads\/2018\/11\/Kubu-lakke-filtriga.jpg","contentUrl":"https:\/\/restmec.ee\/wp-content\/uploads\/2018\/11\/Kubu-lakke-filtriga.jpg","width":2621,"height":2025},{"@type":"BreadcrumbList","@id":"https:\/\/restmec.ee\/fi\/toode\/ventkubu-lakke\/#breadcrumb","itemListElement":[{"@type":"ListItem","position":1,"name":"Home","item":"https:\/\/restmec.ee\/fi\/"},{"@type":"ListItem","position":2,"name":"Tuotteet","item":"https:\/\/restmec.ee\/fi\/tuotteet\/"},{"@type":"ListItem","position":3,"name":"H\u00f6yrykupu kattoon"}]},{"@type":"WebSite","@id":"https:\/\/restmec.ee\/en\/#website","url":"https:\/\/restmec.ee\/en\/","name":"Restmec","description":"Roostevabast metallist m\u00f6\u00f6bli tootmine","potentialAction":[{"@type":"SearchAction","target":{"@type":"EntryPoint","urlTemplate":"https:\/\/restmec.ee\/en\/?s={search_term_string}"},"query-input":{"@type":"PropertyValueSpecification","valueRequired":true,"valueName":"search_term_string"}}],"inLanguage":"fi"}]}},"_links":{"self":[{"href":"https:\/\/restmec.ee\/fi\/wp-json\/wp\/v2\/product\/6556","targetHints":{"allow":["GET"]}}],"collection":[{"href":"https:\/\/restmec.ee\/fi\/wp-json\/wp\/v2\/product"}],"about":[{"href":"https:\/\/restmec.ee\/fi\/wp-json\/wp\/v2\/types\/product"}],"replies":[{"embeddable":true,"href":"https:\/\/restmec.ee\/fi\/wp-json\/wp\/v2\/comments?post=6556"}],"wp:featuredmedia":[{"embeddable":true,"href":"https:\/\/restmec.ee\/fi\/wp-json\/wp\/v2\/media\/3764"}],"wp:attachment":[{"href":"https:\/\/restmec.ee\/fi\/wp-json\/wp\/v2\/media?parent=6556"}],"wp:term":[{"taxonomy":"product_brand","embeddable":true,"href":"https:\/\/restmec.ee\/fi\/wp-json\/wp\/v2\/product_brand?post=6556"},{"taxonomy":"product_cat","embeddable":true,"href":"https:\/\/restmec.ee\/fi\/wp-json\/wp\/v2\/product_cat?post=6556"},{"taxonomy":"product_tag","embeddable":true,"href":"https:\/\/restmec.ee\/fi\/wp-json\/wp\/v2\/product_tag?post=6556"}],"curies":[{"name":"wp","href":"https:\/\/api.w.org\/{rel}","templated":true}]}}