{"id":6259,"date":"2019-01-22T10:50:16","date_gmt":"2019-01-22T08:50:16","guid":{"rendered":"https:\/\/restmec.ee\/toode\/vitriin-kapiga-kl-800-2tp\/"},"modified":"2023-03-07T13:19:22","modified_gmt":"2023-03-07T11:19:22","slug":"vitriin-kapiga-kl-800-2tp","status":"publish","type":"product","link":"https:\/\/restmec.ee\/fi\/toode\/vitriin-kapiga-kl-800-2tp\/","title":{"rendered":"Lasikko kaapilla KL 800 2TP"},"content":{"rendered":"<ul>\n<li>kaareva kylm\u00e4lasikko lyhytaikaiseen ruoan tarjoiluun l\u00e4mp\u00f6tilassa +8\u00b0C \u2026 +12\u00b0C (digitaalinen l\u00e4mp\u00f6tilan\u00e4ytt\u00f6)<\/li>\n<li>lasikon yl\u00e4osa itsepalveluun (asiakkaan puolelta nostoluukuilla)<\/li>\n<li>rakenne ruostumattomasta ter\u00e4ksest\u00e4<\/li>\n<li>tuuletinj\u00e4\u00e4hdytys<\/li>\n<li>lasihyllyt, LED-valaistus<\/li>\n<li>hyllyt valmistettu turvalasista<\/li>\n<li>tasolla kylm\u00e4allas, sopii esimerkiksi juomien s\u00e4ilytykseen<\/li>\n<li>palvelupuolella kevyesti liikkuvat lasiset liukuovet<\/li>\n<li>lasikon alaosassa j\u00e4\u00e4kaappi l\u00e4mp\u00f6tilaltaan +4\u00b0C \u2026 +6\u00b0C<\/li>\n<li>j\u00e4\u00e4kaapissa yksi hylly<\/li>\n<li>laitteen korkeus muutettavissa s\u00e4\u00e4dett\u00e4vill\u00e4 jaloilla v\u00e4lill\u00e4 855\u2013915mm<\/li>\n<\/ul>\n<p><a href=\"https:\/\/restmec.ee\/wp-content\/uploads\/2019\/01\/KL-2TP-800x650-dimetric-2.pdf\">Tekninen piirustus PDF-tiedosto<\/a><\/p>\n","protected":false},"excerpt":{"rendered":"<p>kaareva kylm\u00e4lasikko lyhytaikaiseen ruoan tarjoiluun l\u00e4mp\u00f6tilassa +8\u00b0C \u2026 +12\u00b0C (digitaalinen l\u00e4mp\u00f6tilan\u00e4ytt\u00f6) lasikon yl\u00e4osa itsepalveluun (asiakkaan puolelta nostoluukuilla) rakenne ruostumattomasta ter\u00e4ksest\u00e4&#8230;<\/p>\n","protected":false},"featured_media":2031,"comment_status":"closed","ping_status":"closed","template":"","meta":{"_acf_changed":false},"product_brand":[],"product_cat":[252],"product_tag":[],"class_list":{"0":"post-6259","1":"product","2":"type-product","3":"status-publish","4":"has-post-thumbnail","6":"product_cat-kylmalasikko-kaapilla","8":"first","9":"instock","10":"shipping-taxable","11":"product-type-simple"},"acf":[],"yoast_head":"<!-- This site is optimized with the Yoast SEO plugin v27.2 - https:\/\/yoast.com\/product\/yoast-seo-wordpress\/ -->\n<title>Lasikko kaapilla KL 800 2TP - Restmec<\/title>\n<meta name=\"robots\" content=\"index, follow, max-snippet:-1, max-image-preview:large, max-video-preview:-1\" \/>\n<link rel=\"canonical\" href=\"https:\/\/restmec.ee\/fi\/toode\/vitriin-kapiga-kl-800-2tp\/\" \/>\n<meta property=\"og:locale\" content=\"fi_FI\" \/>\n<meta property=\"og:type\" content=\"article\" \/>\n<meta property=\"og:title\" content=\"Lasikko kaapilla KL 800 2TP - Restmec\" \/>\n<meta property=\"og:description\" content=\"kaareva kylm\u00e4lasikko lyhytaikaiseen ruoan tarjoiluun l\u00e4mp\u00f6tilassa +8\u00b0C \u2026 +12\u00b0C (digitaalinen l\u00e4mp\u00f6tilan\u00e4ytt\u00f6) lasikon yl\u00e4osa itsepalveluun (asiakkaan puolelta nostoluukuilla) rakenne ruostumattomasta ter\u00e4ksest\u00e4...\" \/>\n<meta property=\"og:url\" content=\"https:\/\/restmec.ee\/fi\/toode\/vitriin-kapiga-kl-800-2tp\/\" \/>\n<meta property=\"og:site_name\" content=\"Restmec\" \/>\n<meta property=\"article:modified_time\" content=\"2023-03-07T11:19:22+00:00\" \/>\n<meta property=\"og:image\" content=\"https:\/\/restmec.ee\/wp-content\/uploads\/2019\/01\/KL-800-2TP-front.jpg\" \/>\n\t<meta property=\"og:image:width\" content=\"5275\" \/>\n\t<meta property=\"og:image:height\" content=\"2967\" \/>\n\t<meta property=\"og:image:type\" content=\"image\/jpeg\" \/>\n<meta name=\"twitter:card\" content=\"summary_large_image\" \/>\n<meta name=\"twitter:label1\" content=\"Arvioitu lukuaika\" \/>\n\t<meta name=\"twitter:data1\" content=\"1 minuutti\" \/>\n<script type=\"application\/ld+json\" class=\"yoast-schema-graph\">{\"@context\":\"https:\/\/schema.org\",\"@graph\":[{\"@type\":\"WebPage\",\"@id\":\"https:\/\/restmec.ee\/fi\/toode\/vitriin-kapiga-kl-800-2tp\/\",\"url\":\"https:\/\/restmec.ee\/fi\/toode\/vitriin-kapiga-kl-800-2tp\/\",\"name\":\"Lasikko kaapilla KL 800 2TP - Restmec\",\"isPartOf\":{\"@id\":\"https:\/\/restmec.ee\/en\/#website\"},\"primaryImageOfPage\":{\"@id\":\"https:\/\/restmec.ee\/fi\/toode\/vitriin-kapiga-kl-800-2tp\/#primaryimage\"},\"image\":{\"@id\":\"https:\/\/restmec.ee\/fi\/toode\/vitriin-kapiga-kl-800-2tp\/#primaryimage\"},\"thumbnailUrl\":\"https:\/\/restmec.ee\/wp-content\/uploads\/2019\/01\/KL-800-2TP-front.jpg\",\"datePublished\":\"2019-01-22T08:50:16+00:00\",\"dateModified\":\"2023-03-07T11:19:22+00:00\",\"breadcrumb\":{\"@id\":\"https:\/\/restmec.ee\/fi\/toode\/vitriin-kapiga-kl-800-2tp\/#breadcrumb\"},\"inLanguage\":\"fi\",\"potentialAction\":[{\"@type\":\"ReadAction\",\"target\":[\"https:\/\/restmec.ee\/fi\/toode\/vitriin-kapiga-kl-800-2tp\/\"]}]},{\"@type\":\"ImageObject\",\"inLanguage\":\"fi\",\"@id\":\"https:\/\/restmec.ee\/fi\/toode\/vitriin-kapiga-kl-800-2tp\/#primaryimage\",\"url\":\"https:\/\/restmec.ee\/wp-content\/uploads\/2019\/01\/KL-800-2TP-front.jpg\",\"contentUrl\":\"https:\/\/restmec.ee\/wp-content\/uploads\/2019\/01\/KL-800-2TP-front.jpg\",\"width\":5275,\"height\":2967},{\"@type\":\"BreadcrumbList\",\"@id\":\"https:\/\/restmec.ee\/fi\/toode\/vitriin-kapiga-kl-800-2tp\/#breadcrumb\",\"itemListElement\":[{\"@type\":\"ListItem\",\"position\":1,\"name\":\"Home\",\"item\":\"https:\/\/restmec.ee\/fi\/\"},{\"@type\":\"ListItem\",\"position\":2,\"name\":\"Tuotteet\",\"item\":\"https:\/\/restmec.ee\/fi\/tuotteet\/\"},{\"@type\":\"ListItem\",\"position\":3,\"name\":\"Lasikko kaapilla KL 800 2TP\"}]},{\"@type\":\"WebSite\",\"@id\":\"https:\/\/restmec.ee\/en\/#website\",\"url\":\"https:\/\/restmec.ee\/en\/\",\"name\":\"Restmec\",\"description\":\"Roostevabast metallist m\u00f6\u00f6bli tootmine\",\"potentialAction\":[{\"@type\":\"SearchAction\",\"target\":{\"@type\":\"EntryPoint\",\"urlTemplate\":\"https:\/\/restmec.ee\/en\/?s={search_term_string}\"},\"query-input\":{\"@type\":\"PropertyValueSpecification\",\"valueRequired\":true,\"valueName\":\"search_term_string\"}}],\"inLanguage\":\"fi\"}]}<\/script>\n<!-- \/ Yoast SEO plugin. -->","yoast_head_json":{"title":"Lasikko kaapilla KL 800 2TP - Restmec","robots":{"index":"index","follow":"follow","max-snippet":"max-snippet:-1","max-image-preview":"max-image-preview:large","max-video-preview":"max-video-preview:-1"},"canonical":"https:\/\/restmec.ee\/fi\/toode\/vitriin-kapiga-kl-800-2tp\/","og_locale":"fi_FI","og_type":"article","og_title":"Lasikko kaapilla KL 800 2TP - Restmec","og_description":"kaareva kylm\u00e4lasikko lyhytaikaiseen ruoan tarjoiluun l\u00e4mp\u00f6tilassa +8\u00b0C \u2026 +12\u00b0C (digitaalinen l\u00e4mp\u00f6tilan\u00e4ytt\u00f6) lasikon yl\u00e4osa itsepalveluun (asiakkaan puolelta nostoluukuilla) rakenne ruostumattomasta ter\u00e4ksest\u00e4...","og_url":"https:\/\/restmec.ee\/fi\/toode\/vitriin-kapiga-kl-800-2tp\/","og_site_name":"Restmec","article_modified_time":"2023-03-07T11:19:22+00:00","og_image":[{"width":5275,"height":2967,"url":"https:\/\/restmec.ee\/wp-content\/uploads\/2019\/01\/KL-800-2TP-front.jpg","type":"image\/jpeg"}],"twitter_card":"summary_large_image","twitter_misc":{"Arvioitu lukuaika":"1 minuutti"},"schema":{"@context":"https:\/\/schema.org","@graph":[{"@type":"WebPage","@id":"https:\/\/restmec.ee\/fi\/toode\/vitriin-kapiga-kl-800-2tp\/","url":"https:\/\/restmec.ee\/fi\/toode\/vitriin-kapiga-kl-800-2tp\/","name":"Lasikko kaapilla KL 800 2TP - Restmec","isPartOf":{"@id":"https:\/\/restmec.ee\/en\/#website"},"primaryImageOfPage":{"@id":"https:\/\/restmec.ee\/fi\/toode\/vitriin-kapiga-kl-800-2tp\/#primaryimage"},"image":{"@id":"https:\/\/restmec.ee\/fi\/toode\/vitriin-kapiga-kl-800-2tp\/#primaryimage"},"thumbnailUrl":"https:\/\/restmec.ee\/wp-content\/uploads\/2019\/01\/KL-800-2TP-front.jpg","datePublished":"2019-01-22T08:50:16+00:00","dateModified":"2023-03-07T11:19:22+00:00","breadcrumb":{"@id":"https:\/\/restmec.ee\/fi\/toode\/vitriin-kapiga-kl-800-2tp\/#breadcrumb"},"inLanguage":"fi","potentialAction":[{"@type":"ReadAction","target":["https:\/\/restmec.ee\/fi\/toode\/vitriin-kapiga-kl-800-2tp\/"]}]},{"@type":"ImageObject","inLanguage":"fi","@id":"https:\/\/restmec.ee\/fi\/toode\/vitriin-kapiga-kl-800-2tp\/#primaryimage","url":"https:\/\/restmec.ee\/wp-content\/uploads\/2019\/01\/KL-800-2TP-front.jpg","contentUrl":"https:\/\/restmec.ee\/wp-content\/uploads\/2019\/01\/KL-800-2TP-front.jpg","width":5275,"height":2967},{"@type":"BreadcrumbList","@id":"https:\/\/restmec.ee\/fi\/toode\/vitriin-kapiga-kl-800-2tp\/#breadcrumb","itemListElement":[{"@type":"ListItem","position":1,"name":"Home","item":"https:\/\/restmec.ee\/fi\/"},{"@type":"ListItem","position":2,"name":"Tuotteet","item":"https:\/\/restmec.ee\/fi\/tuotteet\/"},{"@type":"ListItem","position":3,"name":"Lasikko kaapilla KL 800 2TP"}]},{"@type":"WebSite","@id":"https:\/\/restmec.ee\/en\/#website","url":"https:\/\/restmec.ee\/en\/","name":"Restmec","description":"Roostevabast metallist m\u00f6\u00f6bli tootmine","potentialAction":[{"@type":"SearchAction","target":{"@type":"EntryPoint","urlTemplate":"https:\/\/restmec.ee\/en\/?s={search_term_string}"},"query-input":{"@type":"PropertyValueSpecification","valueRequired":true,"valueName":"search_term_string"}}],"inLanguage":"fi"}]}},"_links":{"self":[{"href":"https:\/\/restmec.ee\/fi\/wp-json\/wp\/v2\/product\/6259","targetHints":{"allow":["GET"]}}],"collection":[{"href":"https:\/\/restmec.ee\/fi\/wp-json\/wp\/v2\/product"}],"about":[{"href":"https:\/\/restmec.ee\/fi\/wp-json\/wp\/v2\/types\/product"}],"replies":[{"embeddable":true,"href":"https:\/\/restmec.ee\/fi\/wp-json\/wp\/v2\/comments?post=6259"}],"wp:featuredmedia":[{"embeddable":true,"href":"https:\/\/restmec.ee\/fi\/wp-json\/wp\/v2\/media\/2031"}],"wp:attachment":[{"href":"https:\/\/restmec.ee\/fi\/wp-json\/wp\/v2\/media?parent=6259"}],"wp:term":[{"taxonomy":"product_brand","embeddable":true,"href":"https:\/\/restmec.ee\/fi\/wp-json\/wp\/v2\/product_brand?post=6259"},{"taxonomy":"product_cat","embeddable":true,"href":"https:\/\/restmec.ee\/fi\/wp-json\/wp\/v2\/product_cat?post=6259"},{"taxonomy":"product_tag","embeddable":true,"href":"https:\/\/restmec.ee\/fi\/wp-json\/wp\/v2\/product_tag?post=6259"}],"curies":[{"name":"wp","href":"https:\/\/api.w.org\/{rel}","templated":true}]}}