{"id":6009,"date":"2019-02-26T14:00:30","date_gmt":"2019-02-26T12:00:30","guid":{"rendered":"https:\/\/restmec.ee\/toode\/ktv-t-5gn-utp-g\/"},"modified":"2023-03-17T11:46:15","modified_gmt":"2023-03-17T09:46:15","slug":"ktv-t-5gn-utp-g","status":"publish","type":"product","link":"https:\/\/restmec.ee\/fi\/toode\/ktv-t-5gn-utp-g\/","title":{"rendered":"Kylm\u00e4tarjoiluvaunu KTV T 5GN"},"content":{"rendered":"<ul>\n<li>kylm\u00e4tarjoiluvaunu on tarkoitettu elintarvikkeiden lyhytaikaiseen s\u00e4ilytykseen l\u00e4mp\u00f6tilassa +2 \u00b0C \u2026 +8 \u00b0C<\/li>\n<li>mekaaninen termostaatti<\/li>\n<li>valaistu yl\u00e4taso (hylly), kirkkaasta lasista roiskesuoja<\/li>\n<li>alaslaskettavat tarjotintasot<\/li>\n<li>ruostumaton sile\u00e4 taso astioille, koko GN 1\/1 (5 kpl)<\/li>\n<li>tarjoiluvaunu on py\u00f6rill\u00e4, mik\u00e4 helpottaa siirt\u00e4mist\u00e4 (2 kpl lukittavia)<\/li>\n<li>tarjoiluvaunun alaosassa kaksiovinen neutraalikaappi<\/li>\n<li>toimitukseen sis\u00e4ltyv\u00e4t v\u00e4lilistat pienempi\u00e4 GN-astioita varten<\/li>\n<li>kuvassa tarjoiluvaunu UTP G-yl\u00e4tasolla<\/li>\n<li><strong>Laitteelle mahdollista tilata:<\/strong>\n<ul>\n<li>erilaisia yl\u00e4tasoja (ks. yl\u00e4- ja antotasojen tuoteryhm\u00e4st\u00e4)<\/li>\n<li>ruostumattomasta ter\u00e4ksest\u00e4 sokkeli<\/li>\n<li>kylkitasojen liitoskappalesarja<\/li>\n<\/ul>\n<\/li>\n<\/ul>\n<p><a href=\"https:\/\/restmec.ee\/wp-content\/uploads\/2019\/02\/KTV_LTV-T-5GN-UTP-G-dimetric.pdf\">Tekninen piirustus PDF-tiedosto<\/a><\/p>\n","protected":false},"excerpt":{"rendered":"<p>kylm\u00e4tarjoiluvaunu on tarkoitettu elintarvikkeiden lyhytaikaiseen s\u00e4ilytykseen l\u00e4mp\u00f6tilassa +2 \u00b0C \u2026 +8 \u00b0C mekaaninen termostaatti valaistu yl\u00e4taso (hylly), kirkkaasta lasista roiskesuoja&#8230;<\/p>\n","protected":false},"featured_media":2747,"comment_status":"closed","ping_status":"closed","template":"","meta":{"_acf_changed":false},"product_brand":[],"product_cat":[236],"product_tag":[],"class_list":{"0":"post-6009","1":"product","2":"type-product","3":"status-publish","4":"has-post-thumbnail","6":"product_cat-kylmatarjoiluvaunut","8":"first","9":"instock","10":"shipping-taxable","11":"product-type-simple"},"acf":[],"yoast_head":"<!-- This site is optimized with the Yoast SEO plugin v27.2 - https:\/\/yoast.com\/product\/yoast-seo-wordpress\/ -->\n<title>Kylm\u00e4tarjoiluvaunu KTV T 5GN - Restmec<\/title>\n<meta name=\"robots\" content=\"index, follow, max-snippet:-1, max-image-preview:large, max-video-preview:-1\" \/>\n<link rel=\"canonical\" href=\"https:\/\/restmec.ee\/fi\/toode\/ktv-t-5gn-utp-g\/\" \/>\n<meta property=\"og:locale\" content=\"fi_FI\" \/>\n<meta property=\"og:type\" content=\"article\" \/>\n<meta property=\"og:title\" content=\"Kylm\u00e4tarjoiluvaunu KTV T 5GN - Restmec\" \/>\n<meta property=\"og:description\" content=\"kylm\u00e4tarjoiluvaunu on tarkoitettu elintarvikkeiden lyhytaikaiseen s\u00e4ilytykseen l\u00e4mp\u00f6tilassa +2 \u00b0C \u2026 +8 \u00b0C mekaaninen termostaatti valaistu yl\u00e4taso (hylly), kirkkaasta lasista roiskesuoja...\" \/>\n<meta property=\"og:url\" content=\"https:\/\/restmec.ee\/fi\/toode\/ktv-t-5gn-utp-g\/\" \/>\n<meta property=\"og:site_name\" content=\"Restmec\" \/>\n<meta property=\"article:modified_time\" content=\"2023-03-17T09:46:15+00:00\" \/>\n<meta property=\"og:image\" content=\"https:\/\/restmec.ee\/wp-content\/uploads\/2019\/02\/KTV_LTV-T-5GN-UTP-G.jpg\" \/>\n\t<meta property=\"og:image:width\" content=\"5275\" \/>\n\t<meta property=\"og:image:height\" content=\"2967\" \/>\n\t<meta property=\"og:image:type\" content=\"image\/jpeg\" \/>\n<meta name=\"twitter:card\" content=\"summary_large_image\" \/>\n<meta name=\"twitter:label1\" content=\"Arvioitu lukuaika\" \/>\n\t<meta name=\"twitter:data1\" content=\"1 minuutti\" \/>\n<script type=\"application\/ld+json\" class=\"yoast-schema-graph\">{\"@context\":\"https:\/\/schema.org\",\"@graph\":[{\"@type\":\"WebPage\",\"@id\":\"https:\/\/restmec.ee\/fi\/toode\/ktv-t-5gn-utp-g\/\",\"url\":\"https:\/\/restmec.ee\/fi\/toode\/ktv-t-5gn-utp-g\/\",\"name\":\"Kylm\u00e4tarjoiluvaunu KTV T 5GN - Restmec\",\"isPartOf\":{\"@id\":\"https:\/\/restmec.ee\/en\/#website\"},\"primaryImageOfPage\":{\"@id\":\"https:\/\/restmec.ee\/fi\/toode\/ktv-t-5gn-utp-g\/#primaryimage\"},\"image\":{\"@id\":\"https:\/\/restmec.ee\/fi\/toode\/ktv-t-5gn-utp-g\/#primaryimage\"},\"thumbnailUrl\":\"https:\/\/restmec.ee\/wp-content\/uploads\/2019\/02\/KTV_LTV-T-5GN-UTP-G.jpg\",\"datePublished\":\"2019-02-26T12:00:30+00:00\",\"dateModified\":\"2023-03-17T09:46:15+00:00\",\"breadcrumb\":{\"@id\":\"https:\/\/restmec.ee\/fi\/toode\/ktv-t-5gn-utp-g\/#breadcrumb\"},\"inLanguage\":\"fi\",\"potentialAction\":[{\"@type\":\"ReadAction\",\"target\":[\"https:\/\/restmec.ee\/fi\/toode\/ktv-t-5gn-utp-g\/\"]}]},{\"@type\":\"ImageObject\",\"inLanguage\":\"fi\",\"@id\":\"https:\/\/restmec.ee\/fi\/toode\/ktv-t-5gn-utp-g\/#primaryimage\",\"url\":\"https:\/\/restmec.ee\/wp-content\/uploads\/2019\/02\/KTV_LTV-T-5GN-UTP-G.jpg\",\"contentUrl\":\"https:\/\/restmec.ee\/wp-content\/uploads\/2019\/02\/KTV_LTV-T-5GN-UTP-G.jpg\",\"width\":5275,\"height\":2967},{\"@type\":\"BreadcrumbList\",\"@id\":\"https:\/\/restmec.ee\/fi\/toode\/ktv-t-5gn-utp-g\/#breadcrumb\",\"itemListElement\":[{\"@type\":\"ListItem\",\"position\":1,\"name\":\"Home\",\"item\":\"https:\/\/restmec.ee\/fi\/\"},{\"@type\":\"ListItem\",\"position\":2,\"name\":\"Tuotteet\",\"item\":\"https:\/\/restmec.ee\/fi\/tuotteet\/\"},{\"@type\":\"ListItem\",\"position\":3,\"name\":\"Kylm\u00e4tarjoiluvaunu KTV T 5GN\"}]},{\"@type\":\"WebSite\",\"@id\":\"https:\/\/restmec.ee\/en\/#website\",\"url\":\"https:\/\/restmec.ee\/en\/\",\"name\":\"Restmec\",\"description\":\"Roostevabast metallist m\u00f6\u00f6bli tootmine\",\"potentialAction\":[{\"@type\":\"SearchAction\",\"target\":{\"@type\":\"EntryPoint\",\"urlTemplate\":\"https:\/\/restmec.ee\/en\/?s={search_term_string}\"},\"query-input\":{\"@type\":\"PropertyValueSpecification\",\"valueRequired\":true,\"valueName\":\"search_term_string\"}}],\"inLanguage\":\"fi\"}]}<\/script>\n<!-- \/ Yoast SEO plugin. -->","yoast_head_json":{"title":"Kylm\u00e4tarjoiluvaunu KTV T 5GN - Restmec","robots":{"index":"index","follow":"follow","max-snippet":"max-snippet:-1","max-image-preview":"max-image-preview:large","max-video-preview":"max-video-preview:-1"},"canonical":"https:\/\/restmec.ee\/fi\/toode\/ktv-t-5gn-utp-g\/","og_locale":"fi_FI","og_type":"article","og_title":"Kylm\u00e4tarjoiluvaunu KTV T 5GN - Restmec","og_description":"kylm\u00e4tarjoiluvaunu on tarkoitettu elintarvikkeiden lyhytaikaiseen s\u00e4ilytykseen l\u00e4mp\u00f6tilassa +2 \u00b0C \u2026 +8 \u00b0C mekaaninen termostaatti valaistu yl\u00e4taso (hylly), kirkkaasta lasista roiskesuoja...","og_url":"https:\/\/restmec.ee\/fi\/toode\/ktv-t-5gn-utp-g\/","og_site_name":"Restmec","article_modified_time":"2023-03-17T09:46:15+00:00","og_image":[{"width":5275,"height":2967,"url":"https:\/\/restmec.ee\/wp-content\/uploads\/2019\/02\/KTV_LTV-T-5GN-UTP-G.jpg","type":"image\/jpeg"}],"twitter_card":"summary_large_image","twitter_misc":{"Arvioitu lukuaika":"1 minuutti"},"schema":{"@context":"https:\/\/schema.org","@graph":[{"@type":"WebPage","@id":"https:\/\/restmec.ee\/fi\/toode\/ktv-t-5gn-utp-g\/","url":"https:\/\/restmec.ee\/fi\/toode\/ktv-t-5gn-utp-g\/","name":"Kylm\u00e4tarjoiluvaunu KTV T 5GN - Restmec","isPartOf":{"@id":"https:\/\/restmec.ee\/en\/#website"},"primaryImageOfPage":{"@id":"https:\/\/restmec.ee\/fi\/toode\/ktv-t-5gn-utp-g\/#primaryimage"},"image":{"@id":"https:\/\/restmec.ee\/fi\/toode\/ktv-t-5gn-utp-g\/#primaryimage"},"thumbnailUrl":"https:\/\/restmec.ee\/wp-content\/uploads\/2019\/02\/KTV_LTV-T-5GN-UTP-G.jpg","datePublished":"2019-02-26T12:00:30+00:00","dateModified":"2023-03-17T09:46:15+00:00","breadcrumb":{"@id":"https:\/\/restmec.ee\/fi\/toode\/ktv-t-5gn-utp-g\/#breadcrumb"},"inLanguage":"fi","potentialAction":[{"@type":"ReadAction","target":["https:\/\/restmec.ee\/fi\/toode\/ktv-t-5gn-utp-g\/"]}]},{"@type":"ImageObject","inLanguage":"fi","@id":"https:\/\/restmec.ee\/fi\/toode\/ktv-t-5gn-utp-g\/#primaryimage","url":"https:\/\/restmec.ee\/wp-content\/uploads\/2019\/02\/KTV_LTV-T-5GN-UTP-G.jpg","contentUrl":"https:\/\/restmec.ee\/wp-content\/uploads\/2019\/02\/KTV_LTV-T-5GN-UTP-G.jpg","width":5275,"height":2967},{"@type":"BreadcrumbList","@id":"https:\/\/restmec.ee\/fi\/toode\/ktv-t-5gn-utp-g\/#breadcrumb","itemListElement":[{"@type":"ListItem","position":1,"name":"Home","item":"https:\/\/restmec.ee\/fi\/"},{"@type":"ListItem","position":2,"name":"Tuotteet","item":"https:\/\/restmec.ee\/fi\/tuotteet\/"},{"@type":"ListItem","position":3,"name":"Kylm\u00e4tarjoiluvaunu KTV T 5GN"}]},{"@type":"WebSite","@id":"https:\/\/restmec.ee\/en\/#website","url":"https:\/\/restmec.ee\/en\/","name":"Restmec","description":"Roostevabast metallist m\u00f6\u00f6bli tootmine","potentialAction":[{"@type":"SearchAction","target":{"@type":"EntryPoint","urlTemplate":"https:\/\/restmec.ee\/en\/?s={search_term_string}"},"query-input":{"@type":"PropertyValueSpecification","valueRequired":true,"valueName":"search_term_string"}}],"inLanguage":"fi"}]}},"_links":{"self":[{"href":"https:\/\/restmec.ee\/fi\/wp-json\/wp\/v2\/product\/6009","targetHints":{"allow":["GET"]}}],"collection":[{"href":"https:\/\/restmec.ee\/fi\/wp-json\/wp\/v2\/product"}],"about":[{"href":"https:\/\/restmec.ee\/fi\/wp-json\/wp\/v2\/types\/product"}],"replies":[{"embeddable":true,"href":"https:\/\/restmec.ee\/fi\/wp-json\/wp\/v2\/comments?post=6009"}],"wp:featuredmedia":[{"embeddable":true,"href":"https:\/\/restmec.ee\/fi\/wp-json\/wp\/v2\/media\/2747"}],"wp:attachment":[{"href":"https:\/\/restmec.ee\/fi\/wp-json\/wp\/v2\/media?parent=6009"}],"wp:term":[{"taxonomy":"product_brand","embeddable":true,"href":"https:\/\/restmec.ee\/fi\/wp-json\/wp\/v2\/product_brand?post=6009"},{"taxonomy":"product_cat","embeddable":true,"href":"https:\/\/restmec.ee\/fi\/wp-json\/wp\/v2\/product_cat?post=6009"},{"taxonomy":"product_tag","embeddable":true,"href":"https:\/\/restmec.ee\/fi\/wp-json\/wp\/v2\/product_tag?post=6009"}],"curies":[{"name":"wp","href":"https:\/\/api.w.org\/{rel}","templated":true}]}}