{"id":5711,"date":"2019-10-16T19:45:40","date_gmt":"2019-10-16T16:45:40","guid":{"rendered":"https:\/\/restmec.ee\/toode\/kulmsuvend-avatud-alusega-kaj-800\/"},"modified":"2019-11-14T08:41:40","modified_gmt":"2019-11-14T06:41:40","slug":"kulmsuvend-avatud-alusega-kaj-800","status":"publish","type":"product","link":"https:\/\/restmec.ee\/fi\/toode\/kulmsuvend-avatud-alusega-kaj-800\/","title":{"rendered":"Kylm\u00e4allas avojalustalla KAJ 800"},"content":{"rendered":"<ul>\n<li>kylm\u00e4allas on tarkoitettu elintarvikkeiden s\u00e4ilytt\u00e4miseksi l\u00e4mp\u00f6tilassa +2 \u00b0C \u2026 +8 \u00b0C<\/li>\n<li>valmistettu ruostumattomasta ter\u00e4ksest\u00e4<\/li>\n<li>yksi erikseen l\u00e4mp\u00f6eristetty kylm\u00e4allas (staattinen), mitoin 2x GN 1\/1-150 (astiat eiv\u00e4t sis\u00e4lly toimitukseen)<\/li>\n<li>allas viem\u00e4riliit\u00e4nn\u00e4ll\u00e4<\/li>\n<li>alla avohylly<\/li>\n<li>laitteen korkeus muutettavissa s\u00e4\u00e4dett\u00e4vill\u00e4 jaloilla \u00b110mm<\/li>\n<li><strong>Laitteelle mahdollista tilata:<\/strong>\n<ul>\n<li>allas, koko GN 1\/1-200<\/li>\n<li>erilaisia yl\u00e4- ja antotasoja (ks. tuoteryhm\u00e4st\u00e4 yl\u00e4- ja antotasot)<\/li>\n<\/ul>\n<\/li>\n<\/ul>\n<p><a href=\"https:\/\/restmec.ee\/wp-content\/uploads\/2019\/10\/KAJ-800-dimetric.pdf\">Tekninen piirustus PDF-tiedosto<\/a><\/p>\n","protected":false},"excerpt":{"rendered":"<p>kylm\u00e4allas on tarkoitettu elintarvikkeiden s\u00e4ilytt\u00e4miseksi l\u00e4mp\u00f6tilassa +2 \u00b0C \u2026 +8 \u00b0C valmistettu ruostumattomasta ter\u00e4ksest\u00e4 yksi erikseen l\u00e4mp\u00f6eristetty kylm\u00e4allas (staattinen), mitoin&#8230;<\/p>\n","protected":false},"featured_media":4075,"comment_status":"closed","ping_status":"closed","template":"","meta":{"_acf_changed":false},"product_brand":[],"product_cat":[221],"product_tag":[],"class_list":{"0":"post-5711","1":"product","2":"type-product","3":"status-publish","4":"has-post-thumbnail","6":"product_cat-kylmaallas-avojalustalla","8":"first","9":"instock","10":"shipping-taxable","11":"product-type-simple"},"acf":[],"yoast_head":"<!-- This site is optimized with the Yoast SEO plugin v27.2 - https:\/\/yoast.com\/product\/yoast-seo-wordpress\/ -->\n<title>Kylm\u00e4allas avojalustalla KAJ 800 - Restmec<\/title>\n<meta name=\"robots\" content=\"index, follow, max-snippet:-1, max-image-preview:large, max-video-preview:-1\" \/>\n<link rel=\"canonical\" href=\"https:\/\/restmec.ee\/fi\/toode\/kulmsuvend-avatud-alusega-kaj-800\/\" \/>\n<meta property=\"og:locale\" content=\"fi_FI\" \/>\n<meta property=\"og:type\" content=\"article\" \/>\n<meta property=\"og:title\" content=\"Kylm\u00e4allas avojalustalla KAJ 800 - Restmec\" \/>\n<meta property=\"og:description\" content=\"kylm\u00e4allas on tarkoitettu elintarvikkeiden s\u00e4ilytt\u00e4miseksi l\u00e4mp\u00f6tilassa +2 \u00b0C \u2026 +8 \u00b0C valmistettu ruostumattomasta ter\u00e4ksest\u00e4 yksi erikseen l\u00e4mp\u00f6eristetty kylm\u00e4allas (staattinen), mitoin...\" \/>\n<meta property=\"og:url\" content=\"https:\/\/restmec.ee\/fi\/toode\/kulmsuvend-avatud-alusega-kaj-800\/\" \/>\n<meta property=\"og:site_name\" content=\"Restmec\" \/>\n<meta property=\"article:modified_time\" content=\"2019-11-14T06:41:40+00:00\" \/>\n<meta property=\"og:image\" content=\"https:\/\/restmec.ee\/wp-content\/uploads\/2019\/10\/KAJ-800.jpg\" \/>\n\t<meta property=\"og:image:width\" content=\"5275\" \/>\n\t<meta property=\"og:image:height\" content=\"2967\" \/>\n\t<meta property=\"og:image:type\" content=\"image\/jpeg\" \/>\n<meta name=\"twitter:card\" content=\"summary_large_image\" \/>\n<script type=\"application\/ld+json\" class=\"yoast-schema-graph\">{\"@context\":\"https:\/\/schema.org\",\"@graph\":[{\"@type\":\"WebPage\",\"@id\":\"https:\/\/restmec.ee\/fi\/toode\/kulmsuvend-avatud-alusega-kaj-800\/\",\"url\":\"https:\/\/restmec.ee\/fi\/toode\/kulmsuvend-avatud-alusega-kaj-800\/\",\"name\":\"Kylm\u00e4allas avojalustalla KAJ 800 - Restmec\",\"isPartOf\":{\"@id\":\"https:\/\/restmec.ee\/en\/#website\"},\"primaryImageOfPage\":{\"@id\":\"https:\/\/restmec.ee\/fi\/toode\/kulmsuvend-avatud-alusega-kaj-800\/#primaryimage\"},\"image\":{\"@id\":\"https:\/\/restmec.ee\/fi\/toode\/kulmsuvend-avatud-alusega-kaj-800\/#primaryimage\"},\"thumbnailUrl\":\"https:\/\/restmec.ee\/wp-content\/uploads\/2019\/10\/KAJ-800.jpg\",\"datePublished\":\"2019-10-16T16:45:40+00:00\",\"dateModified\":\"2019-11-14T06:41:40+00:00\",\"breadcrumb\":{\"@id\":\"https:\/\/restmec.ee\/fi\/toode\/kulmsuvend-avatud-alusega-kaj-800\/#breadcrumb\"},\"inLanguage\":\"fi\",\"potentialAction\":[{\"@type\":\"ReadAction\",\"target\":[\"https:\/\/restmec.ee\/fi\/toode\/kulmsuvend-avatud-alusega-kaj-800\/\"]}]},{\"@type\":\"ImageObject\",\"inLanguage\":\"fi\",\"@id\":\"https:\/\/restmec.ee\/fi\/toode\/kulmsuvend-avatud-alusega-kaj-800\/#primaryimage\",\"url\":\"https:\/\/restmec.ee\/wp-content\/uploads\/2019\/10\/KAJ-800.jpg\",\"contentUrl\":\"https:\/\/restmec.ee\/wp-content\/uploads\/2019\/10\/KAJ-800.jpg\",\"width\":5275,\"height\":2967},{\"@type\":\"BreadcrumbList\",\"@id\":\"https:\/\/restmec.ee\/fi\/toode\/kulmsuvend-avatud-alusega-kaj-800\/#breadcrumb\",\"itemListElement\":[{\"@type\":\"ListItem\",\"position\":1,\"name\":\"Home\",\"item\":\"https:\/\/restmec.ee\/fi\/\"},{\"@type\":\"ListItem\",\"position\":2,\"name\":\"Tuotteet\",\"item\":\"https:\/\/restmec.ee\/fi\/tuotteet\/\"},{\"@type\":\"ListItem\",\"position\":3,\"name\":\"Kylm\u00e4allas avojalustalla KAJ 800\"}]},{\"@type\":\"WebSite\",\"@id\":\"https:\/\/restmec.ee\/en\/#website\",\"url\":\"https:\/\/restmec.ee\/en\/\",\"name\":\"Restmec\",\"description\":\"Roostevabast metallist m\u00f6\u00f6bli tootmine\",\"potentialAction\":[{\"@type\":\"SearchAction\",\"target\":{\"@type\":\"EntryPoint\",\"urlTemplate\":\"https:\/\/restmec.ee\/en\/?s={search_term_string}\"},\"query-input\":{\"@type\":\"PropertyValueSpecification\",\"valueRequired\":true,\"valueName\":\"search_term_string\"}}],\"inLanguage\":\"fi\"}]}<\/script>\n<!-- \/ Yoast SEO plugin. -->","yoast_head_json":{"title":"Kylm\u00e4allas avojalustalla KAJ 800 - Restmec","robots":{"index":"index","follow":"follow","max-snippet":"max-snippet:-1","max-image-preview":"max-image-preview:large","max-video-preview":"max-video-preview:-1"},"canonical":"https:\/\/restmec.ee\/fi\/toode\/kulmsuvend-avatud-alusega-kaj-800\/","og_locale":"fi_FI","og_type":"article","og_title":"Kylm\u00e4allas avojalustalla KAJ 800 - Restmec","og_description":"kylm\u00e4allas on tarkoitettu elintarvikkeiden s\u00e4ilytt\u00e4miseksi l\u00e4mp\u00f6tilassa +2 \u00b0C \u2026 +8 \u00b0C valmistettu ruostumattomasta ter\u00e4ksest\u00e4 yksi erikseen l\u00e4mp\u00f6eristetty kylm\u00e4allas (staattinen), mitoin...","og_url":"https:\/\/restmec.ee\/fi\/toode\/kulmsuvend-avatud-alusega-kaj-800\/","og_site_name":"Restmec","article_modified_time":"2019-11-14T06:41:40+00:00","og_image":[{"width":5275,"height":2967,"url":"https:\/\/restmec.ee\/wp-content\/uploads\/2019\/10\/KAJ-800.jpg","type":"image\/jpeg"}],"twitter_card":"summary_large_image","schema":{"@context":"https:\/\/schema.org","@graph":[{"@type":"WebPage","@id":"https:\/\/restmec.ee\/fi\/toode\/kulmsuvend-avatud-alusega-kaj-800\/","url":"https:\/\/restmec.ee\/fi\/toode\/kulmsuvend-avatud-alusega-kaj-800\/","name":"Kylm\u00e4allas avojalustalla KAJ 800 - Restmec","isPartOf":{"@id":"https:\/\/restmec.ee\/en\/#website"},"primaryImageOfPage":{"@id":"https:\/\/restmec.ee\/fi\/toode\/kulmsuvend-avatud-alusega-kaj-800\/#primaryimage"},"image":{"@id":"https:\/\/restmec.ee\/fi\/toode\/kulmsuvend-avatud-alusega-kaj-800\/#primaryimage"},"thumbnailUrl":"https:\/\/restmec.ee\/wp-content\/uploads\/2019\/10\/KAJ-800.jpg","datePublished":"2019-10-16T16:45:40+00:00","dateModified":"2019-11-14T06:41:40+00:00","breadcrumb":{"@id":"https:\/\/restmec.ee\/fi\/toode\/kulmsuvend-avatud-alusega-kaj-800\/#breadcrumb"},"inLanguage":"fi","potentialAction":[{"@type":"ReadAction","target":["https:\/\/restmec.ee\/fi\/toode\/kulmsuvend-avatud-alusega-kaj-800\/"]}]},{"@type":"ImageObject","inLanguage":"fi","@id":"https:\/\/restmec.ee\/fi\/toode\/kulmsuvend-avatud-alusega-kaj-800\/#primaryimage","url":"https:\/\/restmec.ee\/wp-content\/uploads\/2019\/10\/KAJ-800.jpg","contentUrl":"https:\/\/restmec.ee\/wp-content\/uploads\/2019\/10\/KAJ-800.jpg","width":5275,"height":2967},{"@type":"BreadcrumbList","@id":"https:\/\/restmec.ee\/fi\/toode\/kulmsuvend-avatud-alusega-kaj-800\/#breadcrumb","itemListElement":[{"@type":"ListItem","position":1,"name":"Home","item":"https:\/\/restmec.ee\/fi\/"},{"@type":"ListItem","position":2,"name":"Tuotteet","item":"https:\/\/restmec.ee\/fi\/tuotteet\/"},{"@type":"ListItem","position":3,"name":"Kylm\u00e4allas avojalustalla KAJ 800"}]},{"@type":"WebSite","@id":"https:\/\/restmec.ee\/en\/#website","url":"https:\/\/restmec.ee\/en\/","name":"Restmec","description":"Roostevabast metallist m\u00f6\u00f6bli tootmine","potentialAction":[{"@type":"SearchAction","target":{"@type":"EntryPoint","urlTemplate":"https:\/\/restmec.ee\/en\/?s={search_term_string}"},"query-input":{"@type":"PropertyValueSpecification","valueRequired":true,"valueName":"search_term_string"}}],"inLanguage":"fi"}]}},"_links":{"self":[{"href":"https:\/\/restmec.ee\/fi\/wp-json\/wp\/v2\/product\/5711","targetHints":{"allow":["GET"]}}],"collection":[{"href":"https:\/\/restmec.ee\/fi\/wp-json\/wp\/v2\/product"}],"about":[{"href":"https:\/\/restmec.ee\/fi\/wp-json\/wp\/v2\/types\/product"}],"replies":[{"embeddable":true,"href":"https:\/\/restmec.ee\/fi\/wp-json\/wp\/v2\/comments?post=5711"}],"wp:featuredmedia":[{"embeddable":true,"href":"https:\/\/restmec.ee\/fi\/wp-json\/wp\/v2\/media\/4075"}],"wp:attachment":[{"href":"https:\/\/restmec.ee\/fi\/wp-json\/wp\/v2\/media?parent=5711"}],"wp:term":[{"taxonomy":"product_brand","embeddable":true,"href":"https:\/\/restmec.ee\/fi\/wp-json\/wp\/v2\/product_brand?post=5711"},{"taxonomy":"product_cat","embeddable":true,"href":"https:\/\/restmec.ee\/fi\/wp-json\/wp\/v2\/product_cat?post=5711"},{"taxonomy":"product_tag","embeddable":true,"href":"https:\/\/restmec.ee\/fi\/wp-json\/wp\/v2\/product_tag?post=5711"}],"curies":[{"name":"wp","href":"https:\/\/api.w.org\/{rel}","templated":true}]}}