{"id":10429,"date":"2023-03-15T12:12:12","date_gmt":"2023-03-15T10:12:12","guid":{"rendered":"https:\/\/restmec.ee\/toode\/ltv-bm-6gn\/"},"modified":"2023-03-21T11:39:09","modified_gmt":"2023-03-21T09:39:09","slug":"ltv-bm-6gn","status":"publish","type":"product","link":"https:\/\/restmec.ee\/fi\/toode\/ltv-bm-6gn\/","title":{"rendered":"L\u00e4mp\u00f6tarjoiluvaunu TREND LTV BM 6GN"},"content":{"rendered":"<ul>\n<li>l\u00e4mp\u00f6tarjoiluvaunu on tarkoitettu elintarvikkeiden lyhytaikaiseen s\u00e4ilytykseen l\u00e4mp\u00f6tilassa +30\u00b0C \u2026 +95\u00b0C<\/li>\n<li>valmistettu ruostumattomasta ter\u00e4ksest\u00e4<\/li>\n<li>\u201eDrop-In\u201c l\u00e4mp\u00f6allas integroitava ty\u00f6tasolle<\/li>\n<li>l\u00e4mp\u00f6allas, koko GN 1\/1-150 (6 kpl)<\/li>\n<li>altaan pohjassa viem\u00e4riliit\u00e4nt\u00e4 venttiilill\u00e4<\/li>\n<li>l\u00e4mp\u00f6tilan s\u00e4\u00e4t\u00f6 termostaatilla<\/li>\n<li>valaistu yl\u00e4taso (hylly), kirkkaasta lasista roiskesuoja<\/li>\n<li>tarjoiluvaunu on py\u00f6rill\u00e4, mik\u00e4 helpottaa siirt\u00e4mist\u00e4 (2kpl lukittavia)<\/li>\n<li>tarjoiluvaunun alaosassa neutraalikaappi<\/li>\n<li>kuvassa tarjoiluvaunu UTP G-yl\u00e4tasolla<\/li>\n<li><strong>Laitteelle mahdollista tilata:<\/strong>\n<ul>\n<li>erilaisia yl\u00e4tasoja (ks. yl\u00e4- ja antotasot tuoteryhm\u00e4st\u00e4)<\/li>\n<li>210mm syvyinen allas<\/li>\n<\/ul>\n<\/li>\n<\/ul>\n<ul>\n<li style=\"list-style-type: none;\"><\/li>\n<\/ul>\n<p><a href=\"https:\/\/restmec.ee\/wp-content\/uploads\/2023\/03\/TREND-LTV-BM-6GN-dimetric.pdf\">Tekninen piirustus PDF-tiedosto<\/a><\/p>\n","protected":false},"excerpt":{"rendered":"<p>l\u00e4mp\u00f6tarjoiluvaunu on tarkoitettu elintarvikkeiden lyhytaikaiseen s\u00e4ilytykseen l\u00e4mp\u00f6tilassa +30\u00b0C \u2026 +95\u00b0C valmistettu ruostumattomasta ter\u00e4ksest\u00e4 \u201eDrop-In\u201c l\u00e4mp\u00f6allas integroitava ty\u00f6tasolle l\u00e4mp\u00f6allas, koko GN&#8230;<\/p>\n","protected":false},"featured_media":10377,"comment_status":"closed","ping_status":"closed","template":"","meta":{"_acf_changed":false},"product_brand":[],"product_cat":[421],"product_tag":[],"class_list":{"0":"post-10429","1":"product","2":"type-product","3":"status-publish","4":"has-post-thumbnail","6":"product_cat-lampotarjoiluvaunut-trend","8":"first","9":"instock","10":"shipping-taxable","11":"product-type-simple"},"acf":[],"yoast_head":"<!-- This site is optimized with the Yoast SEO plugin v27.2 - https:\/\/yoast.com\/product\/yoast-seo-wordpress\/ -->\n<title>L\u00e4mp\u00f6tarjoiluvaunu TREND LTV BM 6GN - Restmec<\/title>\n<meta name=\"robots\" content=\"index, follow, max-snippet:-1, max-image-preview:large, max-video-preview:-1\" \/>\n<link rel=\"canonical\" href=\"https:\/\/restmec.ee\/fi\/toode\/ltv-bm-6gn\/\" \/>\n<meta property=\"og:locale\" content=\"fi_FI\" \/>\n<meta property=\"og:type\" content=\"article\" \/>\n<meta property=\"og:title\" content=\"L\u00e4mp\u00f6tarjoiluvaunu TREND LTV BM 6GN - Restmec\" \/>\n<meta property=\"og:description\" content=\"l\u00e4mp\u00f6tarjoiluvaunu on tarkoitettu elintarvikkeiden lyhytaikaiseen s\u00e4ilytykseen l\u00e4mp\u00f6tilassa +30\u00b0C \u2026 +95\u00b0C valmistettu ruostumattomasta ter\u00e4ksest\u00e4 \u201eDrop-In\u201c l\u00e4mp\u00f6allas integroitava ty\u00f6tasolle l\u00e4mp\u00f6allas, koko GN...\" \/>\n<meta property=\"og:url\" content=\"https:\/\/restmec.ee\/fi\/toode\/ltv-bm-6gn\/\" \/>\n<meta property=\"og:site_name\" content=\"Restmec\" \/>\n<meta property=\"article:modified_time\" content=\"2023-03-21T09:39:09+00:00\" \/>\n<meta property=\"og:image\" content=\"https:\/\/restmec.ee\/wp-content\/uploads\/2023\/03\/TREND-LTV-BM-6GN-scaled.jpg\" \/>\n\t<meta property=\"og:image:width\" content=\"2560\" \/>\n\t<meta property=\"og:image:height\" content=\"1440\" \/>\n\t<meta property=\"og:image:type\" content=\"image\/jpeg\" \/>\n<meta name=\"twitter:card\" content=\"summary_large_image\" \/>\n<meta name=\"twitter:label1\" content=\"Arvioitu lukuaika\" \/>\n\t<meta name=\"twitter:data1\" content=\"1 minuutti\" \/>\n<script type=\"application\/ld+json\" class=\"yoast-schema-graph\">{\"@context\":\"https:\/\/schema.org\",\"@graph\":[{\"@type\":\"WebPage\",\"@id\":\"https:\/\/restmec.ee\/fi\/toode\/ltv-bm-6gn\/\",\"url\":\"https:\/\/restmec.ee\/fi\/toode\/ltv-bm-6gn\/\",\"name\":\"L\u00e4mp\u00f6tarjoiluvaunu TREND LTV BM 6GN - Restmec\",\"isPartOf\":{\"@id\":\"https:\/\/restmec.ee\/en\/#website\"},\"primaryImageOfPage\":{\"@id\":\"https:\/\/restmec.ee\/fi\/toode\/ltv-bm-6gn\/#primaryimage\"},\"image\":{\"@id\":\"https:\/\/restmec.ee\/fi\/toode\/ltv-bm-6gn\/#primaryimage\"},\"thumbnailUrl\":\"https:\/\/restmec.ee\/wp-content\/uploads\/2023\/03\/TREND-LTV-BM-6GN-scaled.jpg\",\"datePublished\":\"2023-03-15T10:12:12+00:00\",\"dateModified\":\"2023-03-21T09:39:09+00:00\",\"breadcrumb\":{\"@id\":\"https:\/\/restmec.ee\/fi\/toode\/ltv-bm-6gn\/#breadcrumb\"},\"inLanguage\":\"fi\",\"potentialAction\":[{\"@type\":\"ReadAction\",\"target\":[\"https:\/\/restmec.ee\/fi\/toode\/ltv-bm-6gn\/\"]}]},{\"@type\":\"ImageObject\",\"inLanguage\":\"fi\",\"@id\":\"https:\/\/restmec.ee\/fi\/toode\/ltv-bm-6gn\/#primaryimage\",\"url\":\"https:\/\/restmec.ee\/wp-content\/uploads\/2023\/03\/TREND-LTV-BM-6GN-scaled.jpg\",\"contentUrl\":\"https:\/\/restmec.ee\/wp-content\/uploads\/2023\/03\/TREND-LTV-BM-6GN-scaled.jpg\",\"width\":2560,\"height\":1440},{\"@type\":\"BreadcrumbList\",\"@id\":\"https:\/\/restmec.ee\/fi\/toode\/ltv-bm-6gn\/#breadcrumb\",\"itemListElement\":[{\"@type\":\"ListItem\",\"position\":1,\"name\":\"Home\",\"item\":\"https:\/\/restmec.ee\/fi\/\"},{\"@type\":\"ListItem\",\"position\":2,\"name\":\"Tuotteet\",\"item\":\"https:\/\/restmec.ee\/fi\/tuotteet\/\"},{\"@type\":\"ListItem\",\"position\":3,\"name\":\"L\u00e4mp\u00f6tarjoiluvaunu TREND LTV BM 6GN\"}]},{\"@type\":\"WebSite\",\"@id\":\"https:\/\/restmec.ee\/en\/#website\",\"url\":\"https:\/\/restmec.ee\/en\/\",\"name\":\"Restmec\",\"description\":\"Roostevabast metallist m\u00f6\u00f6bli tootmine\",\"potentialAction\":[{\"@type\":\"SearchAction\",\"target\":{\"@type\":\"EntryPoint\",\"urlTemplate\":\"https:\/\/restmec.ee\/en\/?s={search_term_string}\"},\"query-input\":{\"@type\":\"PropertyValueSpecification\",\"valueRequired\":true,\"valueName\":\"search_term_string\"}}],\"inLanguage\":\"fi\"}]}<\/script>\n<!-- \/ Yoast SEO plugin. -->","yoast_head_json":{"title":"L\u00e4mp\u00f6tarjoiluvaunu TREND LTV BM 6GN - Restmec","robots":{"index":"index","follow":"follow","max-snippet":"max-snippet:-1","max-image-preview":"max-image-preview:large","max-video-preview":"max-video-preview:-1"},"canonical":"https:\/\/restmec.ee\/fi\/toode\/ltv-bm-6gn\/","og_locale":"fi_FI","og_type":"article","og_title":"L\u00e4mp\u00f6tarjoiluvaunu TREND LTV BM 6GN - Restmec","og_description":"l\u00e4mp\u00f6tarjoiluvaunu on tarkoitettu elintarvikkeiden lyhytaikaiseen s\u00e4ilytykseen l\u00e4mp\u00f6tilassa +30\u00b0C \u2026 +95\u00b0C valmistettu ruostumattomasta ter\u00e4ksest\u00e4 \u201eDrop-In\u201c l\u00e4mp\u00f6allas integroitava ty\u00f6tasolle l\u00e4mp\u00f6allas, koko GN...","og_url":"https:\/\/restmec.ee\/fi\/toode\/ltv-bm-6gn\/","og_site_name":"Restmec","article_modified_time":"2023-03-21T09:39:09+00:00","og_image":[{"width":2560,"height":1440,"url":"https:\/\/restmec.ee\/wp-content\/uploads\/2023\/03\/TREND-LTV-BM-6GN-scaled.jpg","type":"image\/jpeg"}],"twitter_card":"summary_large_image","twitter_misc":{"Arvioitu lukuaika":"1 minuutti"},"schema":{"@context":"https:\/\/schema.org","@graph":[{"@type":"WebPage","@id":"https:\/\/restmec.ee\/fi\/toode\/ltv-bm-6gn\/","url":"https:\/\/restmec.ee\/fi\/toode\/ltv-bm-6gn\/","name":"L\u00e4mp\u00f6tarjoiluvaunu TREND LTV BM 6GN - Restmec","isPartOf":{"@id":"https:\/\/restmec.ee\/en\/#website"},"primaryImageOfPage":{"@id":"https:\/\/restmec.ee\/fi\/toode\/ltv-bm-6gn\/#primaryimage"},"image":{"@id":"https:\/\/restmec.ee\/fi\/toode\/ltv-bm-6gn\/#primaryimage"},"thumbnailUrl":"https:\/\/restmec.ee\/wp-content\/uploads\/2023\/03\/TREND-LTV-BM-6GN-scaled.jpg","datePublished":"2023-03-15T10:12:12+00:00","dateModified":"2023-03-21T09:39:09+00:00","breadcrumb":{"@id":"https:\/\/restmec.ee\/fi\/toode\/ltv-bm-6gn\/#breadcrumb"},"inLanguage":"fi","potentialAction":[{"@type":"ReadAction","target":["https:\/\/restmec.ee\/fi\/toode\/ltv-bm-6gn\/"]}]},{"@type":"ImageObject","inLanguage":"fi","@id":"https:\/\/restmec.ee\/fi\/toode\/ltv-bm-6gn\/#primaryimage","url":"https:\/\/restmec.ee\/wp-content\/uploads\/2023\/03\/TREND-LTV-BM-6GN-scaled.jpg","contentUrl":"https:\/\/restmec.ee\/wp-content\/uploads\/2023\/03\/TREND-LTV-BM-6GN-scaled.jpg","width":2560,"height":1440},{"@type":"BreadcrumbList","@id":"https:\/\/restmec.ee\/fi\/toode\/ltv-bm-6gn\/#breadcrumb","itemListElement":[{"@type":"ListItem","position":1,"name":"Home","item":"https:\/\/restmec.ee\/fi\/"},{"@type":"ListItem","position":2,"name":"Tuotteet","item":"https:\/\/restmec.ee\/fi\/tuotteet\/"},{"@type":"ListItem","position":3,"name":"L\u00e4mp\u00f6tarjoiluvaunu TREND LTV BM 6GN"}]},{"@type":"WebSite","@id":"https:\/\/restmec.ee\/en\/#website","url":"https:\/\/restmec.ee\/en\/","name":"Restmec","description":"Roostevabast metallist m\u00f6\u00f6bli tootmine","potentialAction":[{"@type":"SearchAction","target":{"@type":"EntryPoint","urlTemplate":"https:\/\/restmec.ee\/en\/?s={search_term_string}"},"query-input":{"@type":"PropertyValueSpecification","valueRequired":true,"valueName":"search_term_string"}}],"inLanguage":"fi"}]}},"_links":{"self":[{"href":"https:\/\/restmec.ee\/fi\/wp-json\/wp\/v2\/product\/10429","targetHints":{"allow":["GET"]}}],"collection":[{"href":"https:\/\/restmec.ee\/fi\/wp-json\/wp\/v2\/product"}],"about":[{"href":"https:\/\/restmec.ee\/fi\/wp-json\/wp\/v2\/types\/product"}],"replies":[{"embeddable":true,"href":"https:\/\/restmec.ee\/fi\/wp-json\/wp\/v2\/comments?post=10429"}],"wp:featuredmedia":[{"embeddable":true,"href":"https:\/\/restmec.ee\/fi\/wp-json\/wp\/v2\/media\/10377"}],"wp:attachment":[{"href":"https:\/\/restmec.ee\/fi\/wp-json\/wp\/v2\/media?parent=10429"}],"wp:term":[{"taxonomy":"product_brand","embeddable":true,"href":"https:\/\/restmec.ee\/fi\/wp-json\/wp\/v2\/product_brand?post=10429"},{"taxonomy":"product_cat","embeddable":true,"href":"https:\/\/restmec.ee\/fi\/wp-json\/wp\/v2\/product_cat?post=10429"},{"taxonomy":"product_tag","embeddable":true,"href":"https:\/\/restmec.ee\/fi\/wp-json\/wp\/v2\/product_tag?post=10429"}],"curies":[{"name":"wp","href":"https:\/\/api.w.org\/{rel}","templated":true}]}}