{"id":10130,"date":"2023-01-17T13:10:32","date_gmt":"2023-01-17T11:10:32","guid":{"rendered":"https:\/\/restmec.ee\/toode\/jaatmenoukaru-kjn-k-2x60l\/"},"modified":"2024-01-17T11:12:15","modified_gmt":"2024-01-17T09:12:15","slug":"jaatmenoukaru-kjn-k-2x60l","status":"publish","type":"product","link":"https:\/\/restmec.ee\/fi\/toode\/jaatmenoukaru-kjn-k-2x60l\/","title":{"rendered":"J\u00e4tevaunu KJN K 2x60L"},"content":{"rendered":"<ul>\n<li>vetokahvalla varustettu j\u00e4tevaunu on valmistettu laadukkaasta ruostumattomasta ter\u00e4ksest\u00e4<\/li>\n<li>sis\u00e4\u00e4n mahtuu 2 muovista 60\u00a0l j\u00e4teastiaa (j\u00e4teastiat eiv\u00e4t sis\u00e4lly toimitukseen)<\/li>\n<li>kuulalaakereilla varustettujen py\u00f6rien mitat \u00d8\u00a075\u00a0mm, kahdella py\u00f6r\u00e4ll\u00e4 jarrut<\/li>\n<\/ul>\n<p><a href=\"https:\/\/restmec.ee\/wp-content\/uploads\/2023\/01\/KJN-K-2x60L-2D-1.pdf\">Tekninen piirustus PDF-tiedosto<\/a><\/p>\n","protected":false},"excerpt":{"rendered":"<p>vetokahvalla varustettu j\u00e4tevaunu on valmistettu laadukkaasta ruostumattomasta ter\u00e4ksest\u00e4 sis\u00e4\u00e4n mahtuu 2 muovista 60\u00a0l j\u00e4teastiaa (j\u00e4teastiat eiv\u00e4t sis\u00e4lly toimitukseen) kuulalaakereilla varustettujen&#8230;<\/p>\n","protected":false},"featured_media":12532,"comment_status":"closed","ping_status":"closed","template":"","meta":{"_acf_changed":false},"product_brand":[],"product_cat":[409],"product_tag":[],"class_list":{"0":"post-10130","1":"product","2":"type-product","3":"status-publish","4":"has-post-thumbnail","6":"product_cat-jatevaunut-fi","8":"first","9":"instock","10":"shipping-taxable","11":"product-type-simple"},"acf":[],"yoast_head":"<!-- This site is optimized with the Yoast SEO plugin v27.2 - https:\/\/yoast.com\/product\/yoast-seo-wordpress\/ -->\n<title>J\u00e4tevaunu KJN K 2x60L - Restmec<\/title>\n<meta name=\"robots\" content=\"index, follow, max-snippet:-1, max-image-preview:large, max-video-preview:-1\" \/>\n<link rel=\"canonical\" href=\"https:\/\/restmec.ee\/fi\/toode\/jaatmenoukaru-kjn-k-2x60l\/\" \/>\n<meta property=\"og:locale\" content=\"fi_FI\" \/>\n<meta property=\"og:type\" content=\"article\" \/>\n<meta property=\"og:title\" content=\"J\u00e4tevaunu KJN K 2x60L - Restmec\" \/>\n<meta property=\"og:description\" content=\"vetokahvalla varustettu j\u00e4tevaunu on valmistettu laadukkaasta ruostumattomasta ter\u00e4ksest\u00e4 sis\u00e4\u00e4n mahtuu 2 muovista 60\u00a0l j\u00e4teastiaa (j\u00e4teastiat eiv\u00e4t sis\u00e4lly toimitukseen) kuulalaakereilla varustettujen...\" \/>\n<meta property=\"og:url\" content=\"https:\/\/restmec.ee\/fi\/toode\/jaatmenoukaru-kjn-k-2x60l\/\" \/>\n<meta property=\"og:site_name\" content=\"Restmec\" \/>\n<meta property=\"article:modified_time\" content=\"2024-01-17T09:12:15+00:00\" \/>\n<meta property=\"og:image\" content=\"https:\/\/restmec.ee\/wp-content\/uploads\/2023\/01\/KJN-K-2x60L-1.jpg\" \/>\n\t<meta property=\"og:image:width\" content=\"900\" \/>\n\t<meta property=\"og:image:height\" content=\"720\" \/>\n\t<meta property=\"og:image:type\" content=\"image\/jpeg\" \/>\n<meta name=\"twitter:card\" content=\"summary_large_image\" \/>\n<meta name=\"twitter:label1\" content=\"Arvioitu lukuaika\" \/>\n\t<meta name=\"twitter:data1\" content=\"1 minuutti\" \/>\n<script type=\"application\/ld+json\" class=\"yoast-schema-graph\">{\"@context\":\"https:\/\/schema.org\",\"@graph\":[{\"@type\":\"WebPage\",\"@id\":\"https:\/\/restmec.ee\/fi\/toode\/jaatmenoukaru-kjn-k-2x60l\/\",\"url\":\"https:\/\/restmec.ee\/fi\/toode\/jaatmenoukaru-kjn-k-2x60l\/\",\"name\":\"J\u00e4tevaunu KJN K 2x60L - Restmec\",\"isPartOf\":{\"@id\":\"https:\/\/restmec.ee\/en\/#website\"},\"primaryImageOfPage\":{\"@id\":\"https:\/\/restmec.ee\/fi\/toode\/jaatmenoukaru-kjn-k-2x60l\/#primaryimage\"},\"image\":{\"@id\":\"https:\/\/restmec.ee\/fi\/toode\/jaatmenoukaru-kjn-k-2x60l\/#primaryimage\"},\"thumbnailUrl\":\"https:\/\/restmec.ee\/wp-content\/uploads\/2023\/01\/KJN-K-2x60L-1.jpg\",\"datePublished\":\"2023-01-17T11:10:32+00:00\",\"dateModified\":\"2024-01-17T09:12:15+00:00\",\"breadcrumb\":{\"@id\":\"https:\/\/restmec.ee\/fi\/toode\/jaatmenoukaru-kjn-k-2x60l\/#breadcrumb\"},\"inLanguage\":\"fi\",\"potentialAction\":[{\"@type\":\"ReadAction\",\"target\":[\"https:\/\/restmec.ee\/fi\/toode\/jaatmenoukaru-kjn-k-2x60l\/\"]}]},{\"@type\":\"ImageObject\",\"inLanguage\":\"fi\",\"@id\":\"https:\/\/restmec.ee\/fi\/toode\/jaatmenoukaru-kjn-k-2x60l\/#primaryimage\",\"url\":\"https:\/\/restmec.ee\/wp-content\/uploads\/2023\/01\/KJN-K-2x60L-1.jpg\",\"contentUrl\":\"https:\/\/restmec.ee\/wp-content\/uploads\/2023\/01\/KJN-K-2x60L-1.jpg\",\"width\":900,\"height\":720},{\"@type\":\"BreadcrumbList\",\"@id\":\"https:\/\/restmec.ee\/fi\/toode\/jaatmenoukaru-kjn-k-2x60l\/#breadcrumb\",\"itemListElement\":[{\"@type\":\"ListItem\",\"position\":1,\"name\":\"Home\",\"item\":\"https:\/\/restmec.ee\/fi\/\"},{\"@type\":\"ListItem\",\"position\":2,\"name\":\"Tuotteet\",\"item\":\"https:\/\/restmec.ee\/fi\/tuotteet\/\"},{\"@type\":\"ListItem\",\"position\":3,\"name\":\"J\u00e4tevaunu KJN K 2x60L\"}]},{\"@type\":\"WebSite\",\"@id\":\"https:\/\/restmec.ee\/en\/#website\",\"url\":\"https:\/\/restmec.ee\/en\/\",\"name\":\"Restmec\",\"description\":\"Roostevabast metallist m\u00f6\u00f6bli tootmine\",\"potentialAction\":[{\"@type\":\"SearchAction\",\"target\":{\"@type\":\"EntryPoint\",\"urlTemplate\":\"https:\/\/restmec.ee\/en\/?s={search_term_string}\"},\"query-input\":{\"@type\":\"PropertyValueSpecification\",\"valueRequired\":true,\"valueName\":\"search_term_string\"}}],\"inLanguage\":\"fi\"}]}<\/script>\n<!-- \/ Yoast SEO plugin. -->","yoast_head_json":{"title":"J\u00e4tevaunu KJN K 2x60L - Restmec","robots":{"index":"index","follow":"follow","max-snippet":"max-snippet:-1","max-image-preview":"max-image-preview:large","max-video-preview":"max-video-preview:-1"},"canonical":"https:\/\/restmec.ee\/fi\/toode\/jaatmenoukaru-kjn-k-2x60l\/","og_locale":"fi_FI","og_type":"article","og_title":"J\u00e4tevaunu KJN K 2x60L - Restmec","og_description":"vetokahvalla varustettu j\u00e4tevaunu on valmistettu laadukkaasta ruostumattomasta ter\u00e4ksest\u00e4 sis\u00e4\u00e4n mahtuu 2 muovista 60\u00a0l j\u00e4teastiaa (j\u00e4teastiat eiv\u00e4t sis\u00e4lly toimitukseen) kuulalaakereilla varustettujen...","og_url":"https:\/\/restmec.ee\/fi\/toode\/jaatmenoukaru-kjn-k-2x60l\/","og_site_name":"Restmec","article_modified_time":"2024-01-17T09:12:15+00:00","og_image":[{"width":900,"height":720,"url":"https:\/\/restmec.ee\/wp-content\/uploads\/2023\/01\/KJN-K-2x60L-1.jpg","type":"image\/jpeg"}],"twitter_card":"summary_large_image","twitter_misc":{"Arvioitu lukuaika":"1 minuutti"},"schema":{"@context":"https:\/\/schema.org","@graph":[{"@type":"WebPage","@id":"https:\/\/restmec.ee\/fi\/toode\/jaatmenoukaru-kjn-k-2x60l\/","url":"https:\/\/restmec.ee\/fi\/toode\/jaatmenoukaru-kjn-k-2x60l\/","name":"J\u00e4tevaunu KJN K 2x60L - Restmec","isPartOf":{"@id":"https:\/\/restmec.ee\/en\/#website"},"primaryImageOfPage":{"@id":"https:\/\/restmec.ee\/fi\/toode\/jaatmenoukaru-kjn-k-2x60l\/#primaryimage"},"image":{"@id":"https:\/\/restmec.ee\/fi\/toode\/jaatmenoukaru-kjn-k-2x60l\/#primaryimage"},"thumbnailUrl":"https:\/\/restmec.ee\/wp-content\/uploads\/2023\/01\/KJN-K-2x60L-1.jpg","datePublished":"2023-01-17T11:10:32+00:00","dateModified":"2024-01-17T09:12:15+00:00","breadcrumb":{"@id":"https:\/\/restmec.ee\/fi\/toode\/jaatmenoukaru-kjn-k-2x60l\/#breadcrumb"},"inLanguage":"fi","potentialAction":[{"@type":"ReadAction","target":["https:\/\/restmec.ee\/fi\/toode\/jaatmenoukaru-kjn-k-2x60l\/"]}]},{"@type":"ImageObject","inLanguage":"fi","@id":"https:\/\/restmec.ee\/fi\/toode\/jaatmenoukaru-kjn-k-2x60l\/#primaryimage","url":"https:\/\/restmec.ee\/wp-content\/uploads\/2023\/01\/KJN-K-2x60L-1.jpg","contentUrl":"https:\/\/restmec.ee\/wp-content\/uploads\/2023\/01\/KJN-K-2x60L-1.jpg","width":900,"height":720},{"@type":"BreadcrumbList","@id":"https:\/\/restmec.ee\/fi\/toode\/jaatmenoukaru-kjn-k-2x60l\/#breadcrumb","itemListElement":[{"@type":"ListItem","position":1,"name":"Home","item":"https:\/\/restmec.ee\/fi\/"},{"@type":"ListItem","position":2,"name":"Tuotteet","item":"https:\/\/restmec.ee\/fi\/tuotteet\/"},{"@type":"ListItem","position":3,"name":"J\u00e4tevaunu KJN K 2x60L"}]},{"@type":"WebSite","@id":"https:\/\/restmec.ee\/en\/#website","url":"https:\/\/restmec.ee\/en\/","name":"Restmec","description":"Roostevabast metallist m\u00f6\u00f6bli tootmine","potentialAction":[{"@type":"SearchAction","target":{"@type":"EntryPoint","urlTemplate":"https:\/\/restmec.ee\/en\/?s={search_term_string}"},"query-input":{"@type":"PropertyValueSpecification","valueRequired":true,"valueName":"search_term_string"}}],"inLanguage":"fi"}]}},"_links":{"self":[{"href":"https:\/\/restmec.ee\/fi\/wp-json\/wp\/v2\/product\/10130","targetHints":{"allow":["GET"]}}],"collection":[{"href":"https:\/\/restmec.ee\/fi\/wp-json\/wp\/v2\/product"}],"about":[{"href":"https:\/\/restmec.ee\/fi\/wp-json\/wp\/v2\/types\/product"}],"replies":[{"embeddable":true,"href":"https:\/\/restmec.ee\/fi\/wp-json\/wp\/v2\/comments?post=10130"}],"wp:featuredmedia":[{"embeddable":true,"href":"https:\/\/restmec.ee\/fi\/wp-json\/wp\/v2\/media\/12532"}],"wp:attachment":[{"href":"https:\/\/restmec.ee\/fi\/wp-json\/wp\/v2\/media?parent=10130"}],"wp:term":[{"taxonomy":"product_brand","embeddable":true,"href":"https:\/\/restmec.ee\/fi\/wp-json\/wp\/v2\/product_brand?post=10130"},{"taxonomy":"product_cat","embeddable":true,"href":"https:\/\/restmec.ee\/fi\/wp-json\/wp\/v2\/product_cat?post=10130"},{"taxonomy":"product_tag","embeddable":true,"href":"https:\/\/restmec.ee\/fi\/wp-json\/wp\/v2\/product_tag?post=10130"}],"curies":[{"name":"wp","href":"https:\/\/api.w.org\/{rel}","templated":true}]}}