{"id":10029,"date":"2023-01-13T13:41:06","date_gmt":"2023-01-13T11:41:06","guid":{"rendered":"https:\/\/restmec.ee\/toode\/vahesein-ilma-elektrikarbikuta\/"},"modified":"2023-01-17T11:19:35","modified_gmt":"2023-01-17T09:19:35","slug":"vahesein-ilma-elektrikarbikuta","status":"publish","type":"product","link":"https:\/\/restmec.ee\/fi\/toode\/vahesein-ilma-elektrikarbikuta\/","title":{"rendered":"Vahesein &#8211; elektrikarbiku v\u00f5imalusega"},"content":{"rendered":"<ul>\n<li>valmistatud kvaliteetsest roostevabast terasest<\/li>\n<li>t\u00f6\u00f6tsoonide ja seadmete eraldamiseks<\/li>\n<li>vaheseinas on kanal kaablikarbikute paigaldamiseks<\/li>\n<li>kanali tagune on avatud lihtsamaks kaablite paigaldamiseks<\/li>\n<li>jalad on varustatud p\u00f5randakinnitustega<\/li>\n<\/ul>\n","protected":false},"excerpt":{"rendered":"<p>valmistatud kvaliteetsest roostevabast terasest t\u00f6\u00f6tsoonide ja seadmete eraldamiseks vaheseinas on kanal kaablikarbikute paigaldamiseks kanali tagune on avatud lihtsamaks kaablite paigaldamiseks&#8230;<\/p>\n","protected":false},"featured_media":9998,"comment_status":"closed","ping_status":"closed","template":"","meta":{"_acf_changed":false},"product_brand":[],"product_cat":[448],"product_tag":[],"class_list":{"0":"post-10029","1":"product","2":"type-product","3":"status-publish","4":"has-post-thumbnail","6":"product_cat-vaheseinad-fi","8":"first","9":"instock","10":"shipping-taxable","11":"product-type-simple"},"acf":[],"yoast_head":"<!-- This site is optimized with the Yoast SEO plugin v27.2 - https:\/\/yoast.com\/product\/yoast-seo-wordpress\/ -->\n<title>Vahesein - elektrikarbiku v\u00f5imalusega - Restmec<\/title>\n<meta name=\"robots\" content=\"index, follow, max-snippet:-1, max-image-preview:large, max-video-preview:-1\" \/>\n<link rel=\"canonical\" href=\"https:\/\/restmec.ee\/fi\/toode\/vahesein-ilma-elektrikarbikuta\/\" \/>\n<meta property=\"og:locale\" content=\"fi_FI\" \/>\n<meta property=\"og:type\" content=\"article\" \/>\n<meta property=\"og:title\" content=\"Vahesein - elektrikarbiku v\u00f5imalusega - Restmec\" \/>\n<meta property=\"og:description\" content=\"valmistatud kvaliteetsest roostevabast terasest t\u00f6\u00f6tsoonide ja seadmete eraldamiseks vaheseinas on kanal kaablikarbikute paigaldamiseks kanali tagune on avatud lihtsamaks kaablite paigaldamiseks...\" \/>\n<meta property=\"og:url\" content=\"https:\/\/restmec.ee\/fi\/toode\/vahesein-ilma-elektrikarbikuta\/\" \/>\n<meta property=\"og:site_name\" content=\"Restmec\" \/>\n<meta property=\"article:modified_time\" content=\"2023-01-17T09:19:35+00:00\" \/>\n<meta property=\"og:image\" content=\"https:\/\/restmec.ee\/wp-content\/uploads\/2023\/01\/Vahesein-kaablikanal-1.jpg\" \/>\n\t<meta property=\"og:image:width\" content=\"1920\" \/>\n\t<meta property=\"og:image:height\" content=\"1536\" \/>\n\t<meta property=\"og:image:type\" content=\"image\/jpeg\" \/>\n<meta name=\"twitter:card\" content=\"summary_large_image\" \/>\n<meta name=\"twitter:label1\" content=\"Arvioitu lukuaika\" \/>\n\t<meta name=\"twitter:data1\" content=\"1 minuutti\" \/>\n<script type=\"application\/ld+json\" class=\"yoast-schema-graph\">{\"@context\":\"https:\/\/schema.org\",\"@graph\":[{\"@type\":\"WebPage\",\"@id\":\"https:\/\/restmec.ee\/fi\/toode\/vahesein-ilma-elektrikarbikuta\/\",\"url\":\"https:\/\/restmec.ee\/fi\/toode\/vahesein-ilma-elektrikarbikuta\/\",\"name\":\"Vahesein - elektrikarbiku v\u00f5imalusega - Restmec\",\"isPartOf\":{\"@id\":\"https:\/\/restmec.ee\/en\/#website\"},\"primaryImageOfPage\":{\"@id\":\"https:\/\/restmec.ee\/fi\/toode\/vahesein-ilma-elektrikarbikuta\/#primaryimage\"},\"image\":{\"@id\":\"https:\/\/restmec.ee\/fi\/toode\/vahesein-ilma-elektrikarbikuta\/#primaryimage\"},\"thumbnailUrl\":\"https:\/\/restmec.ee\/wp-content\/uploads\/2023\/01\/Vahesein-kaablikanal-1.jpg\",\"datePublished\":\"2023-01-13T11:41:06+00:00\",\"dateModified\":\"2023-01-17T09:19:35+00:00\",\"breadcrumb\":{\"@id\":\"https:\/\/restmec.ee\/fi\/toode\/vahesein-ilma-elektrikarbikuta\/#breadcrumb\"},\"inLanguage\":\"fi\",\"potentialAction\":[{\"@type\":\"ReadAction\",\"target\":[\"https:\/\/restmec.ee\/fi\/toode\/vahesein-ilma-elektrikarbikuta\/\"]}]},{\"@type\":\"ImageObject\",\"inLanguage\":\"fi\",\"@id\":\"https:\/\/restmec.ee\/fi\/toode\/vahesein-ilma-elektrikarbikuta\/#primaryimage\",\"url\":\"https:\/\/restmec.ee\/wp-content\/uploads\/2023\/01\/Vahesein-kaablikanal-1.jpg\",\"contentUrl\":\"https:\/\/restmec.ee\/wp-content\/uploads\/2023\/01\/Vahesein-kaablikanal-1.jpg\",\"width\":1920,\"height\":1536},{\"@type\":\"BreadcrumbList\",\"@id\":\"https:\/\/restmec.ee\/fi\/toode\/vahesein-ilma-elektrikarbikuta\/#breadcrumb\",\"itemListElement\":[{\"@type\":\"ListItem\",\"position\":1,\"name\":\"Home\",\"item\":\"https:\/\/restmec.ee\/fi\/\"},{\"@type\":\"ListItem\",\"position\":2,\"name\":\"Tuotteet\",\"item\":\"https:\/\/restmec.ee\/fi\/tuotteet\/\"},{\"@type\":\"ListItem\",\"position\":3,\"name\":\"Vahesein &#8211; elektrikarbiku v\u00f5imalusega\"}]},{\"@type\":\"WebSite\",\"@id\":\"https:\/\/restmec.ee\/en\/#website\",\"url\":\"https:\/\/restmec.ee\/en\/\",\"name\":\"Restmec\",\"description\":\"Roostevabast metallist m\u00f6\u00f6bli tootmine\",\"potentialAction\":[{\"@type\":\"SearchAction\",\"target\":{\"@type\":\"EntryPoint\",\"urlTemplate\":\"https:\/\/restmec.ee\/en\/?s={search_term_string}\"},\"query-input\":{\"@type\":\"PropertyValueSpecification\",\"valueRequired\":true,\"valueName\":\"search_term_string\"}}],\"inLanguage\":\"fi\"}]}<\/script>\n<!-- \/ Yoast SEO plugin. -->","yoast_head_json":{"title":"Vahesein - elektrikarbiku v\u00f5imalusega - Restmec","robots":{"index":"index","follow":"follow","max-snippet":"max-snippet:-1","max-image-preview":"max-image-preview:large","max-video-preview":"max-video-preview:-1"},"canonical":"https:\/\/restmec.ee\/fi\/toode\/vahesein-ilma-elektrikarbikuta\/","og_locale":"fi_FI","og_type":"article","og_title":"Vahesein - elektrikarbiku v\u00f5imalusega - Restmec","og_description":"valmistatud kvaliteetsest roostevabast terasest t\u00f6\u00f6tsoonide ja seadmete eraldamiseks vaheseinas on kanal kaablikarbikute paigaldamiseks kanali tagune on avatud lihtsamaks kaablite paigaldamiseks...","og_url":"https:\/\/restmec.ee\/fi\/toode\/vahesein-ilma-elektrikarbikuta\/","og_site_name":"Restmec","article_modified_time":"2023-01-17T09:19:35+00:00","og_image":[{"width":1920,"height":1536,"url":"https:\/\/restmec.ee\/wp-content\/uploads\/2023\/01\/Vahesein-kaablikanal-1.jpg","type":"image\/jpeg"}],"twitter_card":"summary_large_image","twitter_misc":{"Arvioitu lukuaika":"1 minuutti"},"schema":{"@context":"https:\/\/schema.org","@graph":[{"@type":"WebPage","@id":"https:\/\/restmec.ee\/fi\/toode\/vahesein-ilma-elektrikarbikuta\/","url":"https:\/\/restmec.ee\/fi\/toode\/vahesein-ilma-elektrikarbikuta\/","name":"Vahesein - elektrikarbiku v\u00f5imalusega - Restmec","isPartOf":{"@id":"https:\/\/restmec.ee\/en\/#website"},"primaryImageOfPage":{"@id":"https:\/\/restmec.ee\/fi\/toode\/vahesein-ilma-elektrikarbikuta\/#primaryimage"},"image":{"@id":"https:\/\/restmec.ee\/fi\/toode\/vahesein-ilma-elektrikarbikuta\/#primaryimage"},"thumbnailUrl":"https:\/\/restmec.ee\/wp-content\/uploads\/2023\/01\/Vahesein-kaablikanal-1.jpg","datePublished":"2023-01-13T11:41:06+00:00","dateModified":"2023-01-17T09:19:35+00:00","breadcrumb":{"@id":"https:\/\/restmec.ee\/fi\/toode\/vahesein-ilma-elektrikarbikuta\/#breadcrumb"},"inLanguage":"fi","potentialAction":[{"@type":"ReadAction","target":["https:\/\/restmec.ee\/fi\/toode\/vahesein-ilma-elektrikarbikuta\/"]}]},{"@type":"ImageObject","inLanguage":"fi","@id":"https:\/\/restmec.ee\/fi\/toode\/vahesein-ilma-elektrikarbikuta\/#primaryimage","url":"https:\/\/restmec.ee\/wp-content\/uploads\/2023\/01\/Vahesein-kaablikanal-1.jpg","contentUrl":"https:\/\/restmec.ee\/wp-content\/uploads\/2023\/01\/Vahesein-kaablikanal-1.jpg","width":1920,"height":1536},{"@type":"BreadcrumbList","@id":"https:\/\/restmec.ee\/fi\/toode\/vahesein-ilma-elektrikarbikuta\/#breadcrumb","itemListElement":[{"@type":"ListItem","position":1,"name":"Home","item":"https:\/\/restmec.ee\/fi\/"},{"@type":"ListItem","position":2,"name":"Tuotteet","item":"https:\/\/restmec.ee\/fi\/tuotteet\/"},{"@type":"ListItem","position":3,"name":"Vahesein &#8211; elektrikarbiku v\u00f5imalusega"}]},{"@type":"WebSite","@id":"https:\/\/restmec.ee\/en\/#website","url":"https:\/\/restmec.ee\/en\/","name":"Restmec","description":"Roostevabast metallist m\u00f6\u00f6bli tootmine","potentialAction":[{"@type":"SearchAction","target":{"@type":"EntryPoint","urlTemplate":"https:\/\/restmec.ee\/en\/?s={search_term_string}"},"query-input":{"@type":"PropertyValueSpecification","valueRequired":true,"valueName":"search_term_string"}}],"inLanguage":"fi"}]}},"_links":{"self":[{"href":"https:\/\/restmec.ee\/fi\/wp-json\/wp\/v2\/product\/10029","targetHints":{"allow":["GET"]}}],"collection":[{"href":"https:\/\/restmec.ee\/fi\/wp-json\/wp\/v2\/product"}],"about":[{"href":"https:\/\/restmec.ee\/fi\/wp-json\/wp\/v2\/types\/product"}],"replies":[{"embeddable":true,"href":"https:\/\/restmec.ee\/fi\/wp-json\/wp\/v2\/comments?post=10029"}],"wp:featuredmedia":[{"embeddable":true,"href":"https:\/\/restmec.ee\/fi\/wp-json\/wp\/v2\/media\/9998"}],"wp:attachment":[{"href":"https:\/\/restmec.ee\/fi\/wp-json\/wp\/v2\/media?parent=10029"}],"wp:term":[{"taxonomy":"product_brand","embeddable":true,"href":"https:\/\/restmec.ee\/fi\/wp-json\/wp\/v2\/product_brand?post=10029"},{"taxonomy":"product_cat","embeddable":true,"href":"https:\/\/restmec.ee\/fi\/wp-json\/wp\/v2\/product_cat?post=10029"},{"taxonomy":"product_tag","embeddable":true,"href":"https:\/\/restmec.ee\/fi\/wp-json\/wp\/v2\/product_tag?post=10029"}],"curies":[{"name":"wp","href":"https:\/\/api.w.org\/{rel}","templated":true}]}}