{"id":4316,"date":"2019-10-29T13:05:51","date_gmt":"2019-10-29T11:05:51","guid":{"rendered":"https:\/\/restmec.ee\/?page_id=4316"},"modified":"2024-04-26T09:49:26","modified_gmt":"2024-04-26T06:49:26","slug":"restmecist-fin","status":"publish","type":"page","link":"https:\/\/restmec.ee\/fi\/restmecist-fin\/","title":{"rendered":"Restmecist\u00e4"},"content":{"rendered":"<p>Restmec O\u00dc on yritys, jolla on pitk\u00e4aikaiset perinteet ja kokemukset. K\u00e4yt\u00e4mme nykyaikaisia teknologisia ratkaisuja ruostumattomasta ter\u00e4ksest\u00e4 kalusteiden valmistamiseksi. Laatuamme arvostavat korkeasti niin virolaiset kuin ulkomaisetkin tilaajat. Viemme tuotteitamme l\u00e4hinn\u00e4 Ruotsiin, Suomeen, Tanskaan, Liettuaan ja Latviaan.<\/p>\n<p>Olemme erikoistuneet kylm\u00e4- ja kuumalaitteiden valmistamiseen suurkeitti\u00f6ille, myym\u00e4l\u00f6ille, kahviloille, leipomoille ja kukkakauppiaille. Lis\u00e4ksi valmistamme ruostumattomasta ter\u00e4ksest\u00e4 ty\u00f6p\u00f6yti\u00e4, allasp\u00f6yti\u00e4, hyllyj\u00e4 sek\u00e4 erilaisia j\u00e4nnitt\u00e4vi\u00e4 ratkaisuja keitti\u00f6n laitteille.<\/p>\n<p>Ammattitaitoinen tietotaitomme ja jatkuvasti uudistuva teknologia mahdollistavat meille valmistaa korkeatasoisia kalusteita ja tarjota parhaita ratkaisuja. Yhteisty\u00f6ss\u00e4 asiantuntijoidemme kanssa autamme teit\u00e4 l\u00f6yt\u00e4m\u00e4\u00e4n ratkaisuja my\u00f6s kaikkein monimutkaisimmille projekteille.<\/p>\n","protected":false},"excerpt":{"rendered":"<p>Restmec O\u00dc on yritys, jolla on pitk\u00e4aikaiset perinteet ja kokemukset. K\u00e4yt\u00e4mme nykyaikaisia teknologisia ratkaisuja ruostumattomasta ter\u00e4ksest\u00e4 kalusteiden valmistamiseksi. Laatuamme arvostavat&#8230;<\/p>\n","protected":false},"author":1,"featured_media":0,"parent":0,"menu_order":20,"comment_status":"closed","ping_status":"closed","template":"","meta":{"_acf_changed":false,"footnotes":""},"class_list":["post-4316","page","type-page","status-publish","hentry"],"acf":[],"yoast_head":"<!-- This site is optimized with the Yoast SEO plugin v27.2 - https:\/\/yoast.com\/product\/yoast-seo-wordpress\/ -->\n<title>Restmecist\u00e4 - Restmec<\/title>\n<meta name=\"robots\" content=\"index, follow, max-snippet:-1, max-image-preview:large, max-video-preview:-1\" \/>\n<link rel=\"canonical\" href=\"https:\/\/restmec.ee\/fi\/restmecist-fin\/\" \/>\n<meta property=\"og:locale\" content=\"fi_FI\" \/>\n<meta property=\"og:type\" content=\"article\" \/>\n<meta property=\"og:title\" content=\"Restmecist\u00e4 - Restmec\" \/>\n<meta property=\"og:description\" content=\"Restmec O\u00dc on yritys, jolla on pitk\u00e4aikaiset perinteet ja kokemukset. K\u00e4yt\u00e4mme nykyaikaisia teknologisia ratkaisuja ruostumattomasta ter\u00e4ksest\u00e4 kalusteiden valmistamiseksi. Laatuamme arvostavat...\" \/>\n<meta property=\"og:url\" content=\"https:\/\/restmec.ee\/fi\/restmecist-fin\/\" \/>\n<meta property=\"og:site_name\" content=\"Restmec\" \/>\n<meta property=\"article:modified_time\" content=\"2024-04-26T06:49:26+00:00\" \/>\n<meta name=\"twitter:card\" content=\"summary_large_image\" \/>\n<meta name=\"twitter:label1\" content=\"Arvioitu lukuaika\" \/>\n\t<meta name=\"twitter:data1\" content=\"1 minuutti\" \/>\n<script type=\"application\/ld+json\" class=\"yoast-schema-graph\">{\"@context\":\"https:\/\/schema.org\",\"@graph\":[{\"@type\":\"WebPage\",\"@id\":\"https:\/\/restmec.ee\/fi\/restmecist-fin\/\",\"url\":\"https:\/\/restmec.ee\/fi\/restmecist-fin\/\",\"name\":\"Restmecist\u00e4 - Restmec\",\"isPartOf\":{\"@id\":\"https:\/\/restmec.ee\/en\/#website\"},\"datePublished\":\"2019-10-29T11:05:51+00:00\",\"dateModified\":\"2024-04-26T06:49:26+00:00\",\"breadcrumb\":{\"@id\":\"https:\/\/restmec.ee\/fi\/restmecist-fin\/#breadcrumb\"},\"inLanguage\":\"fi\",\"potentialAction\":[{\"@type\":\"ReadAction\",\"target\":[\"https:\/\/restmec.ee\/fi\/restmecist-fin\/\"]}]},{\"@type\":\"BreadcrumbList\",\"@id\":\"https:\/\/restmec.ee\/fi\/restmecist-fin\/#breadcrumb\",\"itemListElement\":[{\"@type\":\"ListItem\",\"position\":1,\"name\":\"Home\",\"item\":\"https:\/\/restmec.ee\/fi\/\"},{\"@type\":\"ListItem\",\"position\":2,\"name\":\"Restmecist\u00e4\"}]},{\"@type\":\"WebSite\",\"@id\":\"https:\/\/restmec.ee\/en\/#website\",\"url\":\"https:\/\/restmec.ee\/en\/\",\"name\":\"Restmec\",\"description\":\"Roostevabast metallist m\u00f6\u00f6bli tootmine\",\"potentialAction\":[{\"@type\":\"SearchAction\",\"target\":{\"@type\":\"EntryPoint\",\"urlTemplate\":\"https:\/\/restmec.ee\/en\/?s={search_term_string}\"},\"query-input\":{\"@type\":\"PropertyValueSpecification\",\"valueRequired\":true,\"valueName\":\"search_term_string\"}}],\"inLanguage\":\"fi\"}]}<\/script>\n<!-- \/ Yoast SEO plugin. -->","yoast_head_json":{"title":"Restmecist\u00e4 - Restmec","robots":{"index":"index","follow":"follow","max-snippet":"max-snippet:-1","max-image-preview":"max-image-preview:large","max-video-preview":"max-video-preview:-1"},"canonical":"https:\/\/restmec.ee\/fi\/restmecist-fin\/","og_locale":"fi_FI","og_type":"article","og_title":"Restmecist\u00e4 - Restmec","og_description":"Restmec O\u00dc on yritys, jolla on pitk\u00e4aikaiset perinteet ja kokemukset. K\u00e4yt\u00e4mme nykyaikaisia teknologisia ratkaisuja ruostumattomasta ter\u00e4ksest\u00e4 kalusteiden valmistamiseksi. Laatuamme arvostavat...","og_url":"https:\/\/restmec.ee\/fi\/restmecist-fin\/","og_site_name":"Restmec","article_modified_time":"2024-04-26T06:49:26+00:00","twitter_card":"summary_large_image","twitter_misc":{"Arvioitu lukuaika":"1 minuutti"},"schema":{"@context":"https:\/\/schema.org","@graph":[{"@type":"WebPage","@id":"https:\/\/restmec.ee\/fi\/restmecist-fin\/","url":"https:\/\/restmec.ee\/fi\/restmecist-fin\/","name":"Restmecist\u00e4 - Restmec","isPartOf":{"@id":"https:\/\/restmec.ee\/en\/#website"},"datePublished":"2019-10-29T11:05:51+00:00","dateModified":"2024-04-26T06:49:26+00:00","breadcrumb":{"@id":"https:\/\/restmec.ee\/fi\/restmecist-fin\/#breadcrumb"},"inLanguage":"fi","potentialAction":[{"@type":"ReadAction","target":["https:\/\/restmec.ee\/fi\/restmecist-fin\/"]}]},{"@type":"BreadcrumbList","@id":"https:\/\/restmec.ee\/fi\/restmecist-fin\/#breadcrumb","itemListElement":[{"@type":"ListItem","position":1,"name":"Home","item":"https:\/\/restmec.ee\/fi\/"},{"@type":"ListItem","position":2,"name":"Restmecist\u00e4"}]},{"@type":"WebSite","@id":"https:\/\/restmec.ee\/en\/#website","url":"https:\/\/restmec.ee\/en\/","name":"Restmec","description":"Roostevabast metallist m\u00f6\u00f6bli tootmine","potentialAction":[{"@type":"SearchAction","target":{"@type":"EntryPoint","urlTemplate":"https:\/\/restmec.ee\/en\/?s={search_term_string}"},"query-input":{"@type":"PropertyValueSpecification","valueRequired":true,"valueName":"search_term_string"}}],"inLanguage":"fi"}]}},"_links":{"self":[{"href":"https:\/\/restmec.ee\/fi\/wp-json\/wp\/v2\/pages\/4316","targetHints":{"allow":["GET"]}}],"collection":[{"href":"https:\/\/restmec.ee\/fi\/wp-json\/wp\/v2\/pages"}],"about":[{"href":"https:\/\/restmec.ee\/fi\/wp-json\/wp\/v2\/types\/page"}],"author":[{"embeddable":true,"href":"https:\/\/restmec.ee\/fi\/wp-json\/wp\/v2\/users\/1"}],"replies":[{"embeddable":true,"href":"https:\/\/restmec.ee\/fi\/wp-json\/wp\/v2\/comments?post=4316"}],"version-history":[{"count":2,"href":"https:\/\/restmec.ee\/fi\/wp-json\/wp\/v2\/pages\/4316\/revisions"}],"predecessor-version":[{"id":4384,"href":"https:\/\/restmec.ee\/fi\/wp-json\/wp\/v2\/pages\/4316\/revisions\/4384"}],"wp:attachment":[{"href":"https:\/\/restmec.ee\/fi\/wp-json\/wp\/v2\/media?parent=4316"}],"curies":[{"name":"wp","href":"https:\/\/api.w.org\/{rel}","templated":true}]}}